{"id":129,"date":"2021-12-09T14:57:35","date_gmt":"2021-12-09T14:57:35","guid":{"rendered":"http:\/\/konyvtar.oditszapc.hu\/?page_id=129"},"modified":"2021-12-14T20:47:29","modified_gmt":"2021-12-14T20:47:29","slug":"ebsco","status":"publish","type":"page","link":"http:\/\/konyvtar-idfo.uni-bge.hu\/en\/adatbazisok\/ebsco\/","title":{"rendered":"EBSCO"},"content":{"rendered":"<h2 class=\"wp-block-heading\">EBSCO<\/h2>\n\n\n\n<div style=\"height:20px\" aria-hidden=\"true\" class=\"wp-block-spacer\"><\/div>\n\n\n\n<h4 class=\"wp-block-heading\"><strong>Academic Search Complete<\/strong><\/h4>\n\n\n\n<p>Az Academic Search Complete egy multidiszciplin\u00e1ris adatb\u00e1zis, sz\u00e1mos foly\u00f3iratot, k\u00f6nyvet, jelent\u00e9st \u00e9s egy\u00e9b periodikumot tartalmaz. Legink\u00e1bb kutat\u00f3knak aj\u00e1nlj\u00e1k, t\u00f6bb mint 10 ezer, teljes sz\u00f6veg\u0171 foly\u00f3iratot tartalmaz (ezeknek k\u00f6r\u00fclbel\u00fcl a fele lektor\u00e1lt). Az el\u00e9rhet\u0151 tartalmakr\u00f3l list\u00e1t k\u00f6z\u00f6l az oldal. A kapcsolattart\u00e1s \u00e9rdek\u00e9ben megtal\u00e1lhat\u00f3k a szerz\u0151k el\u00e9rhet\u0151s\u00e9gei \u00e9s a kutat\u00e1si ter\u00fclet\u00fck is.<\/p>\n\n\n\n<div style=\"height:10px\" aria-hidden=\"true\" class=\"wp-block-spacer\"><\/div>\n\n\n\n<h4 class=\"wp-block-heading\"><strong>Econlit Index<\/strong><\/h4>\n\n\n\n<p>Az Econlit Index a gazdas\u00e1gi kutat\u00e1sok ter\u00fclet\u00e9n ir\u00e1nyad\u00f3 index, amelyet az American Economic Association k\u00e9sz\u00edt. T\u00f6bb mint 1.5 milli\u00f3 rekordot tartalmaz, eg\u00e9szen 1886-ig visszamen\u0151 adatok k\u00f6z\u00f6tt kereshet\u00fcnk, \u00f6sszesen 74 orsz\u00e1g szerepel az adatb\u00e1zisban. A hivatkoz\u00e1sokat \u00e9s az absztraktokat lektor\u00e1lt foly\u00f3iratokb\u00f3l, k\u00f6nyvekb\u0151l, kutat\u00e1si anyagokb\u00f3l, konferenciakiadv\u00e1nyokb\u00f3l, k\u00f6nyvaj\u00e1nl\u00f3kb\u00f3l indexeli. T\u00f6bb t\u00e9mak\u00f6r is szerepel: orsz\u00e1gelemz\u00e9sek, t\u0151kepiacok, gazdas\u00e1gi el\u0151rejelz\u00e9sek, korm\u00e1nyrendeletek, stb.<\/p>\n\n\n\n<p><a href=\"http:\/\/web.a.ebscohost.com\/ehost\/search\/basic?vid=2&amp;sid=f7195e21-035f-4e7c-ac26-38c131695a75%40sdc-v-sessmgr03\" target=\"_blank\" rel=\"noreferrer noopener\">Enter the database<\/a> (access from library's IP adress or VPN remote access)<\/p>","protected":false},"excerpt":{"rendered":"<p>EBSCO Academic Search Complete Az Academic Search Complete egy multidiszciplin\u00e1ris adatb\u00e1zis, sz\u00e1mos foly\u00f3iratot, k\u00f6nyvet, jelent\u00e9st \u00e9s egy\u00e9b periodikumot tartalmaz. Legink\u00e1bb kutat\u00f3knak aj\u00e1nlj\u00e1k, t\u00f6bb mint 10 ezer, teljes sz\u00f6veg\u0171 foly\u00f3iratot tartalmaz (ezeknek k\u00f6r\u00fclbel\u00fcl a fele lektor\u00e1lt). Az el\u00e9rhet\u0151 tartalmakr\u00f3l list\u00e1t k\u00f6z\u00f6l az oldal. A kapcsolattart\u00e1s \u00e9rdek\u00e9ben megtal\u00e1lhat\u00f3k a szerz\u0151k el\u00e9rhet\u0151s\u00e9gei \u00e9s a kutat\u00e1si ter\u00fclet\u00fck is. Econlit [&hellip;]<\/p>\n","protected":false},"author":1,"featured_media":0,"parent":123,"menu_order":0,"comment_status":"closed","ping_status":"closed","template":"","meta":{"ngg_post_thumbnail":0,"footnotes":""},"class_list":["post-129","page","type-page","status-publish","hentry"],"_links":{"self":[{"href":"http:\/\/konyvtar-idfo.uni-bge.hu\/en\/wp-json\/wp\/v2\/pages\/129","targetHints":{"allow":["GET"]}}],"collection":[{"href":"http:\/\/konyvtar-idfo.uni-bge.hu\/en\/wp-json\/wp\/v2\/pages"}],"about":[{"href":"http:\/\/konyvtar-idfo.uni-bge.hu\/en\/wp-json\/wp\/v2\/types\/page"}],"author":[{"embeddable":true,"href":"http:\/\/konyvtar-idfo.uni-bge.hu\/en\/wp-json\/wp\/v2\/users\/1"}],"replies":[{"embeddable":true,"href":"http:\/\/konyvtar-idfo.uni-bge.hu\/en\/wp-json\/wp\/v2\/comments?post=129"}],"version-history":[{"count":3,"href":"http:\/\/konyvtar-idfo.uni-bge.hu\/en\/wp-json\/wp\/v2\/pages\/129\/revisions"}],"predecessor-version":[{"id":416,"href":"http:\/\/konyvtar-idfo.uni-bge.hu\/en\/wp-json\/wp\/v2\/pages\/129\/revisions\/416"}],"up":[{"embeddable":true,"href":"http:\/\/konyvtar-idfo.uni-bge.hu\/en\/wp-json\/wp\/v2\/pages\/123"}],"wp:attachment":[{"href":"http:\/\/konyvtar-idfo.uni-bge.hu\/en\/wp-json\/wp\/v2\/media?parent=129"}],"curies":[{"name":"wp","href":"https:\/\/api.w.org\/{rel}","templated":true}]}}