{"id":135,"date":"2021-12-09T14:58:17","date_gmt":"2021-12-09T14:58:17","guid":{"rendered":"http:\/\/konyvtar.oditszapc.hu\/?page_id=135"},"modified":"2021-12-14T20:51:29","modified_gmt":"2021-12-14T20:51:29","slug":"emis","status":"publish","type":"page","link":"http:\/\/konyvtar-idfo.uni-bge.hu\/en\/adatbazisok\/emis\/","title":{"rendered":"EMIS"},"content":{"rendered":"<h2 class=\"wp-block-heading\">EMIS<\/h2>\n\n\n\n<div style=\"height:20px\" aria-hidden=\"true\" class=\"wp-block-spacer\"><\/div>\n\n\n\n<p>The EMIS database provides an in-depth overview of emerging countries, companies and industries.<\/p>\n\n\n\n<p><a href=\"https:\/\/www.emis.com\/php\/dashboard\/index\" target=\"_blank\" rel=\"noreferrer noopener\">Enter the database<\/a>&nbsp;(access from library's IP adress or VPN remote access)<\/p>","protected":false},"excerpt":{"rendered":"<p>EMIS Az&nbsp;EMIS adatb\u00e1zisa m\u00e9ly \u00e1ttekint\u00e9st ny\u00fajt a felt\u00f6rekv\u0151 orsz\u00e1gokr\u00f3l, v\u00e1llalatokr\u00f3l \u00e1s ipar\u00e1gakr\u00f3l. T\u00f6bbek k\u00f6z\u00f6tt megtal\u00e1lhat\u00f3ak statisztik\u00e1k, \u00f6sszehasonl\u00edt\u00e1sok, elemz\u00e9sek, jelent\u00e9sek, c\u00e9grangsorok, trendek, h\u00edrek, napilapok t\u00e9m\u00e1kra, ter\u00fcletekre lebontva, m\u00e9g a keresend\u0151 tartalom nyelv\u00e9t is kiv\u00e1laszthatjuk. Az egyetemi el\u0151fizet\u00e9s a K\u00f6z\u00e9p- \u00e9s D\u00e9lkelet-Eur\u00f3pa orsz\u00e1gaihoz biztos\u00edt hozz\u00e1f\u00e9r\u00e9st. Bel\u00e9p\u00e9s az adatb\u00e1zisba&nbsp;(el\u00e9r\u00e9s: k\u00f6nyvt\u00e1ri IP-c\u00edmr\u0151l)<\/p>","protected":false},"author":1,"featured_media":0,"parent":123,"menu_order":0,"comment_status":"closed","ping_status":"closed","template":"","meta":{"ngg_post_thumbnail":0,"footnotes":""},"class_list":["post-135","page","type-page","status-publish","hentry"],"_links":{"self":[{"href":"http:\/\/konyvtar-idfo.uni-bge.hu\/en\/wp-json\/wp\/v2\/pages\/135","targetHints":{"allow":["GET"]}}],"collection":[{"href":"http:\/\/konyvtar-idfo.uni-bge.hu\/en\/wp-json\/wp\/v2\/pages"}],"about":[{"href":"http:\/\/konyvtar-idfo.uni-bge.hu\/en\/wp-json\/wp\/v2\/types\/page"}],"author":[{"embeddable":true,"href":"http:\/\/konyvtar-idfo.uni-bge.hu\/en\/wp-json\/wp\/v2\/users\/1"}],"replies":[{"embeddable":true,"href":"http:\/\/konyvtar-idfo.uni-bge.hu\/en\/wp-json\/wp\/v2\/comments?post=135"}],"version-history":[{"count":4,"href":"http:\/\/konyvtar-idfo.uni-bge.hu\/en\/wp-json\/wp\/v2\/pages\/135\/revisions"}],"predecessor-version":[{"id":423,"href":"http:\/\/konyvtar-idfo.uni-bge.hu\/en\/wp-json\/wp\/v2\/pages\/135\/revisions\/423"}],"up":[{"embeddable":true,"href":"http:\/\/konyvtar-idfo.uni-bge.hu\/en\/wp-json\/wp\/v2\/pages\/123"}],"wp:attachment":[{"href":"http:\/\/konyvtar-idfo.uni-bge.hu\/en\/wp-json\/wp\/v2\/media?parent=135"}],"curies":[{"name":"wp","href":"https:\/\/api.w.org\/{rel}","templated":true}]}}