{"id":145,"date":"2021-12-09T14:59:36","date_gmt":"2021-12-09T14:59:36","guid":{"rendered":"http:\/\/konyvtar.oditszapc.hu\/?page_id=145"},"modified":"2023-01-23T15:53:48","modified_gmt":"2023-01-23T14:53:48","slug":"sage","status":"publish","type":"page","link":"http:\/\/konyvtar-idfo.uni-bge.hu\/en\/adatbazisok\/sage\/","title":{"rendered":"SAGE"},"content":{"rendered":"<h2 class=\"wp-block-heading\">SAGE Journals<\/h2>\n\n\n\n<p>The following magazines published by SAGE Journals are available on our library's computers:<\/p>\n\n\n\n<p>Cornell Hospitality Quarterly<br>Journal of Hospitality and Tourism Research<br>Journal of Travel Research<br>Journal of Vacation Marketing<br>Tourist Studies<\/p>\n\n\n\n<p><br><a href=\"http:\/\/online.sagepub.com\/\" target=\"_blank\" rel=\"noreferrer noopener\">Enter the database<\/a>&nbsp;(access from library computers or VPN remote access)<\/p>","protected":false},"excerpt":{"rendered":"<p>SAGE Journals A SAGE Journals \u00e1ltal kiadott foly\u00f3iratok k\u00f6z\u00fcl az al\u00e1bbiak \u00e9rhet\u0151ek el K\u00f6nyvt\u00e1runk g\u00e9pein: Cornell Hospitality QuarterlyJournal of Hospitality and Tourism ResearchJournal of Travel ResearchJournal of Vacation MarketingTourist Studies Bel\u00e9p\u00e9s az adatb\u00e1zisba&nbsp;(el\u00e9r\u00e9s: k\u00f6nyvt\u00e1ri IP c\u00edmr\u0151l)<\/p>","protected":false},"author":1,"featured_media":0,"parent":123,"menu_order":0,"comment_status":"closed","ping_status":"closed","template":"","meta":{"ngg_post_thumbnail":0,"footnotes":""},"class_list":["post-145","page","type-page","status-publish","hentry"],"_links":{"self":[{"href":"http:\/\/konyvtar-idfo.uni-bge.hu\/en\/wp-json\/wp\/v2\/pages\/145","targetHints":{"allow":["GET"]}}],"collection":[{"href":"http:\/\/konyvtar-idfo.uni-bge.hu\/en\/wp-json\/wp\/v2\/pages"}],"about":[{"href":"http:\/\/konyvtar-idfo.uni-bge.hu\/en\/wp-json\/wp\/v2\/types\/page"}],"author":[{"embeddable":true,"href":"http:\/\/konyvtar-idfo.uni-bge.hu\/en\/wp-json\/wp\/v2\/users\/1"}],"replies":[{"embeddable":true,"href":"http:\/\/konyvtar-idfo.uni-bge.hu\/en\/wp-json\/wp\/v2\/comments?post=145"}],"version-history":[{"count":3,"href":"http:\/\/konyvtar-idfo.uni-bge.hu\/en\/wp-json\/wp\/v2\/pages\/145\/revisions"}],"predecessor-version":[{"id":864,"href":"http:\/\/konyvtar-idfo.uni-bge.hu\/en\/wp-json\/wp\/v2\/pages\/145\/revisions\/864"}],"up":[{"embeddable":true,"href":"http:\/\/konyvtar-idfo.uni-bge.hu\/en\/wp-json\/wp\/v2\/pages\/123"}],"wp:attachment":[{"href":"http:\/\/konyvtar-idfo.uni-bge.hu\/en\/wp-json\/wp\/v2\/media?parent=145"}],"curies":[{"name":"wp","href":"https:\/\/api.w.org\/{rel}","templated":true}]}}