{"id":147,"date":"2021-12-09T15:09:34","date_gmt":"2021-12-09T15:09:34","guid":{"rendered":"http:\/\/konyvtar.oditszapc.hu\/?page_id=147"},"modified":"2023-01-23T15:55:56","modified_gmt":"2023-01-23T14:55:56","slug":"science-direct","status":"publish","type":"page","link":"http:\/\/konyvtar-idfo.uni-bge.hu\/en\/adatbazisok\/science-direct\/","title":{"rendered":"Science Direct"},"content":{"rendered":"<h2 class=\"wp-block-heading\">Science Direct<\/h2>\n\n\n\n<p>Science Direct is a full-text database service provided by Elsevier. Its main profile is the distribution of scientific, technical and medical journals in print and electronic form. It provides full-text access to electronic versions of self-published paper magazines and e-journals of other publishers. Main fields of science: Natural sciences, Medicine, Engineering, Energy and technology, Social sciences<\/p>\n\n\n\n<p><a rel=\"noreferrer noopener\" href=\"http:\/\/www.sciencedirect.com\/\" target=\"_blank\">Enter the database<\/a>\u00a0(access from library computers or VPN remote access)<\/p>\n\n\n\n<h2 class=\"wp-block-heading\">SCOPUS<\/h2>\n\n\n\n<p>Scopus is the largest abstract and citation database of the peer-reviewed literature, which, combined with intelligent tools, enables research to be tracked, analyzed and displayed. The database is accessible to applying institutions thanks to the T\u00c1MOP 4.2.5 priority project won by Educatio T\u00e1rsadalmi Szolg\u00e1ltat\u00f3 Nonprofit Kft.<\/p>\n\n\n\n<p><a href=\"https:\/\/www.scopus.com\/\" target=\"_blank\" rel=\"noreferrer noopener\">Enter the database<\/a>&nbsp;(el\u00e9r\u00e9s: a&nbsp; k\u00f6nyvt\u00e1r g\u00e9peir\u0151l)<\/p>","protected":false},"excerpt":{"rendered":"<p>Science Direct A ScienceDirect az Elsevier kiad\u00f3 full-text adatb\u00e1zis szolg\u00e1ltat\u00e1sa. F\u0151 profilja a term\u00e9szettudom\u00e1nyos, m\u0171szaki \u00e9s orvosi foly\u00f3iratok nyomtatott \u00e9s elektronikus form\u00e1ban val\u00f3 terjeszt\u00e9se. Teljes sz\u00f6veg\u0171 hozz\u00e1f\u00e9r\u00e9st biztos\u00edt a saj\u00e1t kiad\u00e1s\u00fa pap\u00edralap\u00fa foly\u00f3iratok elektronikus v\u00e1ltozat\u00e1hoz, illetve m\u00e1s kiad\u00f3k e-foly\u00f3irataihoz. F\u0151bb tudom\u00e1nyter\u00fcletek: Term\u00e9szettudom\u00e1nyok, Orvostudom\u00e1ny, M\u0171szaki tudom\u00e1nyok, Energia \u00e9s Technol\u00f3gia, T\u00e1rsadalomtudom\u00e1nyok Bel\u00e9p\u00e9s az adatb\u00e1zisba\u00a0(el\u00e9r\u00e9s: k\u00f6nyvt\u00e1ri IP c\u00edmr\u0151l) [&hellip;]<\/p>","protected":false},"author":1,"featured_media":0,"parent":123,"menu_order":0,"comment_status":"closed","ping_status":"closed","template":"","meta":{"ngg_post_thumbnail":0,"footnotes":""},"class_list":["post-147","page","type-page","status-publish","hentry"],"_links":{"self":[{"href":"http:\/\/konyvtar-idfo.uni-bge.hu\/en\/wp-json\/wp\/v2\/pages\/147","targetHints":{"allow":["GET"]}}],"collection":[{"href":"http:\/\/konyvtar-idfo.uni-bge.hu\/en\/wp-json\/wp\/v2\/pages"}],"about":[{"href":"http:\/\/konyvtar-idfo.uni-bge.hu\/en\/wp-json\/wp\/v2\/types\/page"}],"author":[{"embeddable":true,"href":"http:\/\/konyvtar-idfo.uni-bge.hu\/en\/wp-json\/wp\/v2\/users\/1"}],"replies":[{"embeddable":true,"href":"http:\/\/konyvtar-idfo.uni-bge.hu\/en\/wp-json\/wp\/v2\/comments?post=147"}],"version-history":[{"count":3,"href":"http:\/\/konyvtar-idfo.uni-bge.hu\/en\/wp-json\/wp\/v2\/pages\/147\/revisions"}],"predecessor-version":[{"id":870,"href":"http:\/\/konyvtar-idfo.uni-bge.hu\/en\/wp-json\/wp\/v2\/pages\/147\/revisions\/870"}],"up":[{"embeddable":true,"href":"http:\/\/konyvtar-idfo.uni-bge.hu\/en\/wp-json\/wp\/v2\/pages\/123"}],"wp:attachment":[{"href":"http:\/\/konyvtar-idfo.uni-bge.hu\/en\/wp-json\/wp\/v2\/media?parent=147"}],"curies":[{"name":"wp","href":"https:\/\/api.w.org\/{rel}","templated":true}]}}