{"id":149,"date":"2021-12-09T15:09:53","date_gmt":"2021-12-09T15:09:53","guid":{"rendered":"http:\/\/konyvtar.oditszapc.hu\/?page_id=149"},"modified":"2023-09-19T16:16:19","modified_gmt":"2023-09-19T14:16:19","slug":"springerlink","status":"publish","type":"page","link":"http:\/\/konyvtar-idfo.uni-bge.hu\/en\/adatbazisok\/springerlink\/","title":{"rendered":"SpringerLink"},"content":{"rendered":"<h2 class=\"wp-block-heading\"><strong>SpringerLink<\/strong><\/h2>\n\n\n\n<p>SpringerLink is one of the most visited online scientific platforms, which is partly due to the daily addition of new and high quality contents: academic journals, handbooks, conference presentations, monographs, protocols and much more. Content is provided with hyperlinks, search results, social bookmarks, and more recently semantic links.<\/p>\n\n\n\n<p>The database contains more than 50 E-books about tourism. The list of the books on this\u00a0<a rel=\"noreferrer noopener\" href=\"http:\/\/konyvtar-idfo.uni-bge.hu\/wp-content\/uploads\/2023\/09\/e-konyv_Springer.pdf\" data-type=\"URL\" data-id=\"http:\/\/konyvtar-idfo.uni-bge.hu\/wp-content\/uploads\/2023\/09\/e-konyv_Springer.pdf\" target=\"_blank\">link<\/a>\u00a0\u00e9rhet\u0151 el (utolj\u00e1ra friss\u00edtve: 2023.09.19.).<\/p>\n\n\n\n<p><a href=\"http:\/\/link.springer.com\/\" target=\"_blank\" rel=\"noreferrer noopener\">Enter the database<\/a>&nbsp;(access from library computers or VPN remote access)<\/p>","protected":false},"excerpt":{"rendered":"<p>SpringerLink A SpringerLink az egyik legl\u00e1togatottabb online tudom\u00e1nyos platform, amely r\u00e9szben annak k\u00f6sz\u00f6nhet\u0151, hogy mindennap \u00faj, min\u0151s\u00e9gi tartalmakkal b\u0151v\u00edtik: tudom\u00e1nyos t\u00e1rsas\u00e1gok foly\u00f3irataival, k\u00e9zik\u00f6nyvekkel, konferencia el\u0151ad\u00e1sokkal, monogr\u00e1fi\u00e1kkal, protokollokkal \u00e9s sok m\u00e1ssal. A tartalmakat hivatkoz\u00e1sok linkjeivel, keres\u00e9si tal\u00e1latokkal, k\u00f6z\u00f6ss\u00e9gi k\u00f6nyvjelz\u0151kkel \u00e9s \u00fajabban szemantikai linkekkel l\u00e1tj\u00e1k el. Az adatb\u00e1zisban t\u00f6bb mint 50 e-k\u00f6nyv \u00e9rhet\u0151 el turizmus t\u00e9m\u00e1ban. A [&hellip;]<\/p>\n","protected":false},"author":1,"featured_media":0,"parent":123,"menu_order":0,"comment_status":"closed","ping_status":"closed","template":"","meta":{"ngg_post_thumbnail":0,"footnotes":""},"class_list":["post-149","page","type-page","status-publish","hentry"],"_links":{"self":[{"href":"http:\/\/konyvtar-idfo.uni-bge.hu\/en\/wp-json\/wp\/v2\/pages\/149","targetHints":{"allow":["GET"]}}],"collection":[{"href":"http:\/\/konyvtar-idfo.uni-bge.hu\/en\/wp-json\/wp\/v2\/pages"}],"about":[{"href":"http:\/\/konyvtar-idfo.uni-bge.hu\/en\/wp-json\/wp\/v2\/types\/page"}],"author":[{"embeddable":true,"href":"http:\/\/konyvtar-idfo.uni-bge.hu\/en\/wp-json\/wp\/v2\/users\/1"}],"replies":[{"embeddable":true,"href":"http:\/\/konyvtar-idfo.uni-bge.hu\/en\/wp-json\/wp\/v2\/comments?post=149"}],"version-history":[{"count":5,"href":"http:\/\/konyvtar-idfo.uni-bge.hu\/en\/wp-json\/wp\/v2\/pages\/149\/revisions"}],"predecessor-version":[{"id":1023,"href":"http:\/\/konyvtar-idfo.uni-bge.hu\/en\/wp-json\/wp\/v2\/pages\/149\/revisions\/1023"}],"up":[{"embeddable":true,"href":"http:\/\/konyvtar-idfo.uni-bge.hu\/en\/wp-json\/wp\/v2\/pages\/123"}],"wp:attachment":[{"href":"http:\/\/konyvtar-idfo.uni-bge.hu\/en\/wp-json\/wp\/v2\/media?parent=149"}],"curies":[{"name":"wp","href":"https:\/\/api.w.org\/{rel}","templated":true}]}}