{"id":27,"date":"2021-11-26T08:57:29","date_gmt":"2021-11-26T08:57:29","guid":{"rendered":"http:\/\/konyvtar.oditszapc.hu\/?page_id=27"},"modified":"2021-12-14T19:58:55","modified_gmt":"2021-12-14T19:58:55","slug":"tudastar","status":"publish","type":"page","link":"http:\/\/konyvtar-idfo.uni-bge.hu\/en\/tudastar\/","title":{"rendered":"Knowledge repository"},"content":{"rendered":"<h2 class=\"wp-block-heading\">Knowledge repository<\/h2>\n\n\n\n<p>A Tud\u00e1st\u00e1rban olyan hasznos linkeket gy\u0171jt\u00f6tt\u00fcnk \u00f6ssze, melyek seg\u00edthetik a felhaszn\u00e1l\u00f3inkat a b\u00f6ng\u00e9sz\u00e9sben, kutat\u00e1sban.<\/p>","protected":false},"excerpt":{"rendered":"<p>Tud\u00e1st\u00e1r A Tud\u00e1st\u00e1rban olyan hasznos linkeket gy\u0171jt\u00f6tt\u00fcnk \u00f6ssze, melyek seg\u00edthetik a felhaszn\u00e1l\u00f3inkat a b\u00f6ng\u00e9sz\u00e9sben, kutat\u00e1sban.<\/p>","protected":false},"author":1,"featured_media":0,"parent":0,"menu_order":0,"comment_status":"closed","ping_status":"closed","template":"","meta":{"ngg_post_thumbnail":0,"footnotes":""},"class_list":["post-27","page","type-page","status-publish","hentry"],"_links":{"self":[{"href":"http:\/\/konyvtar-idfo.uni-bge.hu\/en\/wp-json\/wp\/v2\/pages\/27","targetHints":{"allow":["GET"]}}],"collection":[{"href":"http:\/\/konyvtar-idfo.uni-bge.hu\/en\/wp-json\/wp\/v2\/pages"}],"about":[{"href":"http:\/\/konyvtar-idfo.uni-bge.hu\/en\/wp-json\/wp\/v2\/types\/page"}],"author":[{"embeddable":true,"href":"http:\/\/konyvtar-idfo.uni-bge.hu\/en\/wp-json\/wp\/v2\/users\/1"}],"replies":[{"embeddable":true,"href":"http:\/\/konyvtar-idfo.uni-bge.hu\/en\/wp-json\/wp\/v2\/comments?post=27"}],"version-history":[{"count":4,"href":"http:\/\/konyvtar-idfo.uni-bge.hu\/en\/wp-json\/wp\/v2\/pages\/27\/revisions"}],"predecessor-version":[{"id":351,"href":"http:\/\/konyvtar-idfo.uni-bge.hu\/en\/wp-json\/wp\/v2\/pages\/27\/revisions\/351"}],"wp:attachment":[{"href":"http:\/\/konyvtar-idfo.uni-bge.hu\/en\/wp-json\/wp\/v2\/media?parent=27"}],"curies":[{"name":"wp","href":"https:\/\/api.w.org\/{rel}","templated":true}]}}