{"id":941,"date":"2023-01-24T16:04:01","date_gmt":"2023-01-24T15:04:01","guid":{"rendered":"http:\/\/konyvtar-idfo.uni-bge.hu\/?page_id=941"},"modified":"2023-01-24T16:04:01","modified_gmt":"2023-01-24T15:04:01","slug":"kossuth-kiado","status":"publish","type":"page","link":"http:\/\/konyvtar-idfo.uni-bge.hu\/en\/kossuth-kiado\/","title":{"rendered":"Kossuth Kiad\u00f3"},"content":{"rendered":"<h2 class=\"wp-block-heading\">Kossuth Kiad\u00f3<\/h2>\n\n\n\n<p>Az adatb\u00e1zis a Kossuth Kiad\u00f3i Csoport mintegy 250 szakk\u00f6nyv\u00e9t tartalmazza. Az el\u0151fizet\u0151knek a szakk\u00f6nyvek mellett mintegy 130 sz\u00e9pirodalmi m\u0171 is el\u00e9rhet\u0151v\u00e9 v\u00e1lik.<\/p>\n\n\n\n<p><a href=\"https:\/\/zeusz.kossuth.hu\/start\" data-type=\"URL\" data-id=\"https:\/\/zeusz.kossuth.hu\/start\" target=\"_blank\" rel=\"noreferrer noopener\">Enter the database<\/a> (access from library's IP adress or VPN remote access)<\/p>","protected":false},"excerpt":{"rendered":"<p>Kossuth Kiad\u00f3 Az adatb\u00e1zis a Kossuth Kiad\u00f3i Csoport mintegy 250 szakk\u00f6nyv\u00e9t tartalmazza. Az el\u0151fizet\u0151knek a szakk\u00f6nyvek mellett mintegy 130 sz\u00e9pirodalmi m\u0171 is el\u00e9rhet\u0151v\u00e9 v\u00e1lik. Bel\u00e9p\u00e9s az adatb\u00e1zisba (el\u00e9r\u00e9s: k\u00f6nyvt\u00e1ri IP-c\u00edmr\u0151l)<\/p>","protected":false},"author":1,"featured_media":0,"parent":0,"menu_order":0,"comment_status":"closed","ping_status":"closed","template":"","meta":{"ngg_post_thumbnail":0,"footnotes":""},"class_list":["post-941","page","type-page","status-publish","hentry"],"_links":{"self":[{"href":"http:\/\/konyvtar-idfo.uni-bge.hu\/en\/wp-json\/wp\/v2\/pages\/941","targetHints":{"allow":["GET"]}}],"collection":[{"href":"http:\/\/konyvtar-idfo.uni-bge.hu\/en\/wp-json\/wp\/v2\/pages"}],"about":[{"href":"http:\/\/konyvtar-idfo.uni-bge.hu\/en\/wp-json\/wp\/v2\/types\/page"}],"author":[{"embeddable":true,"href":"http:\/\/konyvtar-idfo.uni-bge.hu\/en\/wp-json\/wp\/v2\/users\/1"}],"replies":[{"embeddable":true,"href":"http:\/\/konyvtar-idfo.uni-bge.hu\/en\/wp-json\/wp\/v2\/comments?post=941"}],"version-history":[{"count":1,"href":"http:\/\/konyvtar-idfo.uni-bge.hu\/en\/wp-json\/wp\/v2\/pages\/941\/revisions"}],"predecessor-version":[{"id":942,"href":"http:\/\/konyvtar-idfo.uni-bge.hu\/en\/wp-json\/wp\/v2\/pages\/941\/revisions\/942"}],"wp:attachment":[{"href":"http:\/\/konyvtar-idfo.uni-bge.hu\/en\/wp-json\/wp\/v2\/media?parent=941"}],"curies":[{"name":"wp","href":"https:\/\/api.w.org\/{rel}","templated":true}]}}