{"id":123,"date":"2021-12-09T14:56:04","date_gmt":"2021-12-09T14:56:04","guid":{"rendered":"http:\/\/konyvtar.oditszapc.hu\/?page_id=123"},"modified":"2021-12-14T20:26:08","modified_gmt":"2021-12-14T20:26:08","slug":"adatbazisok","status":"publish","type":"page","link":"https:\/\/konyvtar-idfo.uni-bge.hu\/en\/adatbazisok\/","title":{"rendered":"Databases"},"content":{"rendered":"<h2 class=\"wp-block-heading\">Databases<\/h2>\n\n\n\n<p>In this menu are the list of the available databases from our library. Click on the name of the database for more details.<\/p>","protected":false},"excerpt":{"rendered":"<p>Adatb\u00e1zisok Ebben a men\u00fcpontban a k\u00f6nyvt\u00e1runkban el\u00e9rhet\u0151 adatb\u00e1zisok list\u00e1ja tal\u00e1lhat\u00f3. Az adatb\u00e1zis nev\u00e9re kattintva a hozz\u00e1 tartoz\u00f3 r\u00e9szletes inform\u00e1ci\u00f3k (t\u00e9mak\u00f6r, el\u00e9rhet\u0151s\u00e9g) jelen\u00edthet\u0151k meg.<\/p>","protected":false},"author":1,"featured_media":0,"parent":0,"menu_order":0,"comment_status":"closed","ping_status":"closed","template":"","meta":{"ngg_post_thumbnail":0,"footnotes":""},"class_list":["post-123","page","type-page","status-publish","hentry"],"_links":{"self":[{"href":"https:\/\/konyvtar-idfo.uni-bge.hu\/en\/wp-json\/wp\/v2\/pages\/123","targetHints":{"allow":["GET"]}}],"collection":[{"href":"https:\/\/konyvtar-idfo.uni-bge.hu\/en\/wp-json\/wp\/v2\/pages"}],"about":[{"href":"https:\/\/konyvtar-idfo.uni-bge.hu\/en\/wp-json\/wp\/v2\/types\/page"}],"author":[{"embeddable":true,"href":"https:\/\/konyvtar-idfo.uni-bge.hu\/en\/wp-json\/wp\/v2\/users\/1"}],"replies":[{"embeddable":true,"href":"https:\/\/konyvtar-idfo.uni-bge.hu\/en\/wp-json\/wp\/v2\/comments?post=123"}],"version-history":[{"count":2,"href":"https:\/\/konyvtar-idfo.uni-bge.hu\/en\/wp-json\/wp\/v2\/pages\/123\/revisions"}],"predecessor-version":[{"id":381,"href":"https:\/\/konyvtar-idfo.uni-bge.hu\/en\/wp-json\/wp\/v2\/pages\/123\/revisions\/381"}],"wp:attachment":[{"href":"https:\/\/konyvtar-idfo.uni-bge.hu\/en\/wp-json\/wp\/v2\/media?parent=123"}],"curies":[{"name":"wp","href":"https:\/\/api.w.org\/{rel}","templated":true}]}}