{"id":127,"date":"2021-12-09T14:56:44","date_gmt":"2021-12-09T14:56:44","guid":{"rendered":"http:\/\/konyvtar.oditszapc.hu\/?page_id=127"},"modified":"2022-11-17T16:28:01","modified_gmt":"2022-11-17T15:28:01","slug":"cup","status":"publish","type":"page","link":"https:\/\/konyvtar-idfo.uni-bge.hu\/en\/adatbazisok\/cup\/","title":{"rendered":"CUP"},"content":{"rendered":"<h2 class=\"wp-block-heading\"> Cambridge University Press &#8211; Business Collection<\/h2>\n\n\n\n<div style=\"height:20px\" aria-hidden=\"true\" class=\"wp-block-spacer\"><\/div>\n\n\n\n<p>The Cambridge University Press journal-database contains more than 300 proofread, academic journals. Some of them are the best in its field of science. In our faculty, the economy collection can be accessed.<\/p>\n\n\n\n<p>The database's other services: topic monitoring, sending contents, citation measurement etc.<\/p>\n\n\n\n<p><br><a href=\"https:\/\/www.cambridge.org\/core\/#\" data-type=\"URL\" data-id=\"https:\/\/www.cambridge.org\/core\/#\" target=\"_blank\" rel=\"noreferrer noopener\">Enter the database<\/a>\u00a0(access from library computers or VPN remote access)<\/p>","protected":false},"excerpt":{"rendered":"<p>Cambridge University Press &#8211; Business Collection A Cambridge University Press foly\u00f3irat-adatb\u00e1zis t\u00f6bb mint 300 lektor\u00e1lt akad\u00e9miai foly\u00f3iratot tartalmaz. A szakfoly\u00f3iratok k\u00f6z\u00f6tt sz\u00e1mos olyan tal\u00e1lhat\u00f3, amely tudom\u00e1nyter\u00fclet\u00e9nek legrangosabbja. Karunkon az adatb\u00e1zis gazdas\u00e1gi gy\u0171jtem\u00e9nye \u00e9rhet\u0151 el, teljes hozz\u00e1f\u00e9r\u00e9ssel, \u00e1ltal\u00e1ban 8 \u00e9vre visszamen\u0151legesen. Az adatb\u00e1zis plusz szolg\u00e1ltat\u00e1sai: T\u00e9mafigyel\u00e9s, tartalomjegyz\u00e9k k\u00fcld\u00e9se, id\u00e9zetts\u00e9g m\u00e9r\u00e9se, k\u00fcl\u00f6n account a tal\u00e1lati list\u00e1k \u00e9s [&hellip;]<\/p>\n","protected":false},"author":1,"featured_media":0,"parent":123,"menu_order":0,"comment_status":"closed","ping_status":"closed","template":"","meta":{"ngg_post_thumbnail":0,"footnotes":""},"class_list":["post-127","page","type-page","status-publish","hentry"],"_links":{"self":[{"href":"https:\/\/konyvtar-idfo.uni-bge.hu\/en\/wp-json\/wp\/v2\/pages\/127","targetHints":{"allow":["GET"]}}],"collection":[{"href":"https:\/\/konyvtar-idfo.uni-bge.hu\/en\/wp-json\/wp\/v2\/pages"}],"about":[{"href":"https:\/\/konyvtar-idfo.uni-bge.hu\/en\/wp-json\/wp\/v2\/types\/page"}],"author":[{"embeddable":true,"href":"https:\/\/konyvtar-idfo.uni-bge.hu\/en\/wp-json\/wp\/v2\/users\/1"}],"replies":[{"embeddable":true,"href":"https:\/\/konyvtar-idfo.uni-bge.hu\/en\/wp-json\/wp\/v2\/comments?post=127"}],"version-history":[{"count":5,"href":"https:\/\/konyvtar-idfo.uni-bge.hu\/en\/wp-json\/wp\/v2\/pages\/127\/revisions"}],"predecessor-version":[{"id":761,"href":"https:\/\/konyvtar-idfo.uni-bge.hu\/en\/wp-json\/wp\/v2\/pages\/127\/revisions\/761"}],"up":[{"embeddable":true,"href":"https:\/\/konyvtar-idfo.uni-bge.hu\/en\/wp-json\/wp\/v2\/pages\/123"}],"wp:attachment":[{"href":"https:\/\/konyvtar-idfo.uni-bge.hu\/en\/wp-json\/wp\/v2\/media?parent=127"}],"curies":[{"name":"wp","href":"https:\/\/api.w.org\/{rel}","templated":true}]}}