{"id":139,"date":"2021-12-09T14:58:46","date_gmt":"2021-12-09T14:58:46","guid":{"rendered":"http:\/\/konyvtar.oditszapc.hu\/?page_id=139"},"modified":"2023-09-19T09:11:01","modified_gmt":"2023-09-19T07:11:01","slug":"interkonyv","status":"publish","type":"page","link":"https:\/\/konyvtar-idfo.uni-bge.hu\/en\/adatbazisok\/interkonyv\/","title":{"rendered":"Interk\u00f6nyv"},"content":{"rendered":"<h2 class=\"wp-block-heading\">Interk\u00f6nyv<\/h2>\n\n\n\n<p>Az&nbsp;<a href=\"https:\/\/www.interkonyv.hu\/\" target=\"_blank\" rel=\"noreferrer noopener\">Interk\u00f6nyv<\/a>&nbsp;oldal&nbsp;a Typotex Kiad\u00f3 elektronikus publik\u00e1ci\u00f3s fel\u00fclete, 2009 \u00f3ta m\u0171k\u00f6dik e-k\u00f6nyves web\u00e1ruh\u00e1zk\u00e9nt. Az oldalon l\u00e9nyeg\u00e9ben a Kiad\u00f3 teljes k\u00edn\u00e1lata el\u00e9rhet\u0151 elektronikus form\u00e1ban, ez jelenleg t\u00f6bb mint 600 m\u0171. Els\u0151sorban friss, az ut\u00f3bbi 20 \u00e9v tudom\u00e1nyos eredm\u00e9nyeit feldolgoz\u00f3 tudom\u00e1nyos munk\u00e1k, valamint id\u0151t\u00e1ll\u00f3 klasszikusok \u00e9rhet\u0151k el magyar \u00e9s k\u00fclf\u00f6ldi szerz\u0151kt\u0151l. Az adatb\u00e1zisban el\u00e9rhet\u0151 t\u00f6bb, mint 500 k\u00f6nyv, jegyzet online PDF form\u00e1tumban.<\/p>\n\n\n\n<p>A&nbsp;<a href=\"https:\/\/www.typotex.hu\/\" target=\"_blank\" rel=\"noreferrer noopener\">Typotex Kiad\u00f3<\/a>&nbsp;1989 \u00f3ta m\u0171k\u00f6d\u0151 k\u00f6nyvkiad\u00f3, profilj\u00e1ba els\u0151sorban fels\u0151fok\u00fa tank\u00f6nyvek, szakk\u00f6nyvek, jegyzetek tartoznak a term\u00e9szettudom\u00e1nyok \u00e9s a t\u00e1rsadalomtudom\u00e1nyok ter\u00fclet\u00e9r\u0151l (matematika, fizika, informatika, biol\u00f3gia, k\u00e9mia, m\u00e9rn\u00f6ki tudom\u00e1nyok, pszichol\u00f3gia, filoz\u00f3fia, kommunik\u00e1ci\u00f3, m\u0171v\u00e9szetelm\u00e9let, menedzsment stb.) egyar\u00e1nt.<\/p>\n\n\n\n<p><a href=\"https:\/\/edu.interkonyv.hu\/\" data-type=\"URL\" data-id=\"https:\/\/edu.interkonyv.hu\/\" target=\"_blank\" rel=\"noreferrer noopener\">Enter the database<\/a>\u00a0(access from library's IP adress or VPN remote access)<\/p>","protected":false},"excerpt":{"rendered":"<p>Interk\u00f6nyv Az&nbsp;Interk\u00f6nyv&nbsp;oldal&nbsp;a Typotex Kiad\u00f3 elektronikus publik\u00e1ci\u00f3s fel\u00fclete, 2009 \u00f3ta m\u0171k\u00f6dik e-k\u00f6nyves web\u00e1ruh\u00e1zk\u00e9nt. Az oldalon l\u00e9nyeg\u00e9ben a Kiad\u00f3 teljes k\u00edn\u00e1lata el\u00e9rhet\u0151 elektronikus form\u00e1ban, ez jelenleg t\u00f6bb mint 600 m\u0171. Els\u0151sorban friss, az ut\u00f3bbi 20 \u00e9v tudom\u00e1nyos eredm\u00e9nyeit feldolgoz\u00f3 tudom\u00e1nyos munk\u00e1k, valamint id\u0151t\u00e1ll\u00f3 klasszikusok \u00e9rhet\u0151k el magyar \u00e9s k\u00fclf\u00f6ldi szerz\u0151kt\u0151l. Az adatb\u00e1zisban el\u00e9rhet\u0151 t\u00f6bb, mint 500 k\u00f6nyv, [&hellip;]<\/p>","protected":false},"author":1,"featured_media":0,"parent":123,"menu_order":0,"comment_status":"closed","ping_status":"closed","template":"","meta":{"ngg_post_thumbnail":0,"footnotes":""},"class_list":["post-139","page","type-page","status-publish","hentry"],"_links":{"self":[{"href":"https:\/\/konyvtar-idfo.uni-bge.hu\/en\/wp-json\/wp\/v2\/pages\/139","targetHints":{"allow":["GET"]}}],"collection":[{"href":"https:\/\/konyvtar-idfo.uni-bge.hu\/en\/wp-json\/wp\/v2\/pages"}],"about":[{"href":"https:\/\/konyvtar-idfo.uni-bge.hu\/en\/wp-json\/wp\/v2\/types\/page"}],"author":[{"embeddable":true,"href":"https:\/\/konyvtar-idfo.uni-bge.hu\/en\/wp-json\/wp\/v2\/users\/1"}],"replies":[{"embeddable":true,"href":"https:\/\/konyvtar-idfo.uni-bge.hu\/en\/wp-json\/wp\/v2\/comments?post=139"}],"version-history":[{"count":4,"href":"https:\/\/konyvtar-idfo.uni-bge.hu\/en\/wp-json\/wp\/v2\/pages\/139\/revisions"}],"predecessor-version":[{"id":984,"href":"https:\/\/konyvtar-idfo.uni-bge.hu\/en\/wp-json\/wp\/v2\/pages\/139\/revisions\/984"}],"up":[{"embeddable":true,"href":"https:\/\/konyvtar-idfo.uni-bge.hu\/en\/wp-json\/wp\/v2\/pages\/123"}],"wp:attachment":[{"href":"https:\/\/konyvtar-idfo.uni-bge.hu\/en\/wp-json\/wp\/v2\/media?parent=139"}],"curies":[{"name":"wp","href":"https:\/\/api.w.org\/{rel}","templated":true}]}}