{"id":14,"date":"2021-11-26T08:40:25","date_gmt":"2021-11-26T08:40:25","guid":{"rendered":"http:\/\/konyvtar.oditszapc.hu\/?page_id=14"},"modified":"2023-09-19T09:34:58","modified_gmt":"2023-09-19T07:34:58","slug":"kuldetesnyilatkozat","status":"publish","type":"page","link":"https:\/\/konyvtar-idfo.uni-bge.hu\/en\/rolunk\/kuldetesnyilatkozat\/","title":{"rendered":"Mission statement"},"content":{"rendered":"<h2 class=\"wp-block-heading\">Mission statement<\/h2>\n\n\n\n<div style=\"height:20px\" aria-hidden=\"true\" class=\"wp-block-spacer\"><\/div>\n\n\n\n<p>The Budapest Business University Tourism Library is a national remit, public speacial library.<\/p>\n\n\n\n<p>The most important collector and providor of hungarian and international tourism literature.<br>It's mission to provide satisfy our readers the best information with the right documents. This activity is supported by well educated, helpful employees, in a modern and cultural space.<\/p>\n\n\n\n<p>Two-way function:<br>Egy r\u00e9szr\u0151l seg\u00edti a Turizmus Tansz\u00e9k munkat\u00e1rsainak oktat\u00f3i \u00e9s kutat\u00f3i munk\u00e1j\u00e1t, \u00e9s els\u0151sorban a turizmus szakos hallgat\u00f3k szakirodalommal val\u00f3 ell\u00e1t\u00e1s\u00e1t. Tev\u00e9kenys\u00e9g\u00e9t meghat\u00e1rozz\u00e1k a karon m\u0171k\u00f6d\u0151 szakok \u00e9s k\u00e9pz\u00e9si form\u00e1k v\u00e1ltoz\u00e1sai.<br>Secondly it's a public a library, serving every specalist, researcher, teacher, or anyone otherwise intrested in the whole tourism field.<\/p>\n\n\n\n<p>A K\u00fcldet\u00e9snyilatkozat pdf-form\u00e1tumban let\u00f6lthet\u0151 erre a <a href=\"http:\/\/konyvtar-idfo.uni-bge.hu\/wp-content\/uploads\/2023\/09\/Kuldetesnyilatkozat.pdf\" data-type=\"URL\" data-id=\"http:\/\/konyvtar-idfo.uni-bge.hu\/wp-content\/uploads\/2023\/09\/Kuldetesnyilatkozat.pdf\" target=\"_blank\" rel=\"noreferrer noopener\">linkre<\/a> kattintva.<\/p>\n\n\n\n<p><\/p>","protected":false},"excerpt":{"rendered":"<p>K\u00fcldet\u00e9snyilatkozat A Budapesti Gazdas\u00e1gi Egyetem Idegenforgalmi Szakk\u00f6nyvt\u00e1ra orsz\u00e1gos feladatk\u00f6r\u0171, nyilv\u00e1nos szakk\u00f6nyvt\u00e1r. A magyar \u00e9s nemzetk\u00f6zi szakirodalom legjelent\u0151sebb hazai gy\u0171jt\u0151je \u00e9s szolg\u00e1ltat\u00f3ja.C\u00e9lja \u00e9s k\u00fcldet\u00e9se min\u00e9l t\u00f6bb el\u00e9gedett olvas\u00f3 inform\u00e1ci\u00f3val val\u00f3 ell\u00e1t\u00e1sa sz\u00e9les k\u00f6r\u0171 \u00e9s megfelel\u0151 m\u00e9lys\u00e9gig feldolgozott dokumentumokkal. Ezt a tev\u00e9kenys\u00e9g\u00e9t j\u00f3l k\u00e9pzett, seg\u00edt\u0151k\u00e9sz munkat\u00e1rsakkal, korszer\u0171 technikai felszerel\u00e9ssel \u00e9s kultur\u00e1lt k\u00f6rnyezetben teszi. Feladata k\u00e9tir\u00e1ny\u00fa:Egy r\u00e9szr\u0151l seg\u00edti [&hellip;]<\/p>","protected":false},"author":1,"featured_media":0,"parent":5,"menu_order":0,"comment_status":"closed","ping_status":"closed","template":"","meta":{"ngg_post_thumbnail":0,"footnotes":""},"class_list":["post-14","page","type-page","status-publish","hentry"],"_links":{"self":[{"href":"https:\/\/konyvtar-idfo.uni-bge.hu\/en\/wp-json\/wp\/v2\/pages\/14","targetHints":{"allow":["GET"]}}],"collection":[{"href":"https:\/\/konyvtar-idfo.uni-bge.hu\/en\/wp-json\/wp\/v2\/pages"}],"about":[{"href":"https:\/\/konyvtar-idfo.uni-bge.hu\/en\/wp-json\/wp\/v2\/types\/page"}],"author":[{"embeddable":true,"href":"https:\/\/konyvtar-idfo.uni-bge.hu\/en\/wp-json\/wp\/v2\/users\/1"}],"replies":[{"embeddable":true,"href":"https:\/\/konyvtar-idfo.uni-bge.hu\/en\/wp-json\/wp\/v2\/comments?post=14"}],"version-history":[{"count":6,"href":"https:\/\/konyvtar-idfo.uni-bge.hu\/en\/wp-json\/wp\/v2\/pages\/14\/revisions"}],"predecessor-version":[{"id":991,"href":"https:\/\/konyvtar-idfo.uni-bge.hu\/en\/wp-json\/wp\/v2\/pages\/14\/revisions\/991"}],"up":[{"embeddable":true,"href":"https:\/\/konyvtar-idfo.uni-bge.hu\/en\/wp-json\/wp\/v2\/pages\/5"}],"wp:attachment":[{"href":"https:\/\/konyvtar-idfo.uni-bge.hu\/en\/wp-json\/wp\/v2\/media?parent=14"}],"curies":[{"name":"wp","href":"https:\/\/api.w.org\/{rel}","templated":true}]}}