{"id":141,"date":"2021-12-09T14:59:01","date_gmt":"2021-12-09T14:59:01","guid":{"rendered":"http:\/\/konyvtar.oditszapc.hu\/?page_id=141"},"modified":"2023-01-23T15:52:42","modified_gmt":"2023-01-23T14:52:42","slug":"mersz","status":"publish","type":"page","link":"https:\/\/konyvtar-idfo.uni-bge.hu\/en\/adatbazisok\/mersz\/","title":{"rendered":"MeRSZ"},"content":{"rendered":"<h2 class=\"wp-block-heading\">MeRSZ<\/h2>\n\n\n\n<p>!!!ONLY AVAILABLE IN HUNGARIAN!!!\nThe Akad\u00e9miai Kiad\u00f3's electronic collection.<\/p>\n\n\n\n<p><a href=\"http:\/\/eisz.mersz.org\/\" target=\"_blank\" rel=\"noreferrer noopener\">Enter the database&nbsp;<\/a>(el\u00e9r\u00e9s: a k\u00f6nyvt\u00e1ri IP c\u00edmr\u0151l)<\/p>","protected":false},"excerpt":{"rendered":"<p>MeRSZ Az Akad\u00e9miai Kiad\u00f3 elektronikus gy\u0171jtem\u00e9nye \u00e9vr\u0151l-\u00e9vre folyamatosan b\u0151v\u00fcl\u0151 tartalommal biztos\u00edt magyar nyelv\u0171 alapm\u0171veket jogtiszt\u00e1n, a digit\u00e1lis anyagok minden el\u0151ny\u00e9t felk\u00edn\u00e1lva. A szolg\u00e1ltat\u00e1s a friss tartalmak mellett sz\u00e1mos olyan n\u00e9lk\u00fcl\u00f6zhetetlen referenciamunk\u00e1t tesz ism\u00e9t el\u00e9rhet\u0151v\u00e9, amelyek nyomtat\u00e1sban m\u00e1r nem vagy csak igen nehezen hozz\u00e1f\u00e9rhet\u0151ek. A MeRSZ egy struktur\u00e1lt, kereshet\u0151 adatb\u00e1zis, mely minden platformon egys\u00e9ges megjelen\u00e9st ny\u00fajt, [&hellip;]<\/p>","protected":false},"author":1,"featured_media":0,"parent":123,"menu_order":0,"comment_status":"closed","ping_status":"closed","template":"","meta":{"ngg_post_thumbnail":0,"footnotes":""},"class_list":["post-141","page","type-page","status-publish","hentry"],"_links":{"self":[{"href":"https:\/\/konyvtar-idfo.uni-bge.hu\/en\/wp-json\/wp\/v2\/pages\/141","targetHints":{"allow":["GET"]}}],"collection":[{"href":"https:\/\/konyvtar-idfo.uni-bge.hu\/en\/wp-json\/wp\/v2\/pages"}],"about":[{"href":"https:\/\/konyvtar-idfo.uni-bge.hu\/en\/wp-json\/wp\/v2\/types\/page"}],"author":[{"embeddable":true,"href":"https:\/\/konyvtar-idfo.uni-bge.hu\/en\/wp-json\/wp\/v2\/users\/1"}],"replies":[{"embeddable":true,"href":"https:\/\/konyvtar-idfo.uni-bge.hu\/en\/wp-json\/wp\/v2\/comments?post=141"}],"version-history":[{"count":3,"href":"https:\/\/konyvtar-idfo.uni-bge.hu\/en\/wp-json\/wp\/v2\/pages\/141\/revisions"}],"predecessor-version":[{"id":860,"href":"https:\/\/konyvtar-idfo.uni-bge.hu\/en\/wp-json\/wp\/v2\/pages\/141\/revisions\/860"}],"up":[{"embeddable":true,"href":"https:\/\/konyvtar-idfo.uni-bge.hu\/en\/wp-json\/wp\/v2\/pages\/123"}],"wp:attachment":[{"href":"https:\/\/konyvtar-idfo.uni-bge.hu\/en\/wp-json\/wp\/v2\/media?parent=141"}],"curies":[{"name":"wp","href":"https:\/\/api.w.org\/{rel}","templated":true}]}}