{"id":143,"date":"2021-12-09T14:59:23","date_gmt":"2021-12-09T14:59:23","guid":{"rendered":"http:\/\/konyvtar.oditszapc.hu\/?page_id=143"},"modified":"2023-09-19T16:17:02","modified_gmt":"2023-09-19T14:17:02","slug":"proquest-central","status":"publish","type":"page","link":"https:\/\/konyvtar-idfo.uni-bge.hu\/en\/adatbazisok\/proquest-central\/","title":{"rendered":"ProQuest Central"},"content":{"rendered":"<h2 class=\"wp-block-heading\">Proquest Central<\/h2>\n\n\n\n<p>ProQuest Central covers the following topics: business, economic conditions, corporate strategies, management theory, management techniques, business trends, competitive environmental and product information, accounting, finance. It has two sub-databases: ABI\/INFORM complete and Ebrary.\u00a0<a rel=\"noreferrer noopener\" href=\"http:\/\/konyvtar-idfo.uni-bge.hu\/wp-content\/uploads\/2023\/09\/e-konyv_Proquest.pdf\" data-type=\"URL\" data-id=\"http:\/\/konyvtar-idfo.uni-bge.hu\/wp-content\/uploads\/2023\/09\/e-konyv_Proquest.pdf\" target=\"_blank\">link<\/a>\u00a0\u00e9rhet\u0151 el. (A lista nem foglalja mag\u00e1ba az \u00f6sszes dokumentumot, utolj\u00e1ra friss\u00edtve: 2023.09.19.)<\/p>\n\n\n\n<p><br><a href=\"http:\/\/search.proquest.com\/\" target=\"_blank\" rel=\"noreferrer noopener\">Enter the database<\/a>&nbsp;(access from library computers or VPN remote access)<\/p>","protected":false},"excerpt":{"rendered":"<p>Proquest Central A ProQuest Central a k\u00f6vetkez\u0151 t\u00e9mak\u00f6r\u00f6ket tartalmazza: \u00fczlet, gazdas\u00e1gi felt\u00e9telek, v\u00e1llalati strat\u00e9gi\u00e1k, menedzsmentelm\u00e9let, menedzsmenttechnik\u00e1k, \u00fczleti trendek, versenyk\u00e9pess\u00e9gi k\u00f6rnyezeti \u00e9s term\u00e9kinform\u00e1ci\u00f3k, sz\u00e1mvitel, p\u00e9nz\u00fcgy. K\u00e9t r\u00e9szadatb\u00e1zisa: ABI\/INFORM complete \u00e9s Ebook Central. Az Ebook Central adatb\u00e1zis\u00e1ban t\u00f6bb mint 150 e-k\u00f6nyv \u00e9rhet\u0151 el, digit\u00e1lis form\u00e1tumban. Az e-k\u00f6nyvekr\u0151l k\u00e9sz\u00edtett lista\u00a0ezen a linken\u00a0\u00e9rhet\u0151 el. (A lista nem foglalja mag\u00e1ba [&hellip;]<\/p>\n","protected":false},"author":1,"featured_media":0,"parent":123,"menu_order":0,"comment_status":"closed","ping_status":"closed","template":"","meta":{"ngg_post_thumbnail":0,"footnotes":""},"class_list":["post-143","page","type-page","status-publish","hentry"],"_links":{"self":[{"href":"https:\/\/konyvtar-idfo.uni-bge.hu\/en\/wp-json\/wp\/v2\/pages\/143","targetHints":{"allow":["GET"]}}],"collection":[{"href":"https:\/\/konyvtar-idfo.uni-bge.hu\/en\/wp-json\/wp\/v2\/pages"}],"about":[{"href":"https:\/\/konyvtar-idfo.uni-bge.hu\/en\/wp-json\/wp\/v2\/types\/page"}],"author":[{"embeddable":true,"href":"https:\/\/konyvtar-idfo.uni-bge.hu\/en\/wp-json\/wp\/v2\/users\/1"}],"replies":[{"embeddable":true,"href":"https:\/\/konyvtar-idfo.uni-bge.hu\/en\/wp-json\/wp\/v2\/comments?post=143"}],"version-history":[{"count":6,"href":"https:\/\/konyvtar-idfo.uni-bge.hu\/en\/wp-json\/wp\/v2\/pages\/143\/revisions"}],"predecessor-version":[{"id":1024,"href":"https:\/\/konyvtar-idfo.uni-bge.hu\/en\/wp-json\/wp\/v2\/pages\/143\/revisions\/1024"}],"up":[{"embeddable":true,"href":"https:\/\/konyvtar-idfo.uni-bge.hu\/en\/wp-json\/wp\/v2\/pages\/123"}],"wp:attachment":[{"href":"https:\/\/konyvtar-idfo.uni-bge.hu\/en\/wp-json\/wp\/v2\/media?parent=143"}],"curies":[{"name":"wp","href":"https:\/\/api.w.org\/{rel}","templated":true}]}}