{"id":151,"date":"2021-12-09T15:10:04","date_gmt":"2021-12-09T15:10:04","guid":{"rendered":"http:\/\/konyvtar.oditszapc.hu\/?page_id=151"},"modified":"2023-01-23T15:55:02","modified_gmt":"2023-01-23T14:55:02","slug":"szaktars","status":"publish","type":"page","link":"https:\/\/konyvtar-idfo.uni-bge.hu\/en\/adatbazisok\/szaktars\/","title":{"rendered":"Szakt\u00e1rs"},"content":{"rendered":"<h2 class=\"wp-block-heading\">Szakt\u00e1rs<\/h2>\n\n\n\n<p>!!!ONLY AVAILABLE IN HUNGARIAN!!!<\/p>\n\n\n\n<p>A&nbsp;SZAKTARS.HU szolg\u00e1ltat\u00e1s a hazai tudom\u00e1nyos \u00e9s szakkiadv\u00e1nyok k\u00f6r\u00e9nek egy \u00fajabb fontos szegmens\u00e9t igyekszik lefedni, j\u00f3l illeszkedve az Arcanum Adatb\u00e1zis Kiad\u00f3 \u00e1ltal kor\u00e1bban m\u00e1r \u00e9letre h\u00edvott hasonl\u00f3 c\u00e9l\u00fa port\u00e1lok sor\u00e1ba. A periodikumok (<a href=\"https:\/\/www.arcanum.hu\/hu\/adt\/\" target=\"_blank\" rel=\"noreferrer noopener\">Arcanum Digit\u00e1lis Tudom\u00e1nyt\u00e1r<\/a>), a legfontosabb lexikonok \u00e9s alapm\u0171vek (<a href=\"https:\/\/www.arcanum.hu\/hu\/online-kiadvanyok\/\" target=\"_blank\" rel=\"noreferrer noopener\">Arcanum K\u00e9zik\u00f6nyvt\u00e1r<\/a>), a k\u00f6zgy\u0171jtem\u00e9nyek anyagai \u00e9s publik\u00e1ci\u00f3i (<a href=\"https:\/\/hungaricana.hu\/hu\/\" target=\"_blank\" rel=\"noreferrer noopener\">Hungaricana<\/a>) mellett, mostant\u00f3l a friss szakirodalom \u00e9s a teljes kiad\u00f3i portfoli\u00f3k seg\u00edtik a SZAKT\u00c1RS-on kereszt\u00fcl a minden kor\u00e1bbin\u00e1l gyorsabb, komplexebb \u00e9s k\u00e9nyelmesebb munkav\u00e9gz\u00e9st, tanul\u00e1st, forr\u00e1sokhoz val\u00f3 hozz\u00e1f\u00e9r\u00e9st.<\/p>\n\n\n\n<p>Csatlakozott kiad\u00f3k: Gondolat Kiad\u00f3, Napvil\u00e1g Kiad\u00f3, Osiris Kiad\u00f3, Szaktud\u00e1s Kiad\u00f3 H\u00e1z.<\/p>\n\n\n\n<p><a href=\"https:\/\/www.szaktars.hu\/\" target=\"_blank\" rel=\"noreferrer noopener\">Enter the database<\/a>&nbsp;(access from library's IP adress or VPN remote access)<\/p>","protected":false},"excerpt":{"rendered":"<p>Szakt\u00e1rs A&nbsp;Szakkiad\u00f3k T\u00e1rsul\u00e1sa, r\u00f6viden&nbsp;SZAKT\u00c1RS adatb\u00e1zis port\u00e1l azzal a c\u00e9llal j\u00f6tt l\u00e9tre, hogy egy k\u00f6z\u00f6s fel\u00fcleten gy\u0171jtse \u00f6ssze \u00e9s korszer\u0171 m\u00f3don tegye k\u00f6zz\u00e9 a legfontosabb magyar szakk\u00f6nyvkiad\u00f3k m\u0171veit. C\u00e9lunk, hogy minden csatlakozott kiad\u00f3 minden m\u0171ve egys\u00e9gesen, kereshet\u0151 form\u00e1ban v\u00e1ljon el\u00e9rhet\u0151v\u00e9, legyen sz\u00f3 a legr\u00e9gebbi vagy ak\u00e1r a legfrissebb kiadv\u00e1nyokr\u00f3l. A&nbsp;SZAKTARS.HU szolg\u00e1ltat\u00e1s a hazai tudom\u00e1nyos \u00e9s szakkiadv\u00e1nyok [&hellip;]<\/p>","protected":false},"author":1,"featured_media":0,"parent":123,"menu_order":0,"comment_status":"closed","ping_status":"closed","template":"","meta":{"ngg_post_thumbnail":0,"footnotes":""},"class_list":["post-151","page","type-page","status-publish","hentry"],"_links":{"self":[{"href":"https:\/\/konyvtar-idfo.uni-bge.hu\/en\/wp-json\/wp\/v2\/pages\/151","targetHints":{"allow":["GET"]}}],"collection":[{"href":"https:\/\/konyvtar-idfo.uni-bge.hu\/en\/wp-json\/wp\/v2\/pages"}],"about":[{"href":"https:\/\/konyvtar-idfo.uni-bge.hu\/en\/wp-json\/wp\/v2\/types\/page"}],"author":[{"embeddable":true,"href":"https:\/\/konyvtar-idfo.uni-bge.hu\/en\/wp-json\/wp\/v2\/users\/1"}],"replies":[{"embeddable":true,"href":"https:\/\/konyvtar-idfo.uni-bge.hu\/en\/wp-json\/wp\/v2\/comments?post=151"}],"version-history":[{"count":4,"href":"https:\/\/konyvtar-idfo.uni-bge.hu\/en\/wp-json\/wp\/v2\/pages\/151\/revisions"}],"predecessor-version":[{"id":868,"href":"https:\/\/konyvtar-idfo.uni-bge.hu\/en\/wp-json\/wp\/v2\/pages\/151\/revisions\/868"}],"up":[{"embeddable":true,"href":"https:\/\/konyvtar-idfo.uni-bge.hu\/en\/wp-json\/wp\/v2\/pages\/123"}],"wp:attachment":[{"href":"https:\/\/konyvtar-idfo.uni-bge.hu\/en\/wp-json\/wp\/v2\/media?parent=151"}],"curies":[{"name":"wp","href":"https:\/\/api.w.org\/{rel}","templated":true}]}}