{"id":153,"date":"2021-12-09T15:10:21","date_gmt":"2021-12-09T15:10:21","guid":{"rendered":"http:\/\/konyvtar.oditszapc.hu\/?page_id=153"},"modified":"2023-01-23T15:54:36","modified_gmt":"2023-01-23T14:54:36","slug":"taylorfrancis","status":"publish","type":"page","link":"https:\/\/konyvtar-idfo.uni-bge.hu\/en\/adatbazisok\/taylorfrancis\/","title":{"rendered":"Taylor&#038;Francis"},"content":{"rendered":"<h2 class=\"wp-block-heading\">Taylor &amp; Francis Online<\/h2>\n\n\n\n<p class=\"has-text-align-center underline has-dark-blue-color has-text-color\">From the publications of Taylor and Francis, the following are available from our library:<\/p>\n\n\n\n<p>Current Issues in Tourism<br>Journal of Event and Convention Tourism<br>Journal of Ecotourism<br>Journal of Hospitality and Tourism Education<br>Journal of Quality Assurance in Hospitality and Tourism<br>Journal of Sport and Tourism<br>Journal of Sustainable Tourism<\/p>\n\n\n\n<p><br><a href=\"http:\/\/tandfonline.com\/\" target=\"_blank\" rel=\"noreferrer noopener\">Enter the database<\/a>&nbsp;(access from library computers or VPN remote access)<\/p>","protected":false},"excerpt":{"rendered":"<p>Taylor &amp; Francis Online A Taylor and Francis \u00e1ltal kiadott foly\u00f3iratok k\u00f6z\u00fcl a k\u00f6vetkez\u0151k \u00e9rhet\u0151k el K\u00f6nyvt\u00e1runk sz\u00e1m\u00edt\u00f3g\u00e9pein: Current Issues in TourismJournal of Event and Convention TourismJournal of EcotourismJournal of Hospitality and Tourism EducationJournal of Quality Assurance in Hospitality and TourismJournal of Sport and TourismJournal of Sustainable Tourism Bel\u00e9p\u00e9s az adatb\u00e1zisba&nbsp;(el\u00e9r\u00e9s: k\u00f6nyvt\u00e1ri IP c\u00edmr\u0151l)<\/p>","protected":false},"author":1,"featured_media":0,"parent":123,"menu_order":0,"comment_status":"closed","ping_status":"closed","template":"","meta":{"ngg_post_thumbnail":0,"footnotes":""},"class_list":["post-153","page","type-page","status-publish","hentry"],"_links":{"self":[{"href":"https:\/\/konyvtar-idfo.uni-bge.hu\/en\/wp-json\/wp\/v2\/pages\/153","targetHints":{"allow":["GET"]}}],"collection":[{"href":"https:\/\/konyvtar-idfo.uni-bge.hu\/en\/wp-json\/wp\/v2\/pages"}],"about":[{"href":"https:\/\/konyvtar-idfo.uni-bge.hu\/en\/wp-json\/wp\/v2\/types\/page"}],"author":[{"embeddable":true,"href":"https:\/\/konyvtar-idfo.uni-bge.hu\/en\/wp-json\/wp\/v2\/users\/1"}],"replies":[{"embeddable":true,"href":"https:\/\/konyvtar-idfo.uni-bge.hu\/en\/wp-json\/wp\/v2\/comments?post=153"}],"version-history":[{"count":4,"href":"https:\/\/konyvtar-idfo.uni-bge.hu\/en\/wp-json\/wp\/v2\/pages\/153\/revisions"}],"predecessor-version":[{"id":867,"href":"https:\/\/konyvtar-idfo.uni-bge.hu\/en\/wp-json\/wp\/v2\/pages\/153\/revisions\/867"}],"up":[{"embeddable":true,"href":"https:\/\/konyvtar-idfo.uni-bge.hu\/en\/wp-json\/wp\/v2\/pages\/123"}],"wp:attachment":[{"href":"https:\/\/konyvtar-idfo.uni-bge.hu\/en\/wp-json\/wp\/v2\/media?parent=153"}],"curies":[{"name":"wp","href":"https:\/\/api.w.org\/{rel}","templated":true}]}}