{"id":157,"date":"2021-12-09T15:11:06","date_gmt":"2021-12-09T15:11:06","guid":{"rendered":"http:\/\/konyvtar.oditszapc.hu\/?page_id=157"},"modified":"2023-09-19T16:15:28","modified_gmt":"2023-09-19T14:15:28","slug":"unwto-elibrary","status":"publish","type":"page","link":"https:\/\/konyvtar-idfo.uni-bge.hu\/en\/adatbazisok\/unwto-elibrary\/","title":{"rendered":"UNWTO eLibrary"},"content":{"rendered":"<h2 class=\"wp-block-heading\">UNWTO eLibrary<\/h2>\n\n\n\n<p>UNWTO is an online service of the World Tourism Organization.<strong>&nbsp;UNWTO eLibrary&nbsp;<\/strong>It provides statistics and e-books on tourism.<\/p>\n\n\n\n<p>Publications available in a few languages.<\/p>\n\n\n\n<p>A kiadv\u00e1nyok t\u00f6bb nyelven is el\u00e9rhet\u0151ek (angol, francia, spanyol, orosz, jap\u00e1n, arab).<\/p>\n\n\n\n<p>The list of the E-books can be found on this\u00a0<a rel=\"noreferrer noopener\" href=\"http:\/\/konyvtar-idfo.uni-bge.hu\/wp-content\/uploads\/2023\/09\/e-konyv_UNWTO.pdf\" data-type=\"URL\" data-id=\"http:\/\/konyvtar-idfo.uni-bge.hu\/wp-content\/uploads\/2023\/09\/e-konyv_UNWTO.pdf\" target=\"_blank\">link<\/a>\u00a0\u00e9rhet\u0151 el (utolj\u00e1ra friss\u00edtve: 2023. 09. 19.).<\/p>\n\n\n\n<p><a href=\"https:\/\/www.e-unwto.org\/\" target=\"_blank\" rel=\"noreferrer noopener\">Enter the database<\/a>&nbsp;(access from library's IP adress or VPN remote access)<\/p>","protected":false},"excerpt":{"rendered":"<p>UNWTO eLibrary Az UNWTO Turisztikai Vil\u00e1gszervezet adatb\u00e1zisa. Az&nbsp;UNWTO eLibrary&nbsp;tartalmazza a nemzetk\u00f6zi turizmus statisztik\u00e1t t\u00e9rs\u00e9genk\u00e9nt\/orsz\u00e1gonk\u00e9nt \u00e9s indik\u00e1toronk\u00e9nt. A statisztika mellett online el\u00e9rhet\u0151ek \u00e9s let\u00f6lthet\u0151ek&nbsp;az UNWTO kiadv\u00e1nyai is (k\u00f6nyvek, foly\u00f3iratok, jelent\u00e9sek), keres\u00e9s\u00fck t\u00e9m\u00e1k szerint lehets\u00e9ges. A kiadv\u00e1nyok t\u00f6bb nyelven is el\u00e9rhet\u0151ek (angol, francia, spanyol, orosz, jap\u00e1n, arab). Az e-k\u00f6nyvekr\u0151l k\u00e9sz\u00fclt lista\u00a0ezen a linken\u00a0\u00e9rhet\u0151 el (utolj\u00e1ra friss\u00edtve: 2023. [&hellip;]<\/p>","protected":false},"author":1,"featured_media":0,"parent":123,"menu_order":0,"comment_status":"closed","ping_status":"closed","template":"","meta":{"ngg_post_thumbnail":0,"footnotes":""},"class_list":["post-157","page","type-page","status-publish","hentry"],"_links":{"self":[{"href":"https:\/\/konyvtar-idfo.uni-bge.hu\/en\/wp-json\/wp\/v2\/pages\/157","targetHints":{"allow":["GET"]}}],"collection":[{"href":"https:\/\/konyvtar-idfo.uni-bge.hu\/en\/wp-json\/wp\/v2\/pages"}],"about":[{"href":"https:\/\/konyvtar-idfo.uni-bge.hu\/en\/wp-json\/wp\/v2\/types\/page"}],"author":[{"embeddable":true,"href":"https:\/\/konyvtar-idfo.uni-bge.hu\/en\/wp-json\/wp\/v2\/users\/1"}],"replies":[{"embeddable":true,"href":"https:\/\/konyvtar-idfo.uni-bge.hu\/en\/wp-json\/wp\/v2\/comments?post=157"}],"version-history":[{"count":4,"href":"https:\/\/konyvtar-idfo.uni-bge.hu\/en\/wp-json\/wp\/v2\/pages\/157\/revisions"}],"predecessor-version":[{"id":1022,"href":"https:\/\/konyvtar-idfo.uni-bge.hu\/en\/wp-json\/wp\/v2\/pages\/157\/revisions\/1022"}],"up":[{"embeddable":true,"href":"https:\/\/konyvtar-idfo.uni-bge.hu\/en\/wp-json\/wp\/v2\/pages\/123"}],"wp:attachment":[{"href":"https:\/\/konyvtar-idfo.uni-bge.hu\/en\/wp-json\/wp\/v2\/media?parent=157"}],"curies":[{"name":"wp","href":"https:\/\/api.w.org\/{rel}","templated":true}]}}