{"id":16,"date":"2021-11-26T08:40:40","date_gmt":"2021-11-26T08:40:40","guid":{"rendered":"http:\/\/konyvtar.oditszapc.hu\/?page_id=16"},"modified":"2023-09-19T09:22:56","modified_gmt":"2023-09-19T07:22:56","slug":"partnereink","status":"publish","type":"page","link":"https:\/\/konyvtar-idfo.uni-bge.hu\/en\/rolunk\/partnereink\/","title":{"rendered":"Partner institutions"},"content":{"rendered":"<h2 class=\"wp-block-heading\">Partner institutions<\/h2>\n\n\n\n<div style=\"height:20px\" aria-hidden=\"true\" class=\"wp-block-spacer\"><\/div>\n\n\n\n<ul class=\"wp-block-list\">\n<li><a href=\"https:\/\/bg-bp.edu.hu\/\" data-type=\"URL\" data-id=\"https:\/\/bg-bp.edu.hu\/\" target=\"_blank\" rel=\"noreferrer noopener\">B\u00e1rczi Guszt\u00e1v \u00d3voda, \u00c1ltal\u00e1nos Iskola \u00e9s K\u00e9szs\u00e9gfejleszt\u0151 Speci\u00e1lis Szakiskola<\/a><\/li>\n\n\n\n<li><a rel=\"noreferrer noopener\" href=\"http:\/\/www.uni-corvinus.hu\/index.php?id=42268\" target=\"_blank\">BCE Turizmus Kompetencia K\u00f6zpont<\/a><\/li>\n\n\n\n<li><a href=\"https:\/\/mtu.gov.hu\/\" data-type=\"URL\" data-id=\"https:\/\/mtu.gov.hu\/\" target=\"_blank\" rel=\"noreferrer noopener\">Magyar Turisztikai \u00dcgyn\u00f6ks\u00e9g<\/a><\/li>\n<\/ul>\n\n\n\n<p><\/p>","protected":false},"excerpt":{"rendered":"<p>Partner institutions<\/p>","protected":false},"author":1,"featured_media":0,"parent":5,"menu_order":0,"comment_status":"closed","ping_status":"closed","template":"","meta":{"ngg_post_thumbnail":0,"footnotes":""},"class_list":["post-16","page","type-page","status-publish","hentry"],"_links":{"self":[{"href":"https:\/\/konyvtar-idfo.uni-bge.hu\/en\/wp-json\/wp\/v2\/pages\/16","targetHints":{"allow":["GET"]}}],"collection":[{"href":"https:\/\/konyvtar-idfo.uni-bge.hu\/en\/wp-json\/wp\/v2\/pages"}],"about":[{"href":"https:\/\/konyvtar-idfo.uni-bge.hu\/en\/wp-json\/wp\/v2\/types\/page"}],"author":[{"embeddable":true,"href":"https:\/\/konyvtar-idfo.uni-bge.hu\/en\/wp-json\/wp\/v2\/users\/1"}],"replies":[{"embeddable":true,"href":"https:\/\/konyvtar-idfo.uni-bge.hu\/en\/wp-json\/wp\/v2\/comments?post=16"}],"version-history":[{"count":7,"href":"https:\/\/konyvtar-idfo.uni-bge.hu\/en\/wp-json\/wp\/v2\/pages\/16\/revisions"}],"predecessor-version":[{"id":988,"href":"https:\/\/konyvtar-idfo.uni-bge.hu\/en\/wp-json\/wp\/v2\/pages\/16\/revisions\/988"}],"up":[{"embeddable":true,"href":"https:\/\/konyvtar-idfo.uni-bge.hu\/en\/wp-json\/wp\/v2\/pages\/5"}],"wp:attachment":[{"href":"https:\/\/konyvtar-idfo.uni-bge.hu\/en\/wp-json\/wp\/v2\/media?parent=16"}],"curies":[{"name":"wp","href":"https:\/\/api.w.org\/{rel}","templated":true}]}}