{"id":163,"date":"2021-12-09T15:12:16","date_gmt":"2021-12-09T15:12:16","guid":{"rendered":"http:\/\/konyvtar.oditszapc.hu\/?page_id=163"},"modified":"2023-01-23T18:18:41","modified_gmt":"2023-01-23T17:18:41","slug":"magyar","status":"publish","type":"page","link":"https:\/\/konyvtar-idfo.uni-bge.hu\/en\/folyoirataink\/magyar\/","title":{"rendered":"Hungarian"},"content":{"rendered":"<h2 class=\"wp-block-heading\">Magyar Szakfoly\u00f3iratok<\/h2>\n\n\n\n<p class=\"underline top-10\"><strong>Agora &nbsp;\u2013 &nbsp;A BGF KVIFK kultur\u00e1lis \u2013 tudom\u00e1nyos foly\u00f3irata<\/strong><\/p>\n\n\n\n<p>(Alma Mater jogut\u00f3dja) Megjelenik: \u00e9vente 2x<\/p>\n\n\n\n<p>Kiad\u00f3: BGF KVIK<\/p>\n\n\n\n<p>ISSN 1789-2643<\/p>\n\n\n\n<p>2008-2014<\/p>\n\n\n\n<p><\/p>\n\n\n\n<p class=\"underline top-10\"><strong>Balneol\u00f3gia<\/strong><\/p>\n\n\n\n<p>Megjelenik \u00e9vente<\/p>\n\n\n\n<p>Kiad\u00f3: Magyar Balneol\u00f3giai Egyes\u00fclet<\/p>\n\n\n\n<p>ISSN 0865-9222<\/p>\n\n\n\n<p>1982-2013<\/p>\n\n\n\n<p><\/p>\n\n\n\n<p class=\"underline top-10\"><strong>Bar\u00e1ts\u00e1g<\/strong><\/p>\n\n\n\n<p>Megjelenik \u00e9vente hatszor<\/p>\n\n\n\n<p>Kiad\u00f3: Filantr\u00f3p T\u00e1rsas\u00e1g<\/p>\n\n\n\n<p>ISSN 1218-0149<\/p>\n\n\n\n<p>2007- folyamatosan j\u00e1r<\/p>\n\n\n\n<p><\/p>\n\n\n\n<p class=\"underline top-10\"><strong>Bor \u00e9s Piac<\/strong><\/p>\n\n\n\n<p>Megjelenik havonta<\/p>\n\n\n\n<p>Kiad\u00f3: Grabowski<\/p>\n\n\n\n<p>ISSN 1586-6688<\/p>\n\n\n\n<p>2012-2018<\/p>\n\n\n\n<p><\/p>\n\n\n\n<p class=\"underline top-10\"><strong>Bor\u00e1szati F\u00fczetek<\/strong><\/p>\n\n\n\n<p>Megjelenik k\u00e9thavonta<\/p>\n\n\n\n<p>Kiad\u00f3: Magyar Mez\u0151gazdas\u00e1g Kft.<\/p>\n\n\n\n<p>ISSN 12179337<\/p>\n\n\n\n<p>2013-2019<\/p>\n\n\n\n<p><\/p>\n\n\n\n<p class=\"underline top-10\"><strong>Business Traveller<\/strong><\/p>\n\n\n\n<p>Megjelenik k\u00e9thavonta<\/p>\n\n\n\n<p>Kiad\u00f3: Turizmus Kft.<\/p>\n\n\n\n<p>ISSN 0309-9334<\/p>\n\n\n\n<p>2004. november\u00e9t\u0151l folyamatosan j\u00e1r<\/p>\n\n\n\n<p><\/p>\n\n\n\n<p class=\"underline top-10\"><strong>Comitatus &#8211; \u00d6nkorm\u00e1nyzati Szemle<\/strong><\/p>\n\n\n\n<p>Megjelenik \u00e9vente n\u00e9gyszer<\/p>\n\n\n\n<p>Kiad\u00f3: Megyei \u00d6nkorm\u00e1nyzatok Orsz\u00e1gos Sz\u00f6vets\u00e9ge, Veszpr\u00e9m<\/p>\n\n\n\n<p>ISSN 1215315X<\/p>\n\n\n\n<p>2008- folyamatosan j\u00e1r<\/p>\n\n\n\n<p><\/p>\n\n\n\n<p class=\"underline top-10\"><strong>Eur\u00f3pai Utas<\/strong><\/p>\n\n\n\n<p>Megjelenik negyed\u00e9venk\u00e9nt<\/p>\n\n\n\n<p>Kiad\u00f3: Eur\u00f3pai Utas Alap\u00edtv\u00e1ny kurat\u00f3riuma<\/p>\n\n\n\n<p>ISSN 0866-272X<\/p>\n\n\n\n<p>2000 &#8211; 2009<\/p>\n\n\n\n<p class=\"underline top-10\"><strong>A Falu<\/strong><\/p>\n\n\n\n<p>Megjelenik negyed\u00e9venk\u00e9nt<\/p>\n\n\n\n<p>Kiad\u00f3: Agroinform<\/p>\n\n\n\n<p>ISSN 0237-4323<\/p>\n\n\n\n<p>1985- folyamatosan j\u00e1r<\/p>\n\n\n\n<p><\/p>\n\n\n\n<p class=\"underline top-10\"><strong>Falu, V\u00e1ros, R\u00e9gi\u00f3<\/strong><\/p>\n\n\n\n<p>Megjelenik \u00e9vente k\u00e9tszer<\/p>\n\n\n\n<p>Kiad\u00f3: V\u00e1ti Rt.<\/p>\n\n\n\n<p>ISSN 1218-2613<\/p>\n\n\n\n<p>1994-2014<\/p>\n\n\n\n<p><\/p>\n\n\n\n<p class=\"underline top-10\"><strong>F\u00f6ldg\u00f6mb<\/strong><\/p>\n\n\n\n<p>Megjelenik k\u00e9t havonta<\/p>\n\n\n\n<p>Kiad\u00f3: F\u00f6ldg\u00f6mb &#8217;99 Kft.<\/p>\n\n\n\n<p>ISSN 1215-8690<\/p>\n\n\n\n<p>2000- folyamatosan j\u00e1r<\/p>\n\n\n\n<p><\/p>\n\n\n\n<p class=\"underline top-10\"><strong>F\u00f6ldrajzi K\u00f6zlem\u00e9nyek<\/strong><\/p>\n\n\n\n<p>Megjelenik negyed\u00e9vente<\/p>\n\n\n\n<p>Kiad\u00f3: Magyar F\u00f6ldrajzi T\u00e1rsas\u00e1g<\/p>\n\n\n\n<p>ISSN 0015-5411<\/p>\n\n\n\n<p>2007-2011 (elektronikusan el\u00e9rhet\u0151)<\/p>\n\n\n\n<p><\/p>\n\n\n\n<p class=\"underline top-10\"><strong>Gazd\u00e1lkod\u00e1s<\/strong><\/p>\n\n\n\n<p>Megjelenik k\u00e9thavonta<\/p>\n\n\n\n<p>Kiad\u00f3: Nemzeti Agr\u00e1rszaktan\u00e1csad\u00e1si, K\u00e9pz\u00e9si \u00e9s Vid\u00e9kfejleszt\u00e9si Int\u00e9zet<\/p>\n\n\n\n<p>ISSN 0046-5518<\/p>\n\n\n\n<p>2013- folyamatosan j\u00e1r<\/p>\n\n\n\n<p class=\"underline top-10\"><strong>Honismeret<\/strong><\/p>\n\n\n\n<p>Megjelenik k\u00e9thavonta<\/p>\n\n\n\n<p>Kiadja: Honismereti Sz\u00f6vets\u00e9g<\/p>\n\n\n\n<p>ISSN 0324-7627<\/p>\n\n\n\n<p>2015- folyamatosan j\u00e1r<\/p>\n\n\n\n<p><\/p>\n\n\n\n<p class=\"underline top-10\"><strong>HTM<\/strong><\/p>\n\n\n\n<p>Hegyisport \u00e9s turista magazin<\/p>\n\n\n\n<p>1985-2005 Turista Magazin<\/p>\n\n\n\n<p>Megjelent 1985 -1999. VII. k\u00f6z\u00f6tt havonta; 2001. VII.- havonta<\/p>\n\n\n\n<p>1999.VII. &#8211; 2001.VII. k\u00f6z\u00f6tt sz\u00fcnetelt<\/p>\n\n\n\n<p>Kiad\u00f3: Korn\u00e9t\u00e1s Kiad\u00f3, Budapest<\/p>\n\n\n\n<p>1985-2010<\/p>\n\n\n\n<p><\/p>\n\n\n\n<p class=\"underline top-10\"><strong>Idegenforgalmi K\u00f6zlem\u00e9nyek<\/strong><\/p>\n\n\n\n<p>Megjelent negyed\u00e9venk\u00e9nt<\/p>\n\n\n\n<p>Kiad\u00f3: Orsz\u00e1gos Idegenforgalmi Hivatal, Budapest<\/p>\n\n\n\n<p>1970-1990-ig folyamatosan j\u00e1rt, a lap ekkor megsz\u0171nt<\/p>\n\n\n\n<p><\/p>\n\n\n\n<p class=\"underline top-10\"><strong>Karav\u00e1n<\/strong><\/p>\n\n\n\n<p>Megjelenik negyed\u00e9venk\u00e9nt<\/p>\n\n\n\n<p>Kiad\u00f3: Magyar Camping \u00e9s Caravaning Club<\/p>\n\n\n\n<p>ISSN 0133-6274<\/p>\n\n\n\n<p>1981 &#8211; 2011; megsz\u0171nt<\/p>\n\n\n\n<p><\/p>\n\n\n\n<p class=\"underline top-10\"><strong>L\u00e9p\u00e9sek a fenntarthat\u00f3s\u00e1g fel\u00e9<\/strong><\/p>\n\n\n\n<p>Megjelenik negyed\u00e9venk\u00e9nt<\/p>\n\n\n\n<p>Kiad\u00f3: K\u00d6VET Egyes\u00fclet<\/p>\n\n\n\n<p>ISSN 1786-9536<\/p>\n\n\n\n<p>2009- folyamatosan j\u00e1r<\/p>\n\n\n\n<p><\/p>\n\n\n\n<p class=\"underline top-10\"><strong>Magyar Kr\u00f3nika<\/strong><\/p>\n\n\n\n<p>Megjelenik havonta<\/p>\n\n\n\n<p>Kiad\u00f3: Magyar Kr\u00f3nika Kft.<\/p>\n\n\n\n<p>2014-2021<\/p>\n\n\n\n<p><\/p>\n\n\n\n<p class=\"underline top-10\"><strong>Marketing &amp; Menedzsment<\/strong><\/p>\n\n\n\n<p>1995 el\u0151tt Marketing \u2013 Piackutat\u00e1s<\/p>\n\n\n\n<p>Megjelenik negyed\u00e9vente<\/p>\n\n\n\n<p>Kiad\u00f3: Gfk Hung\u00e1ria Piackutat\u00f3 Int\u00e9zet<\/p>\n\n\n\n<p>ISSN 1219-0349<\/p>\n\n\n\n<p>1985-2004; sz\u00fcnetelt<\/p>\n\n\n\n<p>2010-2011; sz\u00fcnetelt<\/p>\n\n\n\n<p>1995-2003, 2010-2021 (elektronikusan el\u00e9rhet\u0151)<\/p>\n\n\n\n<p><\/p>\n\n\n\n<p class=\"underline top-10\"><strong>Modern Hotel<\/strong><\/p>\n\n\n\n<p>Megjelenik k\u00e9thavonta<\/p>\n\n\n\n<p>Kiad\u00f3: Geom\u00e9dia Rt.<\/p>\n\n\n\n<p>2004-2007. 4. sz\u00e1mig folyamatosan j\u00e1rt<\/p>\n\n\n\n<p>2007-t\u0151l \u00f6sszevont\u00e1k a Vend\u00e9g c. foly\u00f3irattal (Vend\u00e9g &amp; Hotel)<\/p>\n\n\n\n<p>2013-t\u00f3l a Turizmus Trend mell\u00e9klete<\/p>\n\n\n\n<p><\/p>\n\n\n\n<p class=\"underline top-10\"><strong>M\u00falt-kor<\/strong><\/p>\n\n\n\n<p>T\u00f6rt\u00e9nelmi magazin<\/p>\n\n\n\n<p>Megjelenik negyed\u00e9vente<\/p>\n\n\n\n<p>Kiad\u00f3: Start Design Kft.<\/p>\n\n\n\n<p>ISSN 2061-3563<\/p>\n\n\n\n<p>2015- folyamatosan j\u00e1r<\/p>\n\n\n\n<p><\/p>\n\n\n\n<p class=\"underline top-10\"><strong>M\u0171eml\u00e9kv\u00e9delem<\/strong><\/p>\n\n\n\n<p>Megjelenik \u00e9vente hatszor<\/p>\n\n\n\n<p>Kiad\u00f3: Forster Gyula Nemzeti \u00d6r\u00f6ks\u00e9ggazd\u00e1lkod\u00e1si \u00e9s Szolg\u00e1ltat\u00e1si K\u00f6zpont<\/p>\n\n\n\n<p>ISSN 0541-2439<\/p>\n\n\n\n<p>1981- folyamatosan j\u00e1r<\/p>\n\n\n\n<p><\/p>\n\n\n\n<p class=\"underline top-10\"><strong>National Geographic<\/strong><\/p>\n\n\n\n<p>Megjelenik havonta<\/p>\n\n\n\n<p>Kiad\u00f3: Sanoma Kiad\u00f3<\/p>\n\n\n\n<p>ISSN 1589-3669<\/p>\n\n\n\n<p>2003- folyamatosan j\u00e1r<\/p>\n\n\n\n<p><\/p>\n\n\n\n<p class=\"underline top-10\"><strong>Nyelvvil\u00e1g<\/strong><\/p>\n\n\n\n<p>Megjelenik \u00e9vente<\/p>\n\n\n\n<p>Kiad\u00f3: BGF Idegennyelvi \u00e9s Kommunik\u00e1ci\u00f3s Int\u00e9zete<\/p>\n\n\n\n<p>ISSN 1786-0636<\/p>\n\n\n\n<p>2004- folyamatosan j\u00e1r<\/p>\n\n\n\n<p><\/p>\n\n\n\n<p class=\"underline top-10\"><strong>Pannon Management Review<\/strong><\/p>\n\n\n\n<p>Nyelv: angol<\/p>\n\n\n\n<p>Kiad\u00f3: Pannon Egyetem Gazdas\u00e1gtudom\u00e1nyi Kar<\/p>\n\n\n\n<p>ISSN 2063-8248<\/p>\n\n\n\n<p>2016\/5- 2021 (elektronikusan el\u00e9rhet\u0151)<\/p>\n\n\n\n<p><\/p>\n\n\n\n<p class=\"underline top-10\"><strong>Polg\u00e1ri Szemle<\/strong><\/p>\n\n\n\n<p>Megjelenik havonta<\/p>\n\n\n\n<p>Kiad\u00f3: Polg\u00e1ri Szemle Alap\u00edtv\u00e1ny<\/p>\n\n\n\n<p>ISSN 1786-6553<\/p>\n\n\n\n<p>2005 j\u00faliust\u00f3l &#8211; 2021 (elektronikusan el\u00e9rhet\u0151)<\/p>\n\n\n\n<p><\/p>\n\n\n\n<p class=\"underline top-10\"><strong>Szemelv\u00e9nyek a nemzetk\u00f6zi idegenforgalmi szaksajt\u00f3b\u00f3l<\/strong><\/p>\n\n\n\n<p>Megjelenik \u00e9vente 4x<\/p>\n\n\n\n<p>Kiad\u00f3: BGF \u2013 KVIFK<\/p>\n\n\n\n<p>1980-2006; megsz\u0171nt<\/p>\n\n\n\n<p><\/p>\n\n\n\n<p class=\"underline top-10\"><strong>Telep\u00fcl\u00e9sf\u00f6ldrajzi tanulm\u00e1nyok<\/strong><\/p>\n\n\n\n<p>Megjelenik \u00e9vente 2x<\/p>\n\n\n\n<p>ISSN 2063 4315<\/p>\n\n\n\n<p>2013-folyamatosan j\u00e1r<\/p>\n\n\n\n<p><\/p>\n\n\n\n<p class=\"underline top-10\"><strong>T\u00e9r \u00e9s T\u00e1rsadalom<\/strong><\/p>\n\n\n\n<p>Megjelenik \u00e9vente 4x<\/p>\n\n\n\n<p>Kiad\u00f3: MTA &#8211; Region\u00e1lis Kutat\u00e1sok K\u00f6zpontja<\/p>\n\n\n\n<p>2003- folyamatosan j\u00e1r<\/p>\n\n\n\n<p><\/p>\n\n\n\n<p class=\"underline top-10\"><strong>Term\u00e9szettudom\u00e1nyi K\u00f6zlem\u00e9nyek<\/strong><\/p>\n\n\n\n<p>Megjelenik \u00e9vente 1x<\/p>\n\n\n\n<p>Kiad\u00f3: Ny\u00edregyh\u00e1zi F\u0151iskola Term\u00e9szettudom\u00e1nyi Kar<\/p>\n\n\n\n<p>ISSN 1587-7922<\/p>\n\n\n\n<p>2001\u20132006<\/p>\n\n\n\n<p><\/p>\n\n\n\n<p class=\"underline top-10\"><strong>Ter\u00fcleti Statisztika<\/strong><\/p>\n\n\n\n<p>Megjelenik k\u00e9t havonta<\/p>\n\n\n\n<p>Kiad\u00f3: KSH<\/p>\n\n\n\n<p>ISSN 0018-7828<\/p>\n\n\n\n<p>1998- folyamatosan j\u00e1r<\/p>\n\n\n\n<p><\/p>\n\n\n\n<p class=\"underline top-10\"><strong>TTG Hungary<\/strong><\/p>\n\n\n\n<p>Megjelenik k\u00e9thetente<\/p>\n\n\n\n<p>Kiad\u00f3: IBIS<\/p>\n\n\n\n<p>ISSN 0866-2045<\/p>\n\n\n\n<p>1990-2011<\/p>\n\n\n\n<p><\/p>\n\n\n\n<p class=\"underline top-10\"><strong>Turista Magazin<\/strong><\/p>\n\n\n\n<p>Megjelenik havonta<\/p>\n\n\n\n<p>Kiad\u00f3: Magyar Term\u00e9szetj\u00e1r\u00f3 Sz\u00f6vets\u00e9g<\/p>\n\n\n\n<p>ISSN 2060-6133<\/p>\n\n\n\n<p>1985-2004 (2005-2008 k\u00f6z\u00f6tt HTM n\u00e9ven, 2009-t\u0151l kett\u00e9v\u00e1lt)<\/p>\n\n\n\n<p>2009- folyamatosan j\u00e1r<\/p>\n\n\n\n<p><\/p>\n\n\n\n<p class=\"underline top-10\"><strong>Turisztikai \u00c9rtes\u00edt\u0151<\/strong><\/p>\n\n\n\n<p>Megjelenik havonta<\/p>\n\n\n\n<p>Kiad\u00f3: Magyar Hivatalos K\u00f6zl\u00f6nykiad\u00f3<\/p>\n\n\n\n<p>ISSN 1218-8395<\/p>\n\n\n\n<p>1995-2008; megsz\u0171nt<\/p>\n\n\n\n<p><\/p>\n\n\n\n<p class=\"underline top-10\"><strong>Turisztikai- \u00e9s Vid\u00e9kfejleszt\u00e9si Tanulm\u00e1nyok (online foly\u00f3irat)<\/strong><\/p>\n\n\n\n<p>Megjelenik negyed\u00e9vente<\/p>\n\n\n\n<p>Kiad\u00f3: CampInvest Kft.<\/p>\n\n\n\n<p>ISSN 2498-6984<\/p>\n\n\n\n<p>2016-<\/p>\n\n\n\n<p>A k\u00f6nyvt\u00e1rban online el\u00e9rhet\u0151<\/p>\n\n\n\n<p><\/p>\n\n\n\n<p class=\"underline top-10\"><strong>Turizmus Bulletin<\/strong><\/p>\n\n\n\n<p>Megjelenik negyed\u00e9vente<\/p>\n\n\n\n<p>Kiad\u00f3: Magyar Turizmus Rt.<\/p>\n\n\n\n<p>ISSN 1416-9967<\/p>\n\n\n\n<p>1997- folyamatosan j\u00e1rt<\/p>\n\n\n\n<p>2011-2012; sz\u00fcnetelt<\/p>\n\n\n\n<p>2013-2014; megsz\u0171nt<\/p>\n\n\n\n<p>2017- folyamatosan j\u00e1r<\/p>\n\n\n\n<p><\/p>\n\n\n\n<p class=\"underline top-10\"><strong>Turizmus.com<\/strong><\/p>\n\n\n\n<p>el\u0151dje: 2001-2017 Turizmus Panor\u00e1ma<\/p>\n\n\n\n<p>Megjelenik havonta<\/p>\n\n\n\n<p>Kiad\u00f3: Turizmus Kft.<\/p>\n\n\n\n<p>ISSN 1587-5741<\/p>\n\n\n\n<p>2001- folyamatosan j\u00e1r<\/p>\n\n\n\n<p><\/p>\n\n\n\n<p class=\"underline top-10\"><strong>Turizmus &amp; Vend\u00e9g<\/strong><\/p>\n\n\n\n<p>1962 &#8211; 1986 Idegenforgalom<\/p>\n\n\n\n<p>1986 &#8211; 1997 Turizmus<\/p>\n\n\n\n<p>1998 &#8211; 2000 Heti Turizmus<\/p>\n\n\n\n<p>2001 &#8211; 2004 2Heti Turizmus<\/p>\n\n\n\n<p>2005-2017 Turizmus Trend<\/p>\n\n\n\n<p>2017. december\u00e9t\u0151l Turizmus &amp; Vend\u00e9g<\/p>\n\n\n\n<p>2019-ben \u00e1talakult,&nbsp;<strong>Pont Itt<\/strong>&nbsp;n\u00e9ven jelenik meg<\/p>\n\n\n\n<p>Megjelenik havonta<\/p>\n\n\n\n<p>Kiad\u00f3: Professional Publishing<\/p>\n\n\n\n<p>ISSN 1786-4585<\/p>\n\n\n\n<p>1962- folyamatosan j\u00e1r<\/p>\n\n\n\n<p><\/p>\n\n\n\n<p class=\"underline top-10\"><strong>\u00dczlet \u00e9s pszichol\u00f3gia<\/strong><\/p>\n\n\n\n<p>Megjelenik k\u00e9thavonta<\/p>\n\n\n\n<p>Kiad\u00f3: Professional Publishing<\/p>\n\n\n\n<p>ISSN 2063-7276<\/p>\n\n\n\n<p>2012-2022<\/p>\n\n\n\n<p><\/p>\n\n\n\n<p class=\"underline top-10\"><strong>V\u00e1rak, Kast\u00e9lyok, Templomok<\/strong><\/p>\n\n\n\n<p>Megjelenik k\u00e9t havonta<\/p>\n\n\n\n<p>Kiad\u00f3: Talma Bt.<\/p>\n\n\n\n<p>ISSN 1786-7150<\/p>\n\n\n\n<p>2005 \u2013 2013; megsz\u0171nt<\/p>\n\n\n\n<p>2017-2019<\/p>\n\n\n\n<p><\/p>\n\n\n\n<p class=\"underline top-10\"><strong>Vend\u00e9g<\/strong><\/p>\n\n\n\n<p>Megjelenik havonta<\/p>\n\n\n\n<p>Kiad\u00f3: Geom\u00e9dia Kiad\u00f3 Rt.<\/p>\n\n\n\n<p>ISSN 1216-528X<\/p>\n\n\n\n<p>1993-1996-ig folyamatosan j\u00e1rt, 2000-ig sz\u00fcnetelt<\/p>\n\n\n\n<p>\u00dajraindult 2000-ben; folyamatosan j\u00e1r<\/p>\n\n\n\n<p>2007-ben \u00f6sszevont\u00e1k a Modern Hotellel (Vend\u00e9g &amp; Hotel)<\/p>\n\n\n\n<p>2013-t\u00f3l Turizmus Trend, majd 2017-t\u0151l a Turizmus &amp; Vend\u00e9g mell\u00e9klete<\/p>\n\n\n\n<p><\/p>\n\n\n\n<p class=\"underline top-10\"><strong>Vend\u00e9g &amp; Hotel<\/strong><\/p>\n\n\n\n<p>Megjelenik havonta<\/p>\n\n\n\n<p>Kiad\u00f3: Professional Publishing Hungary Kft.<\/p>\n\n\n\n<p>ISSN 1789-445X<\/p>\n\n\n\n<p>2007- folyamatosan j\u00e1r<\/p>\n\n\n\n<p>2013-t\u00f3l Turizmus Trend, majd 2017-t\u0151l a Turizmus &amp; Vend\u00e9g mell\u00e9klete<\/p>\n\n\n\n<p><\/p>\n\n\n\n<p class=\"underline top-10\"><strong>Vend\u00e9gl\u00e1t\u00e1s<\/strong><\/p>\n\n\n\n<p>Megjelenik havonta<\/p>\n\n\n\n<p>Kiad\u00f3: Centralpress Hungary Kft.<\/p>\n\n\n\n<p>ISSN 0133-3550<\/p>\n\n\n\n<p>1997- folyamatosan j\u00e1r<\/p>\n\n\n\n<p><\/p>\n\n\n\n<p class=\"underline top-10\"><strong>Vezet\u00e9studom\u00e1ny<\/strong><\/p>\n\n\n\n<p>Megjelenik havonta<\/p>\n\n\n\n<p>Kiad\u00f3: BCE<\/p>\n\n\n\n<p>2013- folyamatosan j\u00e1r<\/p>\n\n\n\n<p><\/p>\n\n\n\n<p class=\"underline\"><strong>Vid\u00e9k \u00edze<\/strong><\/p>\n\n\n\n<p>Megjelenik havonta<\/p>\n\n\n\n<p>Kiad\u00f3: Geom\u00e9dia Zrt.<\/p>\n\n\n\n<p>ISSN 1787-2979<\/p>\n\n\n\n<p>2006. okt\u00f3bert\u0151l &#8211; folyamatosan j\u00e1r<\/p>\n\n\n\n<p><\/p>\n\n\n\n<p class=\"underline top-10\"><strong>Vil\u00e1gutaz\u00e1s<\/strong><\/p>\n\n\n\n<p>Megjelenik negyed\u00e9vente<\/p>\n\n\n\n<p>Kiad\u00f3: Redakci\u00f3 Kft.<\/p>\n\n\n\n<p>ISSN 1418-4435<\/p>\n\n\n\n<p>2006 -2011<\/p>\n\n\n\n<p>2012-ben megsz\u0171nt<\/p>\n\n\n\n<p><\/p>\n\n\n\n<p class=\"underline top-10\"><strong>Vil\u00e1gj\u00e1r\u00f3<\/strong><\/p>\n\n\n\n<p>Megjelenik havonta<\/p>\n\n\n\n<p>Kiad\u00f3: Vil\u00e1gj\u00e1r\u00f3 Utaz\u00e1si Magazin<\/p>\n\n\n\n<p>ISSN 1587-5555<\/p>\n\n\n\n<p>2012- folyamatosan j\u00e1r<\/p>","protected":false},"excerpt":{"rendered":"<p>Magyar Szakfoly\u00f3iratok Agora &nbsp;\u2013 &nbsp;A BGF KVIFK kultur\u00e1lis \u2013 tudom\u00e1nyos foly\u00f3irata (Alma Mater jogut\u00f3dja) Megjelenik: \u00e9vente 2x Kiad\u00f3: BGF KVIK ISSN 1789-2643 2008-2014 Balneol\u00f3gia Megjelenik \u00e9vente Kiad\u00f3: Magyar Balneol\u00f3giai Egyes\u00fclet ISSN 0865-9222 1982-2013 Bar\u00e1ts\u00e1g Megjelenik \u00e9vente hatszor Kiad\u00f3: Filantr\u00f3p T\u00e1rsas\u00e1g ISSN 1218-0149 2007- folyamatosan j\u00e1r Bor \u00e9s Piac Megjelenik havonta Kiad\u00f3: Grabowski ISSN 1586-6688 2012-2018 [&hellip;]<\/p>","protected":false},"author":1,"featured_media":0,"parent":161,"menu_order":0,"comment_status":"closed","ping_status":"closed","template":"","meta":{"ngg_post_thumbnail":0,"footnotes":""},"class_list":["post-163","page","type-page","status-publish","hentry"],"_links":{"self":[{"href":"https:\/\/konyvtar-idfo.uni-bge.hu\/en\/wp-json\/wp\/v2\/pages\/163","targetHints":{"allow":["GET"]}}],"collection":[{"href":"https:\/\/konyvtar-idfo.uni-bge.hu\/en\/wp-json\/wp\/v2\/pages"}],"about":[{"href":"https:\/\/konyvtar-idfo.uni-bge.hu\/en\/wp-json\/wp\/v2\/types\/page"}],"author":[{"embeddable":true,"href":"https:\/\/konyvtar-idfo.uni-bge.hu\/en\/wp-json\/wp\/v2\/users\/1"}],"replies":[{"embeddable":true,"href":"https:\/\/konyvtar-idfo.uni-bge.hu\/en\/wp-json\/wp\/v2\/comments?post=163"}],"version-history":[{"count":9,"href":"https:\/\/konyvtar-idfo.uni-bge.hu\/en\/wp-json\/wp\/v2\/pages\/163\/revisions"}],"predecessor-version":[{"id":940,"href":"https:\/\/konyvtar-idfo.uni-bge.hu\/en\/wp-json\/wp\/v2\/pages\/163\/revisions\/940"}],"up":[{"embeddable":true,"href":"https:\/\/konyvtar-idfo.uni-bge.hu\/en\/wp-json\/wp\/v2\/pages\/161"}],"wp:attachment":[{"href":"https:\/\/konyvtar-idfo.uni-bge.hu\/en\/wp-json\/wp\/v2\/media?parent=163"}],"curies":[{"name":"wp","href":"https:\/\/api.w.org\/{rel}","templated":true}]}}