{"id":165,"date":"2021-12-09T15:12:37","date_gmt":"2021-12-09T15:12:37","guid":{"rendered":"http:\/\/konyvtar.oditszapc.hu\/?page_id=165"},"modified":"2023-01-23T18:12:24","modified_gmt":"2023-01-23T17:12:24","slug":"kulfoldi","status":"publish","type":"page","link":"https:\/\/konyvtar-idfo.uni-bge.hu\/en\/folyoirataink\/kulfoldi\/","title":{"rendered":"Foreign"},"content":{"rendered":"<h4 class=\"top-10 wp-block-heading\">ANNALS OF TOURISM RESEARCH : A SOCIAL SCIENCES JOURNAL<\/h4>\n\n\n\n<p>Nyelv: angol (francia \u00f6sszefoglal\u00f3kkal)<br>Megjelenik negyed\u00e9venk\u00e9nt<br>Kiad\u00f3: Elsevier, UK<br>ISSN 0160-7383<br>1982- folyamatosan j\u00e1r<\/p>\n\n\n\n<h4 class=\"top-10 wp-block-heading\">CURRENT ISSUES IN TOURISM<\/h4>\n\n\n\n<p>Nyelv: angol<br>Megjelenik \u00e9vente hatszor<br>Kiad\u00f3: Taylor and Francis, Philadelphia<br>ISSN 1368-3500<br>1998- (ind\u00edt\u00e1s\u00e1t\u00f3l) folyamatosan j\u00e1r<br>A k\u00f6nyvt\u00e1rban online el\u00e9rhet\u0151<\/p>\n\n\n\n<h4 class=\"top-10 wp-block-heading\">ESPACES (REVUE ESPACES)<\/h4>\n\n\n\n<p>Revue mensuelle du tourisme, des loisirs, de la culture et de l\u2019environment<br>Nyelv: francia<br>Megjelenik \u00e9vente 11x<br>Kiad\u00f3: SARLETE, Paris<br>ISSN 0336-1446<br>1985-2012; 2015-2022<\/p>\n\n\n\n<h4 class=\"top-10 wp-block-heading\">FM FACH MAGAZIN<\/h4>\n\n\n\n<p>Fach Magazin f\u00fcr Touristik, Gastronomie, Hotellerie<br>1990 szeptember el\u0151tt FM Fremdenverkehr<br>Nyelv: n\u00e9met<br>Megjelenik 2000- \u00e9vente 4x; el\u0151tte \u00e9vente 12x<br>Kiad\u00f3: Mucha Verlag, Wien<br>2009-2019<\/p>\n\n\n\n<h4 class=\"top-10 wp-block-heading\">INTERNATIONAL JOURNAL OF HOSPITALITY MANAGEMENT<\/h4>\n\n\n\n<p>Nyelv: angol<br>Megjelenik negyed\u00e9venk\u00e9nt<br>Kiad\u00f3: Elsevier, Amsterdam<br>ISSN 0278 4319<\/p>\n\n\n\n<p>1985-2013<\/p>\n\n\n\n<p>A k\u00f6nyvt\u00e1rban online el\u00e9rhet\u0151<\/p>\n\n\n\n<h4 class=\"top-10 wp-block-heading\">JOURNAL OF CONVENTION &amp; EVENT TOURISM<\/h4>\n\n\n\n<p>Nyelv: angol<br>Megjelenik: negyed\u00e9vente<br>Kiad\u00f3: Taylor &amp; Francis Group, Philadelphia<br>ISSN 1547-0148<br>2008-2019<br>A k\u00f6nyvt\u00e1rban online el\u00e9rhet\u0151<\/p>\n\n\n\n<h4 class=\"top-10 wp-block-heading\">JOURNAL OF ECOTOURISM<\/h4>\n\n\n\n<p>Nyelv: angol<br>Megjelenik \u00e9vente 3x<br>Kiad\u00f3: Channel View Publications, Clevedon<br>ISSN 1472-4049<br>2002-2019<\/p>\n\n\n\n<p>A k\u00f6nyvt\u00e1rban online el\u00e9rhet\u0151<\/p>\n\n\n\n<h4 class=\"top-10 wp-block-heading\">JOURNAL OF HOSPITALITY AND LEISURE MARKETING<\/h4>\n\n\n\n<p>The International Forum of Research, Theory and Practice<br>Nyelv: angol<br>Megjelenik negyed\u00e9venk\u00e9nt<br>Kiad\u00f3: The Haworth Hospitality Press, Binghampton<br>ISSN 1050-7051<br>1999-2006<\/p>\n\n\n\n<h4 class=\"top-10 wp-block-heading\">JOURNAL OF HOSPITALITY AND TOURISM EDUCATION<\/h4>\n\n\n\n<p>Nyelv: angol<br>Megjelenik negyed\u00e9venk\u00e9nt<br>Kiad\u00f3: Council on Hotel, Restaurant &amp; Institutional Educational (CHRIE), Washington<br>ISSN 1096-3758<br>1997- folyamatosan j\u00e1r<\/p>\n\n\n\n<h4 class=\"top-10 wp-block-heading\">JOURNAL OF HOSPITALITY &amp; TOURISM RESEARCH<\/h4>\n\n\n\n<p>The Professional journal of the Council on Hotel, Restaurant and Institutional Education<br>1990-1996 k\u00f6z\u00f6tt Hospitality Research<br>Nyelv: angol<br>Megjelenik negyed\u00e9vente<br>Kiad\u00f3: Sage PublicationsThousan Oaks<br>ISSN 1096 3480<br>1997-2018<br>A k\u00f6nyvt\u00e1rban online el\u00e9rhet\u0151<\/p>\n\n\n\n<h4 class=\"top-10 wp-block-heading\">JOURNAL OF QUALITY ASSURANCE IN HOSPITALITY AND TOURISM<\/h4>\n\n\n\n<p>Nyelv: angol<br>Megjelenik \u00e9vente 4x<br>Kiad\u00f3: Taylor and Francis, Philadelphia<br>ISSN 1528-008X<br>2000- folyamatosan j\u00e1r<br>A k\u00f6nyvt\u00e1rban online el\u00e9rhet\u0151<\/p>\n\n\n\n<h4 class=\"top-10 wp-block-heading\">JOURNAL OF SPORT AND TOURISM<\/h4>\n\n\n\n<p>Nyelv: angol<br>Megjelenik: negyed\u00e9vente<br>Kiad\u00f3: Taylor &amp; Francis, Abingdon<br>2008-2013; 2016-2019<br>A k\u00f6nyvt\u00e1rban online el\u00e9rhet\u0151<\/p>\n\n\n\n<h4 class=\"top-10 wp-block-heading\">JOURNAL OF SUSTAINABLE TOURISM<\/h4>\n\n\n\n<p>Nyelv: angol<br>Megjelenik negyed\u00e9vente<br>Kiad\u00f3: Taylor and Francis, Philadelphia<br>ISSN 0966-9582<br>2000- folyamatosan j\u00e1r<br>A k\u00f6nyvt\u00e1rban online el\u00e9rhet\u0151<\/p>\n\n\n\n<h4 class=\"top-10 wp-block-heading\">JOURNAL OF TRAVEL RESEARCH<\/h4>\n\n\n\n<p>Travel and Tourism Research Association and the Business Research Division<br>Nyelv: angol<br>Megjelenik negyed\u00e9vente<br>Kiad\u00f3: Sage Publications, UK<br>ISSN 0047-2875<br>1987-2018<br>A k\u00f6nyvt\u00e1rban online el\u00e9rhet\u0151<\/p>\n\n\n\n<h4 class=\"top-10 wp-block-heading\">JOURNAL OF TRAVEL AND TOURISM MARKETING<\/h4>\n\n\n\n<p>Nyelv: angol<br>Megjelenik negyed\u00e9vente<br>Kiad\u00f3: Taylor and Francis, Philadelphia<br>ISSN 1054 8408<br>1995-2008; 2011<br>A k\u00f6nyvt\u00e1rban online el\u00e9rhet\u0151<\/p>\n\n\n\n<h4 class=\"top-10 wp-block-heading\">JOURNAL OF VACATION MARKETING<\/h4>\n\n\n\n<p>Nyelv: angol<br>Megjelenik negyed\u00e9vente<br>Kiad\u00f3: Sage Pubilcations, UK<br>ISSN 1356-7667<br>1999-2019<br>A k\u00f6nyvt\u00e1rban online el\u00e9rhet\u0151<\/p>\n\n\n\n<h4 class=\"top-10 wp-block-heading\">LODGING<\/h4>\n\n\n\n<p>The management magazine of the American Hotel and Motel Association<br>Nyelv: angol<br>Megjelenik havonta<br>Kiad\u00f3: AH&amp;MA<br>ISSN 0360-9235<br>2006-2008, 2011-2014<\/p>\n\n\n\n<h4 class=\"top-10 wp-block-heading\">MERIAN<\/h4>\n\n\n\n<p>Das Monatsheft der St\u00e4dte und Lanschaften<br>Megjelenik havonta<br>Nyelv: n\u00e9met<br>Kiad\u00f3: Jahreszeiten Verlag, Hamburg<br>ISSN 34552940<br>1954-2013<\/p>\n\n\n\n<h4 class=\"top-10 wp-block-heading\">THE SERVICE INDUSTRIES JOURNAL<\/h4>\n\n\n\n<p>Nyelv: angol<br>Megjelenik negyed\u00e9vente<br>Kiad\u00f3: Frank Cass &amp; CO. Ltd, London<br>ISSN 0264-2069<br>1992-2009<\/p>\n\n\n\n<h4 class=\"top-10 wp-block-heading\">TOURISM ECONOMICS<\/h4>\n\n\n\n<p>Nyelv: angol<br>Kiad\u00f3: IP Publishing Ltd.<br>Megjelenik negyed\u00e9vente<br>2010-2019<br>A k\u00f6nyvt\u00e1rban online el\u00e9rhet\u0151<\/p>\n\n\n\n<h4 class=\"top-10 wp-block-heading\">TOURISM MANAGEMENT<\/h4>\n\n\n\n<p>Research, Policies, Practice<br>Nyelv: angol<br>Megjelenik \u00e9vente 6x<br>Kiad\u00f3: Elsevier, Amsterdam<br>ISSN 0261-5177<br>1982- folyamatosan j\u00e1r<\/p>\n\n\n\n<h4 class=\"top-10 wp-block-heading\">TOURISM REVIEW (REVUE DE TOURISME -THE TOURISM REVIEW &#8211; ZEITSCHRIFT F\u00dcR FREMDENVERKEHR)<\/h4>\n\n\n\n<p>Organe officiel de l\u2019association Internationale d\u2019experts Scientifiques du Tourisme<br>Nyelv: francia, angol, n\u00e9met<br>Megjelenik negyed\u00e9vente<br>Kiad\u00f3: Emerelad Group, Bingley<br>ISSN 1660-5373<br>2000-2019<br>A k\u00f6nyvt\u00e1rban online el\u00e9rhet\u0151<\/p>\n\n\n\n<h4 class=\"top-10 wp-block-heading\">TOURISMUS JOURNAL<\/h4>\n\n\n\n<p>Nyelv: n\u00e9met<br>Megjelenik \u00e9vente 4x<br>Kiad\u00f3: Lucius &amp; Lucius Verlagsgesellschaft, Stuttgart<br>1998- 2006 (megsz\u0171nt)<\/p>\n\n\n\n<h4 class=\"top-10 wp-block-heading\">TRVL COUNTER<\/h4>\n\n\n\n<p>2003\/22 sz\u00e1m el\u0151tt Reiseb\u00fcro Bulletin, 2019-ig Travel One<br>Nyelv: n\u00e9met<br>Megjelenik k\u00e9thetente<br>Kiad\u00f3: Travel Trade Press, Darmstadt<br>1982-2020<\/p>\n\n\n\n<h4 class=\"top-10 wp-block-heading\">TRAVEL &amp; TOURISM ANALYST<\/h4>\n\n\n\n<p>1986-1997 k\u00f6z\u00f6tt International Tourism Reports<br>Nyelv: angol<br>Megjelenik k\u00e9thavonta<br>Kiad\u00f3: Mintel, London<br>ISSN 0269-3755<br>1986-2019<br><\/p>\n\n\n\n<h4 class=\"top-10 wp-block-heading\">TTI COUNTRY REPORTS<\/h4>\n\n\n\n<p>Nyelv: angol<br>Megjelenik negyed\u00e9vente<br>Kiad\u00f3: Mintel, London<br>ISSN 1466-612X<br>1998-2019<\/p>\n\n\n\n<h4 class=\"top-10 wp-block-heading\">UNWTO WORLD TOURISM BAROMETER<\/h4>\n\n\n\n<p>Nyelv: angol<br>Megjelenik: negyed\u00e9vente<br>Kiad\u00f3: UNWTO, Madrid<br>ISSN 1728-9246<br>2004-2018<\/p>\n\n\n\n<p>A k\u00f6nyvt\u00e1rban online el\u00e9rhet\u0151<\/p>","protected":false},"excerpt":{"rendered":"<p>ANNALS OF TOURISM RESEARCH : A SOCIAL SCIENCES JOURNAL Nyelv: angol (francia \u00f6sszefoglal\u00f3kkal)Megjelenik negyed\u00e9venk\u00e9ntKiad\u00f3: Elsevier, UKISSN 0160-73831982- folyamatosan j\u00e1r CURRENT ISSUES IN TOURISM Nyelv: angolMegjelenik \u00e9vente hatszorKiad\u00f3: Taylor and Francis, PhiladelphiaISSN 1368-35001998- (ind\u00edt\u00e1s\u00e1t\u00f3l) folyamatosan j\u00e1rA k\u00f6nyvt\u00e1rban online el\u00e9rhet\u0151 ESPACES (REVUE ESPACES) Revue mensuelle du tourisme, des loisirs, de la culture et de l\u2019environmentNyelv: franciaMegjelenik \u00e9vente [&hellip;]<\/p>","protected":false},"author":1,"featured_media":0,"parent":161,"menu_order":0,"comment_status":"closed","ping_status":"closed","template":"","meta":{"ngg_post_thumbnail":0,"footnotes":""},"class_list":["post-165","page","type-page","status-publish","hentry"],"_links":{"self":[{"href":"https:\/\/konyvtar-idfo.uni-bge.hu\/en\/wp-json\/wp\/v2\/pages\/165","targetHints":{"allow":["GET"]}}],"collection":[{"href":"https:\/\/konyvtar-idfo.uni-bge.hu\/en\/wp-json\/wp\/v2\/pages"}],"about":[{"href":"https:\/\/konyvtar-idfo.uni-bge.hu\/en\/wp-json\/wp\/v2\/types\/page"}],"author":[{"embeddable":true,"href":"https:\/\/konyvtar-idfo.uni-bge.hu\/en\/wp-json\/wp\/v2\/users\/1"}],"replies":[{"embeddable":true,"href":"https:\/\/konyvtar-idfo.uni-bge.hu\/en\/wp-json\/wp\/v2\/comments?post=165"}],"version-history":[{"count":7,"href":"https:\/\/konyvtar-idfo.uni-bge.hu\/en\/wp-json\/wp\/v2\/pages\/165\/revisions"}],"predecessor-version":[{"id":934,"href":"https:\/\/konyvtar-idfo.uni-bge.hu\/en\/wp-json\/wp\/v2\/pages\/165\/revisions\/934"}],"up":[{"embeddable":true,"href":"https:\/\/konyvtar-idfo.uni-bge.hu\/en\/wp-json\/wp\/v2\/pages\/161"}],"wp:attachment":[{"href":"https:\/\/konyvtar-idfo.uni-bge.hu\/en\/wp-json\/wp\/v2\/media?parent=165"}],"curies":[{"name":"wp","href":"https:\/\/api.w.org\/{rel}","templated":true}]}}