{"id":167,"date":"2021-12-09T15:13:15","date_gmt":"2021-12-09T15:13:15","guid":{"rendered":"http:\/\/konyvtar.oditszapc.hu\/?page_id=167"},"modified":"2023-09-19T09:41:23","modified_gmt":"2023-09-19T07:41:23","slug":"gyarapodasi-jegyzek","status":"publish","type":"page","link":"https:\/\/konyvtar-idfo.uni-bge.hu\/en\/gyarapodasi-jegyzek\/","title":{"rendered":"Growth inventory"},"content":{"rendered":"<h3 class=\"wp-block-heading\">Szakk\u00f6nyvek<\/h3>\n\n\n\n<ul class=\"wp-block-list\">\n<li>Czibulka Zolt\u00e1n : Mit \u00e9rdemes tudni&#8230;utaz\u00e1s el\u0151tt. \u2014 Budapest : Plesz Kft., [2017]<\/li>\n\n\n\n<li>Kov\u00e1cs Dezs\u0151 : M\u00e9h\u00e9szk\u00f6nyv : eladjuk vagy \u00e9rt\u00e9kes\u00edtj\u00fck?. \u2014 Baja : B\u00e1cska Gemenc Kft., 2017<\/li>\n\n\n\n<li>Kov\u00e1cs Tibor, Moln\u00e1r Csilla, Papanek G\u00e1bor : Turizmus-gazdas\u00e1gtan. \u2014 Eger : L\u00edceum, 2017<\/li>\n\n\n\n<li>K\u00f6ves Tam\u00e1s : A rendezv\u00e9nyszervez\u00e9s ABC-je : II. k\u00f6tet : kongresszusszervez\u00e9s. \u2014 [Budapest] : PublicPress Kft, 2018<\/li>\n\n\n\n<li>Rozsnyai J\u00f3zsef : A magyar \u00e9p\u00edt\u00e9szet r\u00f6vid t\u00f6rt\u00e9nete. \u2014 Budapest : Holnap, 2017<\/li>\n\n\n\n<li>Siegel, Eric S. : Ernst &amp; Young \u00fczletiterv-kalauz. \u2014 Budapest : Co-Nex, 1995<\/li>\n\n\n\n<li>V\u00e1rhelyi Tam\u00e1s : A turizmus fejleszt\u00e9se. \u2014 Eger : L\u00edceum, 2009<\/li>\n\n\n\n<li>Zimbardo, Philip :Pszichol\u00f3gia mindenkinek : Agym\u0171k\u00f6d\u00e9s, \u00f6r\u00f6kl\u00e9s, \u00e9szlel\u00e9s, fejl\u0151d\u00e9s. \u2014 Budapest : Libri, 2017<\/li>\n<\/ul>\n\n\n\n<h3 class=\"wp-block-heading\">Tanulm\u00e1nyk\u00f6tetek, konferencia kiadv\u00e1nyok<\/h3>\n\n\n\n<ul class=\"wp-block-list\">\n<li>B\u00e1lint Csaba, Borb\u00e9ly Andr\u00e1s, F\u00f6ldi P\u00e9ter (szerk) : A turizmusfejleszt\u00e9s aktu\u00e1lis kih\u00edv\u00e1sai Magyarorsz\u00e1gon : 2017. szeptember 21. Keszt\u00f6lc. \u2014 [Budapest] : DOSZ&nbsp;K\u00f6zgazdas\u00e1gtud. Oszt., [2018]<\/li>\n\n\n\n<li>Szal\u00f3k Csilla (szerk) : V\u00e1ltoz\u00e1sok \u00e9s kih\u00edv\u00e1sok a turizmusban : tanulm\u00e1nyk\u00f6tet. \u2014 Budapest : BGE, 2017<\/li>\n<\/ul>\n\n\n\n<h3 class=\"wp-block-heading\">\u00datik\u00f6nyvek<\/h3>\n\n\n\n<ul class=\"wp-block-list\">\n<li>Bartos Erika : Br\u00fan\u00f3 Budapesten: Buda hegyei \u2014 Budapest : M\u00f3ra Kvk. &#8211; 2018<\/li>\n\n\n\n<li>Bok\u00e1nyi P\u00e9ter : Szombathely. \u2014 [Gencsap\u00e1ti] : Sz\u00fcl\u0151f\u00f6ld Kvk., 2018<\/li>\n\n\n\n<li>Czipott P\u00e9ter V., Bertha Csilla, Donald E. Morse (szerk) : A guide to hungarian culture. \u2014 Budapest : Napk\u00fat, 2017<\/li>\n\n\n\n<li>G\u00f6lcz Piroska : P\u00e9cs. \u2014 [P\u00e9cs] : Travel Guide, 2017<\/li>\n\n\n\n<li>Ill\u00e9s Andrea (szerk) : Hungary at a glance. \u2014 Budapest : Scolar, 2018<\/li>\n\n\n\n<li>Kedves \u00c1gnes : T\u00fcringia : \u00fatik\u00f6nyv. \u2014 Budapest : Hibernia, 2017<\/li>\n\n\n\n<li>Klingner, Annett : 111 k\u00fcl\u00f6nleges hely : R\u00f3ma. \u2014 [Budapest] : Kossuth, 2017<\/li>\n\n\n\n<li>Kol\u00e1r P\u00e9ter, Papp Ferenc, Somorjai Lehel (szerk) : Miskolc \u00e9s Kassa magyar nemzeti \u00e9rt\u00e9kei. \u2014 Miskolc : Miskolc Megyei Jog\u00fa V\u00e1ros \u00d6nkorm\u00e1nyzata, 2016<\/li>\n\n\n\n<li>Magyari Imre, D. : P\u00e1rizs : [kultur\u00e1lis kalandoz\u00e1sok]. \u2014 Budapest : Corvina, 2018<\/li>\n\n\n\n<li>Ray, Nick : Cambodge. \u2014 Paris : Lonely Planet Publications, 2008<\/li>\n\n\n\n<li>Szab\u00f3 P\u00e1l Csaba&nbsp; (szerk) : K\u00e1rp\u00e1t-medence \u00fatik\u00f6nyv. \u2014 [V\u00e1rpalota] : K\u00e1rp\u00e1t-Medence Int\u00e9zet, 2017<\/li>\n<\/ul>\n\n\n\n<h3 class=\"wp-block-heading\">Helyismereti- \u00e9s helyt\u00f6rt\u00e9neti kiadv\u00e1nyok<\/h3>\n\n\n\n<ul class=\"wp-block-list\">\n<li>Bede B\u00e9la : Magyar n\u00e9pi k\u00e9zm\u0171vess\u00e9g : 112 kiemelt m\u0171hellyel. \u2014 Budapest : Corvina, 2017<\/li>\n\n\n\n<li>Bede B\u00e9la : Magyarorsz\u00e1g \u00faj\u00e9vt\u0151l szilveszterig : 116 kiemelt programmal. \u2014 Budapest : Corvina, 2018<\/li>\n\n\n\n<li>Bedi Beatrix : R\u00e1baf\u00fczes \u00e9s a hianzek : &#8222;B\u00f6lcs\u0151ben ringattak, batyuval kidobtak&#8221;. \u2014 [Gencsap\u00e1ti] : Sz\u00fcl\u0151f\u00f6ld Kvk., 2016<\/li>\n\n\n\n<li>Brody Judit, G\u00e1ll Imre, Holl\u00f3 Szilvia Andrea (szerk) : A Sz\u00e9chenyi-L\u00e1nch\u00edd \u00e9s Clark \u00c1d\u00e1m. \u2014 Budapest : V\u00e1rosh\u00e1za, 1999<\/li>\n\n\n\n<li>Dobos Anna, Mika J\u00e1nos (szerk) : Term\u00e9szeti \u00e9s kult\u00fart\u00f6rt\u00e9neti \u00e9rt\u00e9kek Eger t\u00e9rs\u00e9g\u00e9ben. \u2014 Eger : L\u00edceum, 2017<\/li>\n\n\n\n<li>Ferencz S. Alp\u00e1r (szerk) : A sz\u00e9kelys\u00e9g t\u00f6rt\u00e9nete. \u2014 [Sz\u00e9kelyudvarhely] : Hargita Megyei Hagyom\u00e1ny\u0151rz\u00e9si Forr\u00e1sk\u00f6zpont, 2015<\/li>\n\n\n\n<li>Gluck, Mary : A l\u00e1thatatlan zsid\u00f3 Budapest. \u2014 Budapest : M\u00falt \u00e9s J\u00f6v\u0151 K., 2017<\/li>\n\n\n\n<li>Gy.D\u00e1vid Gyula : A Bonchidai B\u00e1nffy-kast\u00e9ly. \u2014 Kolozsv\u00e1r : Polis, 2018<\/li>\n\n\n\n<li>Katona Csaba : A magyar beau monde : essz\u00e9k \u00e9s tanulm\u00e1nyok Balatonf\u00fcred m\u00faltj\u00e1r\u00f3l. \u2014 Balatonf\u00fcred : Balatonf\u00fcred V\u00e1ros\u00e9rt K\u00f6zalap\u00edtv\u00e1ny, 2016<\/li>\n\n\n\n<li>Kert\u00e9sz L\u00e1szl\u00f3 : K\u00f6zt\u00e9ri szobrok kincsest\u00e1ra : v\u00e1logat\u00e1s a magyarorsz\u00e1gi k\u00f6zt\u00e9ri plasztika 1945 ut\u00e1ni remekeib\u0151l. \u2014 Budapest : \u00cdrott Sz\u00f3 Alap\u00edtv\u00e1ny : Magyar Napl\u00f3&nbsp;&nbsp;Kiad\u00f3 Kft., 2017<\/li>\n\n\n\n<li>P\u00e9terfy Gergely : A panda \u00f6lel\u00e9se : k\u00ednai \u00fatinapl\u00f3. \u2014 Budapest : Kalligram, 2018<\/li>\n\n\n\n<li>P\u00f3t\u00f3 J\u00e1nos : Nagy Imre eml\u00e9khelyei. \u2014 Budapest : Nagy Imre Alap\u00edtv\u00e1ny, 2017<\/li>\n\n\n\n<li>Pusk\u00e1s B\u00e9la (szerk) : Kaposf\u00fcred : k\u00f6zs\u00e9gt\u00f6rt\u00e9neti tanulm\u00e1nyok. \u2014 Kaposv\u00e1r : Peth\u0151 \u00e9s T\u00e1rsa Nyomdaipari Bt., 2004<\/li>\n\n\n\n<li>Romsics Imre : Kalocsa anno&#8230; : Kalocsai fotogr\u00e1fi\u00e1k. \u2014 Kalocsa : Kalocsai M\u00fazeumbar\u00e1tok K\u00f6re, 1999<\/li>\n\n\n\n<li>So\u00f3s Vikt\u00f3ria : Jap\u00e1n turistaszemmel. \u2014 Debrecen : TKK, [2008]<\/li>\n\n\n\n<li>Sz\u00e9csi No\u00e9mi : A modern budapesti \u00farin\u0151 : (1914-1939). \u2014 Budapest : Eur\u00f3pa, 2017<\/li>\n\n\n\n<li>Tak\u00e1cs Erika : Pannon vil\u00e1g csod\u00e1i. \u2014 [Budapest] : Fix-Therm Kft., [2008]<\/li>\n\n\n\n<li>Tardy J\u00e1nos (f\u0151szerk) : \u00c9rt\u00e9k\u0151rz\u0151 Magyarorsz\u00e1g : vil\u00e1g\u00f6r\u00f6ks\u00e9gek, v\u00e1rom\u00e1nyosok, nemzeti parkok. \u2014 Budapest : Term\u00e9szetfot\u00f3 Alap\u00edtv\u00e1ny, 2017<\/li>\n<\/ul>\n\n\n\n<h3 class=\"wp-block-heading\">Sz\u00f3t\u00e1rak, kultur\u00e1lis sz\u00f3t\u00e1rak<\/h3>\n\n\n\n<ul class=\"wp-block-list\">\n<li>Bart Istv\u00e1n : Amerikai kultur\u00e1lis sz\u00f3t\u00e1r. \u2014 Budapest : Corvina, 2017<\/li>\n\n\n\n<li>German : phrasebook. \u2014 Footscray : Lonely Planet Publ., 2003<\/li>\n\n\n\n<li>Luk\u00e1cs Andr\u00e1s : R\u00f3ma : kultur\u00e1lis sz\u00f3t\u00e1r. \u2014 Budapest : Corvina, 2018<\/li>\n<\/ul>\n\n\n\n<h3 class=\"wp-block-heading\">Egy\u00e9b kiadv\u00e1nyok<\/h3>\n\n\n\n<ul class=\"wp-block-list\">\n<li>Gelencs\u00e9r G\u00e1bor : Magyar film 1.0. \u2014 Budapest : Holnap, 2017<\/li>\n\n\n\n<li>HVG (k\u00f6zread) : Diploma 2019 : F\u0151iskol\u00e1k \u00e9s egyetemek rangsora : HVG k\u00fcl\u00f6nsz\u00e1m. \u2014 Budapest : HVG, 2019<\/li>\n\n\n\n<li>Jakubinyi L\u00e1szl\u00f3 (szerk) : Be-fogad\u00f3 : speci\u00e1lis turisztikai kezdem\u00e9nyez\u00e9sek Magyarorsz\u00e1gon. \u2014 Miskolc : Szimbi\u00f3zis Alap\u00edtv\u00e1ny, 2018<\/li>\n\n\n\n<li>Ludmann Mih\u00e1ly : A magyar \u00e9p\u00edt\u00e9szet mesterei. \u2014 Budapest : L&#8217;Harmattan, 2017<\/li>\n\n\n\n<li>N\u00e9meth Andr\u00e1s (szerk) : Fenntarthat\u00f3 fejl\u0151d\u00e9s Plusz, 2019 : glob\u00e1lis trendek, \u00e9lhet\u0151 v\u00e1rosok, a j\u00f6v\u0151 aut\u00f3i, z\u00f6ld \u00fczleti modellek. \u2014 Budapest : HVG Kiad\u00f3 Zrt., 2019<\/li>\n\n\n\n<li>Vereckei Andr\u00e1s (f\u0151szerk) : Skybook. \u2014 Budapest : Professional Publishing Hungary Kft., 2018<\/li>\n<\/ul>\n\n\n\n<h3 class=\"wp-block-heading\">Arch\u00edvum<\/h3>\n\n\n\n<ul class=\"wp-block-list\">\n<li>Balassa Emil (szerk) : A francia rivi\u00e9ra. \u2014 Budapest : Lloydk\u00f6nyvek, 1929<\/li>\n\n\n\n<li>Birmingham, George A. : A wayfarer in Hungary. \u2014 London : Methuen &amp; Co, 1925<\/li>\n\n\n\n<li>Cornish, Louis C.: Transylvania : the land beyond the forest. \u2014 Philadelphia : Dorrance &amp; Company, 1947<\/li>\n\n\n\n<li>Dalmady Zolt\u00e1n : Budapest The World&#8217;s Greatest Health Resort : for the medical profession only. \u2014 Budapest : Egyetemi Nyomda, [1935]<\/li>\n\n\n\n<li>G\u00f6nd\u00f6cs Benedek (\u00edrta) : Pusztaszer \u00e9s az \u00e9vezredes \u00fcnnep\u00e9ly. \u2014 Budapest : szerz\u0151, 1883<\/li>\n\n\n\n<li>Hagenbeck, John : India szigetvil\u00e1ga : (Ceylont\u00f3l Szum\u00e1tr\u00e1ig). \u2014 Budapest : Franklin T\u00e1rsulat, [1930]<\/li>\n\n\n\n<li>Imr\u00e9nyi-Szab\u00f3 Imre : \u00d6reg udvarh\u00e1zak : r\u00e9gi kuri\u00e1k \u00e9s paraszth\u00e1zak Pest-Pilis-Solt-Kiskun v\u00e1rmegy\u00e9ben. \u2014 Budapest : Pest-Pilis-Solt-Kiskun v\u00e1rmegye n\u00e9pm\u0171vel\u00e9si&nbsp;&nbsp;bizotts\u00e1ga, [1944]<\/li>\n\n\n\n<li>Katz, Richard: R\u00f6pt\u00e9ben a vil\u00e1g k\u00f6r\u00fcl. \u2014 Budapest : Tolnai Nyomdai M\u0171int\u00e9zet \u00e9s Kiad\u00f3v\u00e1llalat Rt., 1927<\/li>\n\n\n\n<li>Kir\u00e1ly Elem\u00e9r, Zsigmond Ferenc (\u00edrta) : Borkezel\u00e9s. \u2014 Budapest : Magyar Sz\u00f6vetkezeti Liga, 1944<\/li>\n\n\n\n<li>Kos\u00e1ry, Dominic G. : A History of Hungary. \u2014 Cleveland ; New York : The Benjamin Franklin Bibliophile Society, 1941<\/li>\n\n\n\n<li>Lovcs\u00e1nyi Gyula : A V\u00e1g \u00e9s vid\u00e9ke topographiai leir\u00e1s, egyszersmind kalauz a V\u00e1g-v\u00f6lgy\u00e9ben utaz\u00f3k, f\u00fcrd\u0151vend\u00e9gek stb. sz\u00e1m\u00e1ra a sz\u00f6veg k\u00f6z\u00e9 nyomott 54 eredeti k\u00e9ppel.&nbsp;\u2014 Budapest : szerz\u0151, 1881<\/li>\n\n\n\n<li>N\u00e9meth Andor (szerk) : Fels\u0151-Olaszorsz\u00e1g : k\u00e9pekkel \u00e9s t\u00e9rk\u00e9pekkel. \u2014 Budapest : Lloydk\u00f6nyvek, 1929<\/li>\n\n\n\n<li>Sabatini, Euclide : Rom und Umgebung : praktischer F\u00fchrer f\u00fcr Fremde. \u2014 Rom ; Mailand ; Venedig : Attilio Scrocchi, 1925<\/li>\n\n\n\n<li>Salzburg and district : a descriptive guide with preliminary information chronological history of the city a short account of Mozart&#8217;s life plans of the city&nbsp;railwayand road map of the district etc. \u2014 Salzburg : Karl Gordon, 1950<\/li>\n\n\n\n<li>Tissot, Victor : La Hongrie de L&#8217;Adriatique au Danube : impressions de voyage. \u2014 Paris : E. Plon et Cie, 1883<\/li>\n<\/ul>","protected":false},"excerpt":{"rendered":"<p>Szakk\u00f6nyvek Tanulm\u00e1nyk\u00f6tetek, konferencia kiadv\u00e1nyok \u00datik\u00f6nyvek Helyismereti- \u00e9s helyt\u00f6rt\u00e9neti kiadv\u00e1nyok Sz\u00f3t\u00e1rak, kultur\u00e1lis sz\u00f3t\u00e1rak Egy\u00e9b kiadv\u00e1nyok Arch\u00edvum<\/p>","protected":false},"author":1,"featured_media":0,"parent":0,"menu_order":0,"comment_status":"closed","ping_status":"closed","template":"","meta":{"ngg_post_thumbnail":0,"footnotes":""},"class_list":["post-167","page","type-page","status-publish","hentry"],"_links":{"self":[{"href":"https:\/\/konyvtar-idfo.uni-bge.hu\/en\/wp-json\/wp\/v2\/pages\/167","targetHints":{"allow":["GET"]}}],"collection":[{"href":"https:\/\/konyvtar-idfo.uni-bge.hu\/en\/wp-json\/wp\/v2\/pages"}],"about":[{"href":"https:\/\/konyvtar-idfo.uni-bge.hu\/en\/wp-json\/wp\/v2\/types\/page"}],"author":[{"embeddable":true,"href":"https:\/\/konyvtar-idfo.uni-bge.hu\/en\/wp-json\/wp\/v2\/users\/1"}],"replies":[{"embeddable":true,"href":"https:\/\/konyvtar-idfo.uni-bge.hu\/en\/wp-json\/wp\/v2\/comments?post=167"}],"version-history":[{"count":4,"href":"https:\/\/konyvtar-idfo.uni-bge.hu\/en\/wp-json\/wp\/v2\/pages\/167\/revisions"}],"predecessor-version":[{"id":995,"href":"https:\/\/konyvtar-idfo.uni-bge.hu\/en\/wp-json\/wp\/v2\/pages\/167\/revisions\/995"}],"wp:attachment":[{"href":"https:\/\/konyvtar-idfo.uni-bge.hu\/en\/wp-json\/wp\/v2\/media?parent=167"}],"curies":[{"name":"wp","href":"https:\/\/api.w.org\/{rel}","templated":true}]}}