{"id":169,"date":"2021-12-09T15:13:33","date_gmt":"2021-12-09T15:13:33","guid":{"rendered":"http:\/\/konyvtar.oditszapc.hu\/?page_id=169"},"modified":"2021-12-20T20:25:57","modified_gmt":"2021-12-20T20:25:57","slug":"idegenforgalmi-szemle","status":"publish","type":"page","link":"https:\/\/konyvtar-idfo.uni-bge.hu\/en\/idegenforgalmi-szemle\/","title":{"rendered":"Idegenforgalmi szemle"},"content":{"rendered":"<h2 class=\"wp-block-heading\">Szemelv\u00e9nyek a nemzetk\u00f6zi idegenforgalmi szaksajt\u00f3b\u00f3l<\/h2>\n\n\n\n<p>A BGF &#8211; KVIFK gondoz\u00e1s\u00e1ban 2000. \u00e9v \u0151sz\u00e9t\u0151l negyed\u00e9venk\u00e9nt megjelen\u0151 kiadv\u00e1ny sz\u00ednvonalas \u00e1ttekint\u00e9st k\u00edv\u00e1n ny\u00fajtani a nemzetk\u00f6zi turisztikai sajt\u00f3 folyamatosan megjelen\u0151 b\u0151s\u00e9ges term\u00e9s\u00e9b\u0151l. E munk\u00e1val azon szakemberek sz\u00e1m\u00e1ra is szolg\u00e1latot k\u00edv\u00e1n tenni, akiknek munk\u00e1ja, elfoglalts\u00e1ga nem teszi lehet\u0151v\u00e9 a sz\u00e9p sz\u00e1mmal megjelen\u0151 nemzetk\u00f6zi turisztikai kiadv\u00e1ny \u00e1tolvas\u00e1s\u00e1t.<br><br>A p\u00e9ld\u00e1s szakmai \u00f6sszefog\u00e1ssal l\u00e9trehozott tall\u00f3z\u00e1s j\u00f3l kieg\u00e9sz\u00edti az egyre sz\u00e9lesebb k\u00f6r\u0171, magyar nyelven kiadott idegenforgalmi szakk\u00f6nyvek, tank\u00f6nyvek \u00e9s jegyzetek sor\u00e1t.<br><br>A cikkek teljes sz\u00f6vege eredeti nyelven megtekinthet\u0151 az Idegenforgalmi Szakk\u00f6nyvt\u00e1rban.<\/p>\n\n\n\n<h3 class=\"wp-block-heading\">A foly\u00f3irat megjelen\u00e9se \u00e1tmenetileg sz\u00fcnetel.<\/h3>","protected":false},"excerpt":{"rendered":"<p>Szemelv\u00e9nyek a nemzetk\u00f6zi idegenforgalmi szaksajt\u00f3b\u00f3l A BGF &#8211; KVIFK gondoz\u00e1s\u00e1ban 2000. \u00e9v \u0151sz\u00e9t\u0151l negyed\u00e9venk\u00e9nt megjelen\u0151 kiadv\u00e1ny sz\u00ednvonalas \u00e1ttekint\u00e9st k\u00edv\u00e1n ny\u00fajtani a nemzetk\u00f6zi turisztikai sajt\u00f3 folyamatosan megjelen\u0151 b\u0151s\u00e9ges term\u00e9s\u00e9b\u0151l. E munk\u00e1val azon szakemberek sz\u00e1m\u00e1ra is szolg\u00e1latot k\u00edv\u00e1n tenni, akiknek munk\u00e1ja, elfoglalts\u00e1ga nem teszi lehet\u0151v\u00e9 a sz\u00e9p sz\u00e1mmal megjelen\u0151 nemzetk\u00f6zi turisztikai kiadv\u00e1ny \u00e1tolvas\u00e1s\u00e1t. A p\u00e9ld\u00e1s szakmai \u00f6sszefog\u00e1ssal [&hellip;]<\/p>","protected":false},"author":1,"featured_media":0,"parent":0,"menu_order":0,"comment_status":"closed","ping_status":"closed","template":"","meta":{"ngg_post_thumbnail":0,"footnotes":""},"class_list":["post-169","page","type-page","status-publish","hentry"],"_links":{"self":[{"href":"https:\/\/konyvtar-idfo.uni-bge.hu\/en\/wp-json\/wp\/v2\/pages\/169","targetHints":{"allow":["GET"]}}],"collection":[{"href":"https:\/\/konyvtar-idfo.uni-bge.hu\/en\/wp-json\/wp\/v2\/pages"}],"about":[{"href":"https:\/\/konyvtar-idfo.uni-bge.hu\/en\/wp-json\/wp\/v2\/types\/page"}],"author":[{"embeddable":true,"href":"https:\/\/konyvtar-idfo.uni-bge.hu\/en\/wp-json\/wp\/v2\/users\/1"}],"replies":[{"embeddable":true,"href":"https:\/\/konyvtar-idfo.uni-bge.hu\/en\/wp-json\/wp\/v2\/comments?post=169"}],"version-history":[{"count":2,"href":"https:\/\/konyvtar-idfo.uni-bge.hu\/en\/wp-json\/wp\/v2\/pages\/169\/revisions"}],"predecessor-version":[{"id":481,"href":"https:\/\/konyvtar-idfo.uni-bge.hu\/en\/wp-json\/wp\/v2\/pages\/169\/revisions\/481"}],"wp:attachment":[{"href":"https:\/\/konyvtar-idfo.uni-bge.hu\/en\/wp-json\/wp\/v2\/media?parent=169"}],"curies":[{"name":"wp","href":"https:\/\/api.w.org\/{rel}","templated":true}]}}