{"id":18,"date":"2021-11-26T08:42:33","date_gmt":"2021-11-26T08:42:33","guid":{"rendered":"http:\/\/konyvtar.oditszapc.hu\/?page_id=18"},"modified":"2024-01-31T16:35:39","modified_gmt":"2024-01-31T15:35:39","slug":"munkatarsak","status":"publish","type":"page","link":"https:\/\/konyvtar-idfo.uni-bge.hu\/en\/rolunk\/munkatarsak\/","title":{"rendered":"Librarians"},"content":{"rendered":"<h2 class=\"wp-block-heading\">Librarians<\/h2>\n\n\n\n<div style=\"height:20px\" aria-hidden=\"true\" class=\"wp-block-spacer\"><\/div>\n\n\n\n<h5 class=\"wp-block-heading\">Bakonyi Andrea<\/h5>\n\n\n\n<p class=\"indent\">head librarian<\/p>\n\n\n\n<p class=\"indent\">kutat\u00e1st\u00e1mogat\u00e1s, MTMT, gy\u0171jtem\u00e9nyszervez\u00e9s, pl\u00e1giumellen\u0151rz\u0151 kurzusok<br>06-1-2680590<br>bakonyi.andrea [kukac] uni-bge.hu<\/p>\n\n\n\n<div style=\"height:20px\" aria-hidden=\"true\" class=\"wp-block-spacer\"><\/div>\n\n\n\n<h5 class=\"wp-block-heading\">K\u00f3ger D\u00f3ra<\/h5>\n\n\n\n<p class=\"indent\">szakt\u00e1j\u00e9koztat\u00e1s, k\u00f6lcs\u00f6nz\u00e9s, dokumentumfeldolgoz\u00e1s, MTMT, hivatkoz\u00e1s, k\u00f6nyvt\u00e1rk\u00f6zi k\u00f6lcs\u00f6nz\u00e9s, hallgat\u00f3i k\u00e9pz\u00e9sek, honlapszerkeszt\u00e9s, t\u00e9mafigyel\u00e9s<br>06-1-2680591<br>koger.dora [kukac] uni-bge.hu<\/p>\n\n\n\n<div style=\"height:20px\" aria-hidden=\"true\" class=\"wp-block-spacer\"><\/div>\n\n\n\n<h5 class=\"wp-block-heading\">Csap\u00f3 Levente<\/h5>\n\n\n\n<p class=\"indent\">dokumentumfeldolgoz\u00e1s, k\u00f6lcs\u00f6nz\u00e9s, gy\u0171jtem\u00e9nyszervez\u00e9s, digitaliz\u00e1l\u00e1s, statisztikai adatb\u00e1zisok<br>06-1-4130674<br>csapo.levente [kukac] uni-bge.hu<\/p>\n\n\n\n<p><\/p>\n\n\n\n<h5 class=\"wp-block-heading\">Balogh D\u00f3ra<\/h5>\n\n\n\n<p class=\"indent\">dokumentumfeldolgoz\u00e1s, k\u00f6lcs\u00f6nz\u00e9s, hallgat\u00f3i k\u00e9pz\u00e9sek, rendezv\u00e9nyek<br>06-1-2680591<br>balogh.dora [kukac] uni-bge.hu<\/p>","protected":false},"excerpt":{"rendered":"<p>A k\u00f6nyvt\u00e1r munkat\u00e1rsai Bakonyi Andrea k\u00f6nyvt\u00e1rvezet\u0151 kutat\u00e1st\u00e1mogat\u00e1s, MTMT, gy\u0171jtem\u00e9nyszervez\u00e9s, pl\u00e1giumellen\u0151rz\u0151 kurzusok06-1-2680590bakonyi.andrea [kukac] uni-bge.hu K\u00f3ger D\u00f3ra szakt\u00e1j\u00e9koztat\u00e1s, k\u00f6lcs\u00f6nz\u00e9s, dokumentumfeldolgoz\u00e1s, MTMT, hivatkoz\u00e1s, k\u00f6nyvt\u00e1rk\u00f6zi k\u00f6lcs\u00f6nz\u00e9s, hallgat\u00f3i k\u00e9pz\u00e9sek, honlapszerkeszt\u00e9s, t\u00e9mafigyel\u00e9s06-1-2680591koger.dora [kukac] uni-bge.hu Csap\u00f3 Levente dokumentumfeldolgoz\u00e1s, k\u00f6lcs\u00f6nz\u00e9s, gy\u0171jtem\u00e9nyszervez\u00e9s, digitaliz\u00e1l\u00e1s, statisztikai adatb\u00e1zisok06-1-4130674csapo.levente [kukac] uni-bge.hu Balogh D\u00f3ra dokumentumfeldolgoz\u00e1s, k\u00f6lcs\u00f6nz\u00e9s, hallgat\u00f3i k\u00e9pz\u00e9sek, rendezv\u00e9nyek06-1-2680591balogh.dora [kukac] uni-bge.hu<\/p>","protected":false},"author":1,"featured_media":0,"parent":5,"menu_order":0,"comment_status":"closed","ping_status":"closed","template":"","meta":{"ngg_post_thumbnail":0,"footnotes":""},"class_list":["post-18","page","type-page","status-publish","hentry"],"_links":{"self":[{"href":"https:\/\/konyvtar-idfo.uni-bge.hu\/en\/wp-json\/wp\/v2\/pages\/18","targetHints":{"allow":["GET"]}}],"collection":[{"href":"https:\/\/konyvtar-idfo.uni-bge.hu\/en\/wp-json\/wp\/v2\/pages"}],"about":[{"href":"https:\/\/konyvtar-idfo.uni-bge.hu\/en\/wp-json\/wp\/v2\/types\/page"}],"author":[{"embeddable":true,"href":"https:\/\/konyvtar-idfo.uni-bge.hu\/en\/wp-json\/wp\/v2\/users\/1"}],"replies":[{"embeddable":true,"href":"https:\/\/konyvtar-idfo.uni-bge.hu\/en\/wp-json\/wp\/v2\/comments?post=18"}],"version-history":[{"count":11,"href":"https:\/\/konyvtar-idfo.uni-bge.hu\/en\/wp-json\/wp\/v2\/pages\/18\/revisions"}],"predecessor-version":[{"id":1101,"href":"https:\/\/konyvtar-idfo.uni-bge.hu\/en\/wp-json\/wp\/v2\/pages\/18\/revisions\/1101"}],"up":[{"embeddable":true,"href":"https:\/\/konyvtar-idfo.uni-bge.hu\/en\/wp-json\/wp\/v2\/pages\/5"}],"wp:attachment":[{"href":"https:\/\/konyvtar-idfo.uni-bge.hu\/en\/wp-json\/wp\/v2\/media?parent=18"}],"curies":[{"name":"wp","href":"https:\/\/api.w.org\/{rel}","templated":true}]}}