{"id":200,"date":"2021-12-09T15:23:14","date_gmt":"2021-12-09T15:23:14","guid":{"rendered":"http:\/\/konyvtar.oditszapc.hu\/?page_id=200"},"modified":"2021-12-09T18:22:38","modified_gmt":"2021-12-09T18:22:38","slug":"elso-lepesek","status":"publish","type":"page","link":"https:\/\/konyvtar-idfo.uni-bge.hu\/en\/elso-lepesek\/","title":{"rendered":"Els\u0151 l\u00e9p\u00e9sek"},"content":{"rendered":"<h3 class=\"has-dark-blue-color has-text-color wp-block-heading\">Szeretettel \u00fcdv\u00f6zl\u00fcnk minden kedves \u00faj, \u00e9s leend\u0151 Olvas\u00f3nkat!<\/h3>\n\n\n\n<p>Az al\u00e1bbi linkek alatt \u00f6sszegy\u0171jt\u00f6tt\u00fck \u00faj olvas\u00f3ink sz\u00e1m\u00e1ra a k\u00f6nyvt\u00e1rral kapcsolatos legfontosabb inform\u00e1ci\u00f3kat:<\/p>\n\n\n\n<ul class=\"has-dark-blue-color has-text-color wp-block-list\"><li><a href=\"https:\/\/docs.google.com\/document\/d\/1YP9y8uv42nP5reFy9iYXHbrf3Z5zGkGdTeldBex5svs\/edit?usp=sharing\" target=\"_blank\" rel=\"noreferrer noopener\">K\u00f6nyvt\u00e1rhaszn\u00e1lati \u00fatmutat\u00f3<\/a><\/li><li><a href=\"https:\/\/drive.google.com\/open?id=0B9oml_k2vO4xNklfUFRnd1dJa2M\" target=\"_blank\" rel=\"noreferrer noopener\">Katal\u00f3gushaszn\u00e1lat<\/a><\/li><\/ul>\n\n\n\n<p>K\u00edv\u00e1nunk \u00d6n\u00f6knek eredm\u00e9nyes b\u00f6ng\u00e9sz\u00e9st, j\u00f3 kutat\u00e1st valamint kellemes id\u0151t\u00f6lt\u00e9st K\u00f6nyvt\u00e1runkban!<\/p>","protected":false},"excerpt":{"rendered":"<p>Szeretettel \u00fcdv\u00f6zl\u00fcnk minden kedves \u00faj, \u00e9s leend\u0151 Olvas\u00f3nkat! Az al\u00e1bbi linkek alatt \u00f6sszegy\u0171jt\u00f6tt\u00fck \u00faj olvas\u00f3ink sz\u00e1m\u00e1ra a k\u00f6nyvt\u00e1rral kapcsolatos legfontosabb inform\u00e1ci\u00f3kat: K\u00f6nyvt\u00e1rhaszn\u00e1lati \u00fatmutat\u00f3 Katal\u00f3gushaszn\u00e1lat K\u00edv\u00e1nunk \u00d6n\u00f6knek eredm\u00e9nyes b\u00f6ng\u00e9sz\u00e9st, j\u00f3 kutat\u00e1st valamint kellemes id\u0151t\u00f6lt\u00e9st K\u00f6nyvt\u00e1runkban!<\/p>","protected":false},"author":1,"featured_media":0,"parent":0,"menu_order":0,"comment_status":"closed","ping_status":"closed","template":"","meta":{"ngg_post_thumbnail":0,"footnotes":""},"class_list":["post-200","page","type-page","status-publish","hentry"],"_links":{"self":[{"href":"https:\/\/konyvtar-idfo.uni-bge.hu\/en\/wp-json\/wp\/v2\/pages\/200","targetHints":{"allow":["GET"]}}],"collection":[{"href":"https:\/\/konyvtar-idfo.uni-bge.hu\/en\/wp-json\/wp\/v2\/pages"}],"about":[{"href":"https:\/\/konyvtar-idfo.uni-bge.hu\/en\/wp-json\/wp\/v2\/types\/page"}],"author":[{"embeddable":true,"href":"https:\/\/konyvtar-idfo.uni-bge.hu\/en\/wp-json\/wp\/v2\/users\/1"}],"replies":[{"embeddable":true,"href":"https:\/\/konyvtar-idfo.uni-bge.hu\/en\/wp-json\/wp\/v2\/comments?post=200"}],"version-history":[{"count":3,"href":"https:\/\/konyvtar-idfo.uni-bge.hu\/en\/wp-json\/wp\/v2\/pages\/200\/revisions"}],"predecessor-version":[{"id":252,"href":"https:\/\/konyvtar-idfo.uni-bge.hu\/en\/wp-json\/wp\/v2\/pages\/200\/revisions\/252"}],"wp:attachment":[{"href":"https:\/\/konyvtar-idfo.uni-bge.hu\/en\/wp-json\/wp\/v2\/media?parent=200"}],"curies":[{"name":"wp","href":"https:\/\/api.w.org\/{rel}","templated":true}]}}