{"id":202,"date":"2021-12-09T15:23:24","date_gmt":"2021-12-09T15:23:24","guid":{"rendered":"http:\/\/konyvtar.oditszapc.hu\/?page_id=202"},"modified":"2021-12-09T19:55:48","modified_gmt":"2021-12-09T19:55:48","slug":"elerhetosegek","status":"publish","type":"page","link":"https:\/\/konyvtar-idfo.uni-bge.hu\/en\/elerhetosegek\/","title":{"rendered":"Contact"},"content":{"rendered":"<p>BBU FCHT Tourism Library<\/p>\n\n\n\n<p>1072 Budapest, Klauz\u00e1l t\u00e9r 5. (enterence from Ny\u00e1r street!)<br>Tel.: 268-0591<br>e-mail:&nbsp;idfokonyvtar [kukac] uni-bge.hu<\/p>","protected":false},"excerpt":{"rendered":"<p>BGE KVIK Idegenforgalmi Szakk\u00f6nyvt\u00e1r 1072 Budapest, Klauz\u00e1l t\u00e9r 5. (Bej\u00e1rat a Ny\u00e1r utc\u00e1b\u00f3l!)Tel.: 268-0591e-mail:&nbsp;idfokonyvtar [kukac] uni-bge.hu<\/p>","protected":false},"author":1,"featured_media":0,"parent":0,"menu_order":0,"comment_status":"closed","ping_status":"closed","template":"","meta":{"ngg_post_thumbnail":0,"footnotes":""},"class_list":["post-202","page","type-page","status-publish","hentry"],"_links":{"self":[{"href":"https:\/\/konyvtar-idfo.uni-bge.hu\/en\/wp-json\/wp\/v2\/pages\/202","targetHints":{"allow":["GET"]}}],"collection":[{"href":"https:\/\/konyvtar-idfo.uni-bge.hu\/en\/wp-json\/wp\/v2\/pages"}],"about":[{"href":"https:\/\/konyvtar-idfo.uni-bge.hu\/en\/wp-json\/wp\/v2\/types\/page"}],"author":[{"embeddable":true,"href":"https:\/\/konyvtar-idfo.uni-bge.hu\/en\/wp-json\/wp\/v2\/users\/1"}],"replies":[{"embeddable":true,"href":"https:\/\/konyvtar-idfo.uni-bge.hu\/en\/wp-json\/wp\/v2\/comments?post=202"}],"version-history":[{"count":2,"href":"https:\/\/konyvtar-idfo.uni-bge.hu\/en\/wp-json\/wp\/v2\/pages\/202\/revisions"}],"predecessor-version":[{"id":269,"href":"https:\/\/konyvtar-idfo.uni-bge.hu\/en\/wp-json\/wp\/v2\/pages\/202\/revisions\/269"}],"wp:attachment":[{"href":"https:\/\/konyvtar-idfo.uni-bge.hu\/en\/wp-json\/wp\/v2\/media?parent=202"}],"curies":[{"name":"wp","href":"https:\/\/api.w.org\/{rel}","templated":true}]}}