{"id":204,"date":"2021-12-09T15:23:33","date_gmt":"2021-12-09T15:23:33","guid":{"rendered":"http:\/\/konyvtar.oditszapc.hu\/?page_id=204"},"modified":"2024-04-12T09:41:22","modified_gmt":"2024-04-12T07:41:22","slug":"szolgaltatasaink","status":"publish","type":"page","link":"https:\/\/konyvtar-idfo.uni-bge.hu\/en\/szolgaltatasaink\/","title":{"rendered":"Services"},"content":{"rendered":"<p><\/p>\n\n\n\n<h3 class=\"wp-block-heading has-dark-blue-color has-text-color\">Loaning conditions:<\/h3>\n\n\n\n<figure class=\"wp-block-table\"><table><tbody><tr><td>Number books can be borrowed: 10<\/td><td>Rental period<\/td><\/tr><tr><td>1. Books<\/td><td>3 weeks<\/td><\/tr><tr><td>2.Special books (green indication)<\/td><td>1 week<\/td><\/tr><tr><td>3. CD, DVD, Video<\/td><td>1 week<\/td><\/tr><tr><td>4.Speacial books (red indications)<\/td><td>Half hour before closing on Thursday until the opening on Monday<\/td><\/tr><\/tbody><\/table><\/figure>\n\n\n\n<p>You can extend the loan period by the following methods:<\/p>\n\n\n\n<ul class=\"wp-block-list\">\n<li>Online, a k\u00f6nyvt\u00e1r katal\u00f3gus\u00e1n kereszt\u00fcl (4 alkalommal van lehet\u0151s\u00e9g),<\/li>\n\n\n\n<li>By phone or e-mail<\/li>\n<\/ul>\n\n\n\n<p>The late fee is 50,-Ft\/day\/document, in the case of short loan period or interlibrary loans it is 400,-Ft\/day. (CD 200,-Ft\/day)<\/p>\n\n\n\n<p>In the case of notice, the form's and postal's costs must be payed buy the reader.<\/p>\n\n\n\n<p>The Tourism Library is a public library. For registrasion an ID card, for students a student card is required.<\/p>\n\n\n\n<p>Registered readers can borrow and use the libary with library card.<\/p>\n\n\n\n<h3 class=\"wp-block-heading has-dark-blue-color has-text-color\">Registration fees<\/h3>\n\n\n\n<figure class=\"wp-block-table\"><table><tbody><tr><td>BBS students with valid student card<\/td><td>free<\/td><\/tr><tr><td>BBS employees<\/td><td>free<\/td><\/tr><tr><td>Above 70 years<\/td><td>free<\/td><\/tr><tr><td>Adults<\/td><td>3.000,- Ft<\/td><\/tr><tr><td>Students with student card<\/td><td>1.500,- Ft<\/td><\/tr><tr><td>Retired, unemployed<\/td><td>1.500,- Ft<\/td><\/tr><tr><td>Daily reading ticket<\/td><td>500,- Ft<\/td><\/tr><\/tbody><\/table><\/figure>\n\n\n\n<h3 class=\"wp-block-heading has-dark-blue-color has-text-color\">Services<\/h3>\n\n\n\n<p>Beyond basic services there's an opportunity for photocopying, printing with fee, and using the computers and&nbsp;<strong>WiFi<\/strong>for free. We offer general information, help with the usage of the library, databases and research.<\/p>\n\n\n\n<p>The library's catalogue can be found online, where registered readers also have the opportunity to reserve or renew books.<\/p>\n\n\n\n<p>Loan information is available after loging in.  By default the password is set to the month and day of the readers birthday. (If someone was born on 1983.04.25. their password would be 0425.)<\/p>\n\n\n\n<p>After loging in, under the Catalogue menu the old loans can be found and the password can be changed.<\/p>\n\n\n\n<h3 class=\"wp-block-heading has-dark-blue-color has-text-color\">Other services<\/h3>\n\n\n\n<figure class=\"wp-block-table\"><table><tbody><tr><td>Services:<\/td><td>Fee:<\/td><\/tr><tr><td>Lost library card replacement<br>Second time<\/td><td>200,- Ft<br>500,- Ft<\/td><\/tr><tr><td>Photocopying<\/td><td>A4 black and white 20,- Ft A4 Color: 100,- Ft A3 40,- Ft<\/td><\/tr><tr><td>Printing (A4)<\/td><td>black and white 20,- Ft, Color: 100,- Ft<\/td><\/tr><tr><td>Photo ticket<\/td><td>1000.-Ft\/day<br>or<br>50,-Ft\/picture<\/td><\/tr><tr><td>Scanning<\/td><td>20,-Ft\/page<\/td><\/tr><tr><\/tr><\/tbody><\/table><\/figure>\n\n\n\n<p>Interlibrary loans outside Budapest cost 800,-Ft\/document, within Budapest it's free.<\/p>","protected":false},"excerpt":{"rendered":"<p>K\u00f6lcs\u00f6nz\u00e9si felt\u00e9telek: K\u00f6lcs\u00f6n\u00f6zhet\u0151 k\u00f6nyvek mennyis\u00e9ge: 10 db K\u00f6lcs\u00f6nz\u00e9si hat\u00e1rid\u0151: 1. K\u00f6nyvek 3 h\u00e9t 2. Egyes kiadv\u00e1nyok (z\u00f6ld jelz\u00e9s) 1 h\u00e9t 3. CD, DVD, Video 1 h\u00e9t 4. Egyes kiadv\u00e1nyok (piros jelz\u00e9s) cs\u00fct\u00f6rt\u00f6k\u00f6n z\u00e1r\u00e1s el\u0151tt f\u00e9l \u00f3r\u00e1val a h\u00e9tf\u0151i nyit\u00e1sig A k\u00f6lcs\u00f6nz\u00e9si hat\u00e1rid\u0151 meghosszabb\u00edt\u00e1sa az al\u00e1bbi lehet\u0151s\u00e9g szerint lehets\u00e9ges: A k\u00e9sedelmi d\u00edj dokumentumonk\u00e9nt 50,-Ft\/nap, r\u00f6vid hat\u00e1ridej\u0171 [&hellip;]<\/p>","protected":false},"author":1,"featured_media":0,"parent":0,"menu_order":0,"comment_status":"closed","ping_status":"closed","template":"","meta":{"ngg_post_thumbnail":0,"footnotes":""},"class_list":["post-204","page","type-page","status-publish","hentry"],"_links":{"self":[{"href":"https:\/\/konyvtar-idfo.uni-bge.hu\/en\/wp-json\/wp\/v2\/pages\/204","targetHints":{"allow":["GET"]}}],"collection":[{"href":"https:\/\/konyvtar-idfo.uni-bge.hu\/en\/wp-json\/wp\/v2\/pages"}],"about":[{"href":"https:\/\/konyvtar-idfo.uni-bge.hu\/en\/wp-json\/wp\/v2\/types\/page"}],"author":[{"embeddable":true,"href":"https:\/\/konyvtar-idfo.uni-bge.hu\/en\/wp-json\/wp\/v2\/users\/1"}],"replies":[{"embeddable":true,"href":"https:\/\/konyvtar-idfo.uni-bge.hu\/en\/wp-json\/wp\/v2\/comments?post=204"}],"version-history":[{"count":9,"href":"https:\/\/konyvtar-idfo.uni-bge.hu\/en\/wp-json\/wp\/v2\/pages\/204\/revisions"}],"predecessor-version":[{"id":1141,"href":"https:\/\/konyvtar-idfo.uni-bge.hu\/en\/wp-json\/wp\/v2\/pages\/204\/revisions\/1141"}],"wp:attachment":[{"href":"https:\/\/konyvtar-idfo.uni-bge.hu\/en\/wp-json\/wp\/v2\/media?parent=204"}],"curies":[{"name":"wp","href":"https:\/\/api.w.org\/{rel}","templated":true}]}}