{"id":206,"date":"2021-12-09T15:23:44","date_gmt":"2021-12-09T15:23:44","guid":{"rendered":"http:\/\/konyvtar.oditszapc.hu\/?page_id=206"},"modified":"2021-12-09T20:02:45","modified_gmt":"2021-12-09T20:02:45","slug":"hosszabbitas","status":"publish","type":"page","link":"https:\/\/konyvtar-idfo.uni-bge.hu\/en\/hosszabbitas\/","title":{"rendered":"Renewing"},"content":{"rendered":"<p>Our registered readers - after log in - can renew, reserve books online.<\/p>\n\n\n\n<p class=\"underline\"><strong>Every registered user have an online account:<\/strong><br>Account name: The number\/bar code on the library card<br>Password: The month and day of the birthdate (1983.04.25. -&gt; 0425)<\/p>\n\n\n\n<p>The password can be changed.<\/p>\n\n\n\n<p>If you aren't a member of the library yet, you can pre-register, and reserve books online.<\/p>\n\n\n\n<p><a href=\"https:\/\/opac-idfokonyvtar.uni-bge.hu\/\" target=\"_blank\" rel=\"noreferrer noopener\">Log in\/catalogue<\/a><\/p>","protected":false},"excerpt":{"rendered":"<p>Beiratkozott olvas\u00f3inknak &#8211; bejelentkez\u00e9s ut\u00e1n &#8211; lehet\u0151s\u00e9ge van online hosszabb\u00edt\u00e1sra, el\u0151jegyz\u00e9sre, foglal\u00e1sra, illetve megn\u00e9zni a kor\u00e1bbi k\u00f6lcs\u00f6nz\u00e9seket. Minden beiratkozott olvas\u00f3 automatikusan regisztr\u00e1lt felhaszn\u00e1l\u00f3v\u00e1 v\u00e1lik:Azonos\u00edt\u00f3ja: Az olvas\u00f3jegyen tal\u00e1lhat\u00f3 sz\u00e1m\/vonalk\u00f3dJelsz\u00f3: A sz\u00fclet\u00e9si d\u00e1tumb\u00f3l a h\u00f3nap \u00e9s a nap (pl.: 1983.04.25-\u00f6s sz\u00fclet\u00e9si d\u00e1tum eset\u00e9n 0425). A jelsz\u00f3 bejelentkez\u00e9s ut\u00e1n megv\u00e1ltoztathat\u00f3. Abban az esetben, ha m\u00e9g nem tagja a [&hellip;]<\/p>","protected":false},"author":1,"featured_media":0,"parent":0,"menu_order":0,"comment_status":"closed","ping_status":"closed","template":"","meta":{"ngg_post_thumbnail":0,"footnotes":""},"class_list":["post-206","page","type-page","status-publish","hentry"],"_links":{"self":[{"href":"https:\/\/konyvtar-idfo.uni-bge.hu\/en\/wp-json\/wp\/v2\/pages\/206","targetHints":{"allow":["GET"]}}],"collection":[{"href":"https:\/\/konyvtar-idfo.uni-bge.hu\/en\/wp-json\/wp\/v2\/pages"}],"about":[{"href":"https:\/\/konyvtar-idfo.uni-bge.hu\/en\/wp-json\/wp\/v2\/types\/page"}],"author":[{"embeddable":true,"href":"https:\/\/konyvtar-idfo.uni-bge.hu\/en\/wp-json\/wp\/v2\/users\/1"}],"replies":[{"embeddable":true,"href":"https:\/\/konyvtar-idfo.uni-bge.hu\/en\/wp-json\/wp\/v2\/comments?post=206"}],"version-history":[{"count":2,"href":"https:\/\/konyvtar-idfo.uni-bge.hu\/en\/wp-json\/wp\/v2\/pages\/206\/revisions"}],"predecessor-version":[{"id":274,"href":"https:\/\/konyvtar-idfo.uni-bge.hu\/en\/wp-json\/wp\/v2\/pages\/206\/revisions\/274"}],"wp:attachment":[{"href":"https:\/\/konyvtar-idfo.uni-bge.hu\/en\/wp-json\/wp\/v2\/media?parent=206"}],"curies":[{"name":"wp","href":"https:\/\/api.w.org\/{rel}","templated":true}]}}