{"id":30,"date":"2021-11-26T08:58:50","date_gmt":"2021-11-26T08:58:50","guid":{"rendered":"http:\/\/konyvtar.oditszapc.hu\/?page_id=30"},"modified":"2023-01-23T16:50:38","modified_gmt":"2023-01-23T15:50:38","slug":"konyvtarak","status":"publish","type":"page","link":"https:\/\/konyvtar-idfo.uni-bge.hu\/en\/tudastar\/konyvtarak\/","title":{"rendered":"Libraries"},"content":{"rendered":"<h2 class=\"wp-block-heading\">BBS Libraries<\/h2>\n\n\n\n<ul class=\"wp-block-list\"><li><a rel=\"noreferrer noopener\" href=\"http:\/\/konyvtar.kvik.uni-bge.hu\/\" target=\"_blank\">BGE KVIK K\u00f6nyvt\u00e1r<\/a><\/li><li><a href=\"https:\/\/uni-bge.hu\/hu\/kkk\/konyvtar\" data-type=\"URL\" data-id=\"https:\/\/uni-bge.hu\/hu\/kkk\/konyvtar\" target=\"_blank\" rel=\"noreferrer noopener\">BGE KKK K\u00f6nyvt\u00e1r<\/a><\/li><li><a href=\"https:\/\/konyvtar-pszk.uni-bge.hu\/\" data-type=\"URL\" data-id=\"https:\/\/konyvtar-pszk.uni-bge.hu\/\" target=\"_blank\" rel=\"noreferrer noopener\">BGE PSZK K\u00f6nyvt\u00e1r<\/a><\/li><\/ul>\n\n\n\n<div style=\"height:20px\" aria-hidden=\"true\" class=\"wp-block-spacer\"><\/div>\n\n\n\n<h2 class=\"wp-block-heading\">Libraries<\/h2>\n\n\n\n<ul class=\"wp-block-list\"><li><a rel=\"noreferrer noopener\" href=\"http:\/\/www.oszk.hu\/\" target=\"_blank\">Orsz\u00e1gos Sz\u00e9ch\u00e9nyi K\u00f6nyvt\u00e1r<\/a><\/li><li><a rel=\"noreferrer noopener\" href=\"http:\/\/www.fszek.hu\/\" target=\"_blank\">F\u0151v\u00e1rosi Szab\u00f3 Ervin K\u00f6nyvt\u00e1r<\/a><\/li><li><a href=\"https:\/\/www.kshkonyvtar.hu\/\" data-type=\"URL\" data-id=\"https:\/\/www.kshkonyvtar.hu\/\" target=\"_blank\" rel=\"noreferrer noopener\">KSH K\u00f6nyvt\u00e1r<\/a><\/li><li><a rel=\"noreferrer noopener\" href=\"https:\/\/www.oik.hu\/\" target=\"_blank\">Orsz\u00e1gos Idegennyelv\u0171 K\u00f6nyvt\u00e1r<\/a><\/li><\/ul>","protected":false},"excerpt":{"rendered":"<p>BGE K\u00f6nyvt\u00e1rak BGE KVIK K\u00f6nyvt\u00e1r BGE KKK K\u00f6nyvt\u00e1r BGE PSZK K\u00f6nyvt\u00e1r K\u00f6nyvt\u00e1rak Orsz\u00e1gos Sz\u00e9ch\u00e9nyi K\u00f6nyvt\u00e1r F\u0151v\u00e1rosi Szab\u00f3 Ervin K\u00f6nyvt\u00e1r KSH K\u00f6nyvt\u00e1r Orsz\u00e1gos Idegennyelv\u0171 K\u00f6nyvt\u00e1r<\/p>","protected":false},"author":1,"featured_media":0,"parent":27,"menu_order":0,"comment_status":"closed","ping_status":"closed","template":"","meta":{"ngg_post_thumbnail":0,"footnotes":""},"class_list":["post-30","page","type-page","status-publish","hentry"],"_links":{"self":[{"href":"https:\/\/konyvtar-idfo.uni-bge.hu\/en\/wp-json\/wp\/v2\/pages\/30","targetHints":{"allow":["GET"]}}],"collection":[{"href":"https:\/\/konyvtar-idfo.uni-bge.hu\/en\/wp-json\/wp\/v2\/pages"}],"about":[{"href":"https:\/\/konyvtar-idfo.uni-bge.hu\/en\/wp-json\/wp\/v2\/types\/page"}],"author":[{"embeddable":true,"href":"https:\/\/konyvtar-idfo.uni-bge.hu\/en\/wp-json\/wp\/v2\/users\/1"}],"replies":[{"embeddable":true,"href":"https:\/\/konyvtar-idfo.uni-bge.hu\/en\/wp-json\/wp\/v2\/comments?post=30"}],"version-history":[{"count":9,"href":"https:\/\/konyvtar-idfo.uni-bge.hu\/en\/wp-json\/wp\/v2\/pages\/30\/revisions"}],"predecessor-version":[{"id":877,"href":"https:\/\/konyvtar-idfo.uni-bge.hu\/en\/wp-json\/wp\/v2\/pages\/30\/revisions\/877"}],"up":[{"embeddable":true,"href":"https:\/\/konyvtar-idfo.uni-bge.hu\/en\/wp-json\/wp\/v2\/pages\/27"}],"wp:attachment":[{"href":"https:\/\/konyvtar-idfo.uni-bge.hu\/en\/wp-json\/wp\/v2\/media?parent=30"}],"curies":[{"name":"wp","href":"https:\/\/api.w.org\/{rel}","templated":true}]}}