{"id":32,"date":"2021-11-26T08:59:17","date_gmt":"2021-11-26T08:59:17","guid":{"rendered":"http:\/\/konyvtar.oditszapc.hu\/?page_id=32"},"modified":"2024-07-31T16:10:23","modified_gmt":"2024-07-31T14:10:23","slug":"turisztikai-szakoldalak","status":"publish","type":"page","link":"https:\/\/konyvtar-idfo.uni-bge.hu\/en\/tudastar\/turisztikai-szakoldalak\/","title":{"rendered":"Tourism websites"},"content":{"rendered":"<h2 class=\"wp-block-heading\">Tourism websites<\/h2>\n\n\n\n<div style=\"height:10px\" aria-hidden=\"true\" class=\"wp-block-spacer\"><\/div>\n\n\n\n<h4 class=\"wp-block-heading\">Eg\u00e9szs\u00e9gturizmus, gy\u00f3gy- \u00e9s wellnessturizmus<\/h4>\n\n\n\n<ul class=\"wp-block-list\">\n<li><a href=\"https:\/\/www.antsz.hu\/\" target=\"_blank\" rel=\"noreferrer noopener\">\u00c1NTSZ<\/a> (<a rel=\"noreferrer noopener\" href=\"https:\/\/www.antsz.hu\/felso_menu\/temaink\/termeszetes_gyogytenyezok\" target=\"_blank\">term\u00e9szetes gy\u00f3gyt\u00e9nyez\u0151kkel \u00f6sszef\u00fcgg\u0151 nyilv\u00e1ntart\u00e1sok<\/a>, <a href=\"https:\/\/www.antsz.hu\/felso_menu\/temaink\/furdohelyek\" target=\"_blank\" rel=\"noreferrer noopener\">term\u00e9szetes f\u00fcrd\u0151helyek list\u00e1ja \u00e9s min\u0151s\u00edt\u00e9se<\/a>)<\/li>\n\n\n\n<li><a rel=\"noreferrer noopener\" href=\"http:\/\/www.meme.hu\/\" target=\"_blank\">Magyar Eg\u00e9szs\u00e9gturizmus Marketing Egyes\u00fclet (MEME)<\/a><\/li>\n\n\n\n<li><a rel=\"noreferrer noopener\" href=\"http:\/\/www.furdoszovetseg.hu\/\" target=\"_blank\">Magyar F\u00fcrd\u0151sz\u00f6vets\u00e9g (MFSZ)<\/a><\/li>\n\n\n\n<li><a rel=\"noreferrer noopener\" href=\"http:\/\/www.magyarfurdovarosok.hu\/\" target=\"_blank\">Magyar F\u00fcrd\u0151v\u00e1rosok Sz\u00f6vets\u00e9ge&nbsp;(MFVSZ)<\/a><\/li>\n\n\n\n<li><a rel=\"noreferrer noopener\" href=\"http:\/\/spaholding.eu\/\" target=\"_blank\">Nemzeti F\u00fcrd\u0151sz\u00f6vets\u00e9g (NFSZ)<\/a><\/li>\n<\/ul>\n\n\n\n<h4 class=\"wp-block-heading\">Balaton<\/h4>\n\n\n\n<ul class=\"wp-block-list\">\n<li><a rel=\"noreferrer noopener\" href=\"http:\/\/www.balatonregion.hu\/\" target=\"_blank\">Balaton Fejleszt\u00e9si Tan\u00e1cs<\/a><\/li>\n\n\n\n<li><a rel=\"noreferrer noopener\" href=\"http:\/\/www.balatonguest.hu\/\" target=\"_blank\">Balatonguest<\/a><\/li>\n\n\n\n<li><a rel=\"noreferrer noopener\" href=\"https:\/\/likebalaton.hu\/\" target=\"_blank\">LikeBalaton<\/a><\/li>\n\n\n\n<li><a rel=\"noreferrer noopener\" href=\"https:\/\/www.balatontipp.hu\/\" target=\"_blank\">Balatontipp<\/a><\/li>\n<\/ul>\n\n\n\n<div style=\"height:10px\" aria-hidden=\"true\" class=\"wp-block-spacer\"><\/div>\n\n\n\n<h4 class=\"wp-block-heading\">Demogr\u00e1fia<\/h4>\n\n\n\n<ul class=\"wp-block-list\">\n<li><a rel=\"noreferrer noopener\" href=\"http:\/\/demografia.hu\/hu\/\" target=\"_blank\">Demogr\u00e1fiai Kutat\u00f3int\u00e9zet (KSH)<\/a><\/li>\n<\/ul>\n\n\n\n<div style=\"height:10px\" aria-hidden=\"true\" class=\"wp-block-spacer\"><\/div>\n\n\n\n<h4 class=\"wp-block-heading\">Sz\u00e1llodaipar, sz\u00e1llodafejleszt\u00e9s<\/h4>\n\n\n\n<ul class=\"wp-block-list\">\n<li><a rel=\"noreferrer noopener\" href=\"http:\/\/kisfaludyprogram.hu\/\" target=\"_blank\">Kisfaludy Turisztikai Fejleszt\u00e9si Program<\/a><\/li>\n\n\n\n<li><a rel=\"noreferrer noopener\" href=\"http:\/\/www.hah.hu\/\" target=\"_blank\">Magyar Sz\u00e1llod\u00e1k \u00e9s \u00c9ttermek Sz\u00f6vets\u00e9ge (MSZ\u00c9SZ)<\/a><\/li>\n\n\n\n<li><a rel=\"noreferrer noopener\" href=\"http:\/\/www.hah.hu\/elemzesek\/trend-riport\" target=\"_blank\">MSZ\u00c9SZ Trendriport<\/a><\/li>\n\n\n\n<li><a href=\"https:\/\/szallashelyminosites.hu\/\" data-type=\"URL\" data-id=\"https:\/\/szallashelyminosites.hu\/\" target=\"_blank\" rel=\"noreferrer noopener\">Magyar Turisztikai Min\u0151s\u00e9gtan\u00fas\u00edt\u00f3 Test\u00fclet<\/a><\/li>\n\n\n\n<li><a rel=\"noreferrer noopener\" href=\"https:\/\/hotelcsillagok.hu\/\" target=\"_blank\">Hotel csillagok (Sz\u00e1llodamin\u0151s\u00edt\u00e9s, csillag besorol\u00e1s)<\/a><\/li>\n<\/ul>\n\n\n\n<div style=\"height:10px\" aria-hidden=\"true\" class=\"wp-block-spacer\"><\/div>\n\n\n\n<h4 class=\"wp-block-heading\">K\u00f6zleked\u00e9s<\/h4>\n\n\n\n<ul class=\"wp-block-list\">\n<li><a rel=\"noreferrer noopener\" href=\"https:\/\/legikozlekedes.com\/\" target=\"_blank\">L\u00e9gik\u00f6zleked\u00e9s online<\/a><\/li>\n\n\n\n<li><a rel=\"noreferrer noopener\" href=\"https:\/\/www.bud.hu\/\" target=\"_blank\">Budapest Airport<\/a><\/li>\n\n\n\n<li><a rel=\"noreferrer noopener\" href=\"http:\/\/www.kisvasut.hu\/index.php\" target=\"_blank\">Kisvasutak<\/a><\/li>\n<\/ul>\n\n\n\n<div style=\"height:10px\" aria-hidden=\"true\" class=\"wp-block-spacer\"><\/div>\n\n\n\n<h4 class=\"wp-block-heading\">Statisztikai adatok<\/h4>\n\n\n\n<ul class=\"wp-block-list\">\n<li><a rel=\"noreferrer noopener\" href=\"http:\/\/www.ksh.hu\/\" target=\"_blank\">K\u00f6zponti Statisztikai Hivatal (KSH)<\/a><\/li>\n\n\n\n<li><a rel=\"noreferrer noopener\" href=\"http:\/\/hnt.hu\/wp-content\/uploads\/2017\/11\/HNT_Szakmai_Nov14-1.pdf\" data-type=\"URL\" data-id=\"http:\/\/hnt.hu\/wp-content\/uploads\/2017\/11\/HNT_Szakmai_Nov14-1.pdf\" target=\"_blank\">A magyar borpiac \u00e9s a borfogyaszt\u00f3i szok\u00e1sok elemz\u00e9se (HNT)<\/a><\/li>\n\n\n\n<li><a rel=\"noreferrer noopener\" href=\"https:\/\/wttc.org\/research\/economic-impact\" data-type=\"URL\" data-id=\"https:\/\/wttc.org\/research\/economic-impact\" target=\"_blank\">Economic Impact Reports&nbsp;(WTTC)<\/a><\/li>\n\n\n\n<li><a rel=\"noreferrer noopener\" href=\"https:\/\/ec.europa.eu\/eurostat\" data-type=\"URL\" data-id=\"https:\/\/ec.europa.eu\/eurostat\" target=\"_blank\">EUROSTAT<\/a><\/li>\n\n\n\n<li><a rel=\"noreferrer noopener\" href=\"https:\/\/www.ksh.hu\/docs\/hun\/xftp\/idoszaki\/turizmszatt\/turizmszat17.pdf\" data-type=\"URL\" data-id=\"https:\/\/www.ksh.hu\/docs\/hun\/xftp\/idoszaki\/turizmszatt\/turizmszat17.pdf\" target=\"_blank\">Turizmus szatellitsz\u00e1ml\u00e1k 2017 (KSH)<\/a><\/li>\n\n\n\n<li><a rel=\"noreferrer noopener\" href=\"https:\/\/www.ksh.hu\/docs\/hun\/xftp\/idoszaki\/turizmszatt\/2018\/tszsz18.pdf\" data-type=\"URL\" data-id=\"https:\/\/www.ksh.hu\/docs\/hun\/xftp\/idoszaki\/turizmszatt\/2018\/tszsz18.pdf\" target=\"_blank\">Turizmus szatellitsz\u00e1ml\u00e1k 2018 (KSH)<\/a><\/li>\n\n\n\n<li><a href=\"https:\/\/www.ksh.hu\/docs\/hun\/xftp\/idoszaki\/turizmszatt\/2019\/index.html\" data-type=\"URL\" data-id=\"https:\/\/www.ksh.hu\/docs\/hun\/xftp\/idoszaki\/turizmszatt\/2019\/index.html\" target=\"_blank\" rel=\"noreferrer noopener\">Turizmus szatellitsz\u00e1ml\u00e1k 2019-2020 (KSH)<\/a><\/li>\n<\/ul>\n\n\n\n<div style=\"height:10px\" aria-hidden=\"true\" class=\"wp-block-spacer\"><\/div>\n\n\n\n<h4 class=\"wp-block-heading\">T\u00far\u00e1z\u00e1s, term\u00e9szetj\u00e1r\u00e1s, term\u00e9szetv\u00e9delem<\/h4>\n\n\n\n<ul class=\"wp-block-list\">\n<li><a rel=\"noreferrer noopener\" href=\"http:\/\/www.kektura.hu\/\" target=\"_blank\">Orsz\u00e1gos K\u00e9kt\u00fara<\/a><\/li>\n\n\n\n<li><a rel=\"noreferrer noopener\" href=\"https:\/\/www.termeszetjaro.hu\/hu\/\" target=\"_blank\">Term\u00e9szetj\u00e1r\u00f3: f\u00f6ld\u00f6n, v\u00edzen, k\u00e9t ker\u00e9ken<\/a><\/li>\n\n\n\n<li><a rel=\"noreferrer noopener\" href=\"http:\/\/www.termeszetvedelem.hu\/\" target=\"_blank\">A magyar \u00e1llami term\u00e9szetv\u00e9delem hivatalos honlapja<\/a><\/li>\n\n\n\n<li><a rel=\"noreferrer noopener\" href=\"http:\/\/www.turatars.com\/\" target=\"_blank\">T\u00farat\u00e1rs \u00e9s T\u00fara keres\u0151 k\u00f6z\u00f6ss\u00e9gi oldal<\/a><\/li>\n\n\n\n<li><a rel=\"noreferrer noopener\" href=\"http:\/\/www.naturparkok.hu\/\" target=\"_blank\">Magyar Nat\u00farparkok<\/a><\/li>\n\n\n\n<li><a rel=\"noreferrer noopener\" href=\"http:\/\/magyarnemzetiparkok.hu\/\" target=\"_blank\">Magyar Nemzeti Parkok<\/a><\/li>\n\n\n\n<li><a rel=\"noreferrer noopener\" href=\"http:\/\/natura.2000.hu\/hu\" target=\"_blank\">Natura2000<\/a><\/li>\n\n\n\n<li><a rel=\"noreferrer noopener\" href=\"http:\/\/nori.gov.hu\/\" target=\"_blank\">Nemzeti \u00d6r\u00f6ks\u00e9g Int\u00e9zete<\/a><\/li>\n\n\n\n<li><a rel=\"noreferrer noopener\" href=\"https:\/\/djnaploja.wordpress.com\/\" target=\"_blank\">V\u00e1rkutat\u00f3 napl\u00f3 (blog)<\/a><\/li>\n<\/ul>\n\n\n\n<div style=\"height:10px\" aria-hidden=\"true\" class=\"wp-block-spacer\"><\/div>\n\n\n\n<h4 class=\"wp-block-heading\">Turizmusfejleszt\u00e9s<\/h4>\n\n\n\n<ul class=\"wp-block-list\">\n<li><a href=\"https:\/\/tdmszovetseg.eu\/\" data-type=\"URL\" data-id=\"https:\/\/tdmszovetseg.eu\/\" target=\"_blank\" rel=\"noreferrer noopener\">Magyar Turisztikai Desztin\u00e1ci\u00f3 Menedzsment Sz\u00f6vets\u00e9g (TDMSZ)<\/a><\/li>\n\n\n\n<li><a href=\"https:\/\/mtu.gov.hu\/dokumentumok\/NTS2030_Turizmus2.0-Strategia.pdf\" data-type=\"URL\" data-id=\"https:\/\/mtu.gov.hu\/dokumentumok\/NTS2030_Turizmus2.0-Strategia.pdf\" target=\"_blank\" rel=\"noreferrer noopener\">Nemzeti Turizmusfejleszt\u00e9si Strat\u00e9gia 2030 &#8211; Turizmus 2.0 (MT\u00dc)<\/a><\/li>\n\n\n\n<li><a rel=\"noreferrer noopener\" href=\"https:\/\/www.palyazat.gov.hu\/\" target=\"_blank\">Sz\u00e9chenyi2020 (EU p\u00e1ly\u00e1zatok)<\/a><\/li>\n\n\n\n<li><a href=\"https:\/\/info.ntak.hu\/\" data-type=\"URL\" data-id=\"https:\/\/info.ntak.hu\/\" target=\"_blank\" rel=\"noreferrer noopener\">Nemzeti Turisztikai Adatszolg\u00e1ltat\u00f3 K\u00f6zpont<\/a> (NTAK)<\/li>\n\n\n\n<li><a rel=\"noreferrer noopener\" href=\"https:\/\/www.turisztikaitanulmanyok.hu\/\" target=\"_blank\">Turisztikai \u00e9s Vid\u00e9kfejleszt\u00e9si Tanulm\u00e1nyok<\/a><\/li>\n<\/ul>\n\n\n\n<div style=\"height:10px\" aria-hidden=\"true\" class=\"wp-block-spacer\"><\/div>\n\n\n\n<h4 class=\"wp-block-heading\">Vall\u00e1si turizmus<\/h4>\n\n\n\n<ul class=\"wp-block-list\">\n<li><a rel=\"noreferrer noopener\" href=\"http:\/\/www.bucsujaras.hu\/\" target=\"_blank\">B\u00facs\u00faj\u00e1r\u00e1s honlapja<\/a><\/li>\n\n\n\n<li><a rel=\"noreferrer noopener\" href=\"http:\/\/magyarzarandokut.hu\/\" target=\"_blank\">Magyar Zar\u00e1ndokutak<\/a><\/li>\n\n\n\n<li><a rel=\"noreferrer noopener\" href=\"http:\/\/mariaut.hu\/tart\/index\/1377\/1\" target=\"_blank\">M\u00e1ria \u00dat<\/a><\/li>\n<\/ul>\n\n\n\n<div style=\"height:10px\" aria-hidden=\"true\" class=\"wp-block-spacer\"><\/div>\n\n\n\n<h4 class=\"wp-block-heading\">Digit\u00e1lis dokumentumok<\/h4>\n\n\n\n<ul class=\"wp-block-list\">\n<li><a href=\"https:\/\/dtk.tankonyvtar.hu\/\" data-type=\"URL\" data-id=\"https:\/\/dtk.tankonyvtar.hu\/\" target=\"_blank\" rel=\"noreferrer noopener\">Digit\u00e1lis Tank\u00f6nyvt\u00e1r<\/a><\/li>\n\n\n\n<li><a rel=\"noreferrer noopener\" href=\"http:\/\/www.eturizmus.pte.hu\/szakmai_anyagok\" target=\"_blank\">e-turizmus<\/a><\/li>\n\n\n\n<li><a rel=\"noreferrer noopener\" href=\"http:\/\/www.nyf.hu\/foldrajz\/node\/178\" target=\"_blank\">Turizmus \u00e9s F\u00f6ldrajztudom\u00e1nyi Int\u00e9zet<\/a><\/li>\n<\/ul>\n\n\n\n<div style=\"height:10px\" aria-hidden=\"true\" class=\"wp-block-spacer\"><\/div>\n\n\n\n<h4 class=\"wp-block-heading\">Szakoldalak<\/h4>\n\n\n\n<ul class=\"wp-block-list\">\n<li><a href=\"https:\/\/gkidigital.hu\/\" target=\"_blank\" rel=\"noreferrer noopener\">GKI Digital (e-kereskedelem toplista)<\/a><\/li>\n\n\n\n<li><a href=\"https:\/\/csodasmagyarorszag.hu\/tourinform\" data-type=\"URL\" data-id=\"https:\/\/csodasmagyarorszag.hu\/tourinform\" target=\"_blank\" rel=\"noreferrer noopener\">Tourinform.hu<\/a><\/li>\n\n\n\n<li><a href=\"https:\/\/turizmus.com\/\" target=\"_blank\" rel=\"noreferrer noopener\">Turizmus.com<\/a><\/li>\n\n\n\n<li><a href=\"http:\/\/turizmusonline.hu\/\" target=\"_blank\" rel=\"noreferrer noopener\">Turizmus Online<\/a><\/li>\n\n\n\n<li><a href=\"https:\/\/turizmus.lap.hu\/\" target=\"_blank\" rel=\"noreferrer noopener\">Turizmus.lap.hu<\/a><\/li>\n\n\n\n<li><a href=\"https:\/\/csodasmagyarorszag.hu\/\" target=\"_blank\" rel=\"noreferrer noopener\">Csod\u00e1s Magyarorsz\u00e1g<\/a><\/li>\n\n\n\n<li><a href=\"https:\/\/bor.hu\/\" target=\"_blank\" rel=\"noreferrer noopener\">Bor.hu<\/a><\/li>\n<\/ul>\n\n\n\n<div style=\"height:10px\" aria-hidden=\"true\" class=\"wp-block-spacer\"><\/div>\n\n\n\n<h4 class=\"wp-block-heading\">Szakmai szervezetek<\/h4>\n\n\n\n<ul class=\"wp-block-list\">\n<li><a rel=\"noreferrer noopener\" href=\"http:\/\/magyarturisztikaiszovetseg.hu\/\" target=\"_blank\">Magyar Turisztikai Sz\u00f6vets\u00e9g<\/a><\/li>\n\n\n\n<li><a rel=\"noreferrer noopener\" href=\"https:\/\/mtu.gov.hu\/\" target=\"_blank\">Magyar Turisztikai \u00dcgyn\u00f6ks\u00e9g Zrt.<\/a><\/li>\n\n\n\n<li><a rel=\"noreferrer noopener\" href=\"http:\/\/www.tutsz.org.hu\/\" target=\"_blank\">Turisztikai Tan\u00e1csad\u00f3k Sz\u00f6vets\u00e9ge (TUTSZ)<\/a><\/li>\n\n\n\n<li><a rel=\"noreferrer noopener\" href=\"https:\/\/falusiturizmus.eu\/\" data-type=\"URL\" data-id=\"https:\/\/falusiturizmus.eu\/\" target=\"_blank\">FATOSZ<\/a><\/li>\n\n\n\n<li><a rel=\"noreferrer noopener\" href=\"https:\/\/www.gki.hu\/language\/hu\/\" target=\"_blank\">GKI Gazdas\u00e1gkutat\u00f3 Int\u00e9zet Zrt.<\/a><\/li>\n\n\n\n<li><a rel=\"noreferrer noopener\" href=\"http:\/\/lechnerkozpont.hu\/\" target=\"_blank\">Lechner \u00d6d\u00f6n Tud\u00e1sk\u00f6zpont<\/a><\/li>\n\n\n\n<li><a rel=\"noreferrer noopener\" href=\"http:\/\/dunaregiostrategia.kormany.hu\/\" target=\"_blank\">Duna R\u00e9gi\u00f3 Strat\u00e9gia<\/a><\/li>\n\n\n\n<li><a rel=\"noreferrer noopener\" href=\"https:\/\/kidsoasis.hu\/szakmai-oldalak\/\" target=\"_blank\">Csal\u00e1dbar\u00e1t turizmus (KidsOasis)<\/a><\/li>\n\n\n\n<li><a rel=\"noreferrer noopener\" href=\"http:\/\/www.terport.hu\/\" target=\"_blank\">Orsz\u00e1gos Ter\u00fcletfejleszt\u00e9si \u00e9s Ter\u00fcletrendez\u00e9si Inform\u00e1ci\u00f3s Rendszer<\/a><\/li>\n\n\n\n<li><a href=\"https:\/\/aofk.hu\/\" data-type=\"URL\" data-id=\"https:\/\/aofk.hu\/\" target=\"_blank\" rel=\"noreferrer noopener\">Akt\u00edv- \u00e9s \u00d6koturisztikai Fejleszt\u00e9si K\u00f6zpont<\/a><\/li>\n\n\n\n<li><a href=\"http:\/\/www.tutsz.org.hu\/\" data-type=\"link\" data-id=\"http:\/\/www.tutsz.org.hu\/\" target=\"_blank\" rel=\"noreferrer noopener\">Turizmusfejleszt\u0151k \u00e9s Tan\u00e1csad\u00f3k Sz\u00f6vets\u00e9ge (TUTSZ)<\/a><\/li>\n<\/ul>","protected":false},"excerpt":{"rendered":"<p>Turisztikai szakoldalak Eg\u00e9szs\u00e9gturizmus, gy\u00f3gy- \u00e9s wellnessturizmus Balaton Demogr\u00e1fia Sz\u00e1llodaipar, sz\u00e1llodafejleszt\u00e9s K\u00f6zleked\u00e9s Statisztikai adatok T\u00far\u00e1z\u00e1s, term\u00e9szetj\u00e1r\u00e1s, term\u00e9szetv\u00e9delem Turizmusfejleszt\u00e9s Vall\u00e1si turizmus Digit\u00e1lis dokumentumok Szakoldalak Szakmai szervezetek<\/p>","protected":false},"author":1,"featured_media":0,"parent":27,"menu_order":0,"comment_status":"closed","ping_status":"closed","template":"","meta":{"ngg_post_thumbnail":0,"footnotes":""},"class_list":["post-32","page","type-page","status-publish","hentry"],"_links":{"self":[{"href":"https:\/\/konyvtar-idfo.uni-bge.hu\/en\/wp-json\/wp\/v2\/pages\/32","targetHints":{"allow":["GET"]}}],"collection":[{"href":"https:\/\/konyvtar-idfo.uni-bge.hu\/en\/wp-json\/wp\/v2\/pages"}],"about":[{"href":"https:\/\/konyvtar-idfo.uni-bge.hu\/en\/wp-json\/wp\/v2\/types\/page"}],"author":[{"embeddable":true,"href":"https:\/\/konyvtar-idfo.uni-bge.hu\/en\/wp-json\/wp\/v2\/users\/1"}],"replies":[{"embeddable":true,"href":"https:\/\/konyvtar-idfo.uni-bge.hu\/en\/wp-json\/wp\/v2\/comments?post=32"}],"version-history":[{"count":30,"href":"https:\/\/konyvtar-idfo.uni-bge.hu\/en\/wp-json\/wp\/v2\/pages\/32\/revisions"}],"predecessor-version":[{"id":1198,"href":"https:\/\/konyvtar-idfo.uni-bge.hu\/en\/wp-json\/wp\/v2\/pages\/32\/revisions\/1198"}],"up":[{"embeddable":true,"href":"https:\/\/konyvtar-idfo.uni-bge.hu\/en\/wp-json\/wp\/v2\/pages\/27"}],"wp:attachment":[{"href":"https:\/\/konyvtar-idfo.uni-bge.hu\/en\/wp-json\/wp\/v2\/media?parent=32"}],"curies":[{"name":"wp","href":"https:\/\/api.w.org\/{rel}","templated":true}]}}