{"id":34,"date":"2021-11-26T08:59:37","date_gmt":"2021-11-26T08:59:37","guid":{"rendered":"http:\/\/konyvtar.oditszapc.hu\/?page_id=34"},"modified":"2023-01-23T16:53:34","modified_gmt":"2023-01-23T15:53:34","slug":"nemzetkozi-szervezetek","status":"publish","type":"page","link":"https:\/\/konyvtar-idfo.uni-bge.hu\/en\/tudastar\/nemzetkozi-szervezetek\/","title":{"rendered":"International organizations"},"content":{"rendered":"<h2 class=\"wp-block-heading\">International organizations<\/h2>\n\n\n\n<div style=\"height:20px\" aria-hidden=\"true\" class=\"wp-block-spacer\"><\/div>\n\n\n\n<ul class=\"wp-block-list\"><li><a rel=\"noreferrer noopener\" href=\"http:\/\/www.europeanspas.eu\/\" target=\"_blank\">ESPA (Eur\u00f3pai F\u00fcrd\u0151sz\u00f6vets\u00e9g\/Spa Sz\u00f6vets\u00e9g)<\/a><\/li><li><a rel=\"noreferrer noopener\" href=\"https:\/\/op.europa.eu\/en\/web\/general-publications\/publications\" target=\"_blank\">EU Law and Publications<\/a><\/li><li><a rel=\"noreferrer noopener\" href=\"http:\/\/www.ebrd.com\/home\" target=\"_blank\">European Bank for Reconstruction and Development<\/a><\/li><li><a rel=\"noreferrer noopener\" href=\"https:\/\/www.europeancitiesmarketing.com\/\" target=\"_blank\">European Cities Marketing\u00a0(ECM)<\/a><\/li><li><a rel=\"noreferrer noopener\" href=\"https:\/\/ec.europa.eu\/eurostat\" target=\"_blank\">Eurostat<\/a><\/li><li><a rel=\"noreferrer noopener\" href=\"http:\/\/www.iata.org\/Pages\/default.aspx\" target=\"_blank\">IATA<\/a><\/li><li><a rel=\"noreferrer noopener\" href=\"http:\/\/www.ecotourism.org\/\" target=\"_blank\">International Ecotourism Society (TIES)<\/a><\/li><li><a rel=\"noreferrer noopener\" href=\"http:\/\/www.tourmis.info\/\" target=\"_blank\">\u00d6sterreich Werbung\/TourMis<\/a><\/li><li><a rel=\"noreferrer noopener\" href=\"http:\/\/en.unesco.org\/\" target=\"_blank\">UNESCO<\/a><\/li><li><a rel=\"noreferrer noopener\" href=\"http:\/\/www.wttc.org\/\" target=\"_blank\">World Travel &amp; Tourism Council (WTTC)<\/a><\/li><li><a href=\"https:\/\/www.unwto.org\/\" data-type=\"URL\" data-id=\"https:\/\/www.unwto.org\/\" target=\"_blank\" rel=\"noreferrer noopener\">World Tourism Organization (UNWTO)<\/a><\/li><\/ul>","protected":false},"excerpt":{"rendered":"<p>Nemzetk\u00f6zi szervezetek ESPA (Eur\u00f3pai F\u00fcrd\u0151sz\u00f6vets\u00e9g\/Spa Sz\u00f6vets\u00e9g) EU Law and Publications European Bank for Reconstruction and Development European Cities Marketing\u00a0(ECM) Eurostat IATA International Ecotourism Society (TIES) \u00d6sterreich Werbung\/TourMis UNESCO World Travel &amp; Tourism Council (WTTC) World Tourism Organization (UNWTO)<\/p>","protected":false},"author":1,"featured_media":0,"parent":27,"menu_order":0,"comment_status":"closed","ping_status":"closed","template":"","meta":{"ngg_post_thumbnail":0,"footnotes":""},"class_list":["post-34","page","type-page","status-publish","hentry"],"_links":{"self":[{"href":"https:\/\/konyvtar-idfo.uni-bge.hu\/en\/wp-json\/wp\/v2\/pages\/34","targetHints":{"allow":["GET"]}}],"collection":[{"href":"https:\/\/konyvtar-idfo.uni-bge.hu\/en\/wp-json\/wp\/v2\/pages"}],"about":[{"href":"https:\/\/konyvtar-idfo.uni-bge.hu\/en\/wp-json\/wp\/v2\/types\/page"}],"author":[{"embeddable":true,"href":"https:\/\/konyvtar-idfo.uni-bge.hu\/en\/wp-json\/wp\/v2\/users\/1"}],"replies":[{"embeddable":true,"href":"https:\/\/konyvtar-idfo.uni-bge.hu\/en\/wp-json\/wp\/v2\/comments?post=34"}],"version-history":[{"count":5,"href":"https:\/\/konyvtar-idfo.uni-bge.hu\/en\/wp-json\/wp\/v2\/pages\/34\/revisions"}],"predecessor-version":[{"id":878,"href":"https:\/\/konyvtar-idfo.uni-bge.hu\/en\/wp-json\/wp\/v2\/pages\/34\/revisions\/878"}],"up":[{"embeddable":true,"href":"https:\/\/konyvtar-idfo.uni-bge.hu\/en\/wp-json\/wp\/v2\/pages\/27"}],"wp:attachment":[{"href":"https:\/\/konyvtar-idfo.uni-bge.hu\/en\/wp-json\/wp\/v2\/media?parent=34"}],"curies":[{"name":"wp","href":"https:\/\/api.w.org\/{rel}","templated":true}]}}