{"id":38,"date":"2021-11-26T09:01:35","date_gmt":"2021-11-26T09:01:35","guid":{"rendered":"http:\/\/konyvtar.oditszapc.hu\/?page_id=38"},"modified":"2023-09-19T09:54:05","modified_gmt":"2023-09-19T07:54:05","slug":"folyoiratok","status":"publish","type":"page","link":"https:\/\/konyvtar-idfo.uni-bge.hu\/en\/tudastar\/folyoiratok\/","title":{"rendered":"Periodicals"},"content":{"rendered":"<h2 class=\"wp-block-heading\"><strong>Online access hungarian journals<\/strong><\/h2>\n\n\n\n<div style=\"height:20px\" aria-hidden=\"true\" class=\"wp-block-spacer\"><\/div>\n\n\n\n<ul class=\"wp-block-list\">\n<li><a rel=\"noreferrer noopener\" href=\"http:\/\/epa.oszk.hu\/01200\/01259\" target=\"_blank\">Bar\u00e1ts\u00e1g (2002-&nbsp; )<\/a><\/li>\n\n\n\n<li><a rel=\"noreferrer noopener\" href=\"http:\/\/folyoirat.nefi.hu\/index.php?journal=Egeszsegfejlesztes\" target=\"_blank\">Eg\u00e9szs\u00e9gfejleszt\u00e9s (2017-)<\/a><\/li>\n\n\n\n<li><a rel=\"noreferrer noopener\" href=\"http:\/\/epa.oszk.hu\/00100\/00185\" target=\"_blank\">\u00c9lelmez\u00e9s (2003-2016)<\/a><\/li>\n\n\n\n<li><a rel=\"noreferrer noopener\" href=\"http:\/\/epa.oszk.hu\/00200\/00232\" target=\"_blank\">Eur\u00f3pai Utas (1999-2009)<\/a><\/li>\n\n\n\n<li><a href=\"http:\/\/www.terport.hu\/node\/3247.html\" data-type=\"URL\" data-id=\"http:\/\/www.terport.hu\/node\/3247.html\" target=\"_blank\" rel=\"noreferrer noopener\">Falu, V\u00e1ros, R\u00e9gi\u00f3 (2008-2014)<\/a><\/li>\n\n\n\n<li><a rel=\"noreferrer noopener\" href=\"https:\/\/www.foldrajzitarsasag.hu\/kiadvanyok\/foldrajzi-kozlemenyek\" target=\"_blank\">F\u00f6ldrajzi K\u00f6zlem\u00e9nyek (2005- )<\/a><\/li>\n\n\n\n<li><a rel=\"noreferrer noopener\" href=\"http:\/\/epa.oszk.hu\/00400\/00452\" target=\"_blank\">Gazd\u00e1lkod\u00e1s (2004-2015)<\/a><\/li>\n\n\n\n<li><a rel=\"noreferrer noopener\" href=\"http:\/\/epa.oszk.hu\/00200\/00248\" target=\"_blank\">Honismeret (1972-2015)<\/a><\/li>\n\n\n\n<li><a rel=\"noreferrer noopener\" href=\"https:\/\/hvg.hu\/cimke\/turizmus\" target=\"_blank\">HVG<\/a><\/li>\n\n\n\n<li><a rel=\"noreferrer noopener\" href=\"http:\/\/www.kozlonyok.hu\/kozlonyok\/valaszt.htm\" target=\"_blank\">K\u00f6zl\u00f6ny\u00f6k<\/a><\/li>\n\n\n\n<li><a rel=\"noreferrer noopener\" href=\"http:\/\/epa.oszk.hu\/01500\/01564\" target=\"_blank\">Kulin\u00e1rium (2009-2011)<\/a><\/li>\n\n\n\n<li><a rel=\"noreferrer noopener\" href=\"http:\/\/kovet.hu\/lepesek-archivum\/\" target=\"_blank\">L\u00e9p\u00e9sek a fenntarthat\u00f3s\u00e1g fel\u00e9 (2011- )<\/a><\/li>\n\n\n\n<li><a href=\"https:\/\/journals.lib.pte.hu\/index.php\/mm\/issue\/archive\" data-type=\"URL\" data-id=\"https:\/\/journals.lib.pte.hu\/index.php\/mm\/issue\/archive\" target=\"_blank\" rel=\"noreferrer noopener\">Marketing &amp; Menedzsment (1995- )<\/a><\/li>\n\n\n\n<li><a rel=\"noreferrer noopener\" href=\"http:\/\/pmr.uni-pannon.hu\/page.php?issue=19\" target=\"_blank\">Pannon Management Review&nbsp;(2012- )<\/a><\/li>\n\n\n\n<li><a rel=\"noreferrer noopener\" href=\"http:\/\/polgariszemle.hu\/\" target=\"_blank\">Polg\u00e1ri Szemle (2005- )<\/a><\/li>\n\n\n\n<li><a rel=\"noreferrer noopener\" href=\"https:\/\/tet.rkk.hu\/index.php\/TeT\/issue\/archive\" target=\"_blank\">T\u00e9r \u00e9s T\u00e1rsadalom&nbsp;(1987-&nbsp; )<\/a><\/li>\n\n\n\n<li><a href=\"https:\/\/www.ksh.hu\/terstatkereso#\/\" data-type=\"URL\" data-id=\"https:\/\/www.ksh.hu\/terstatkereso#\/\" target=\"_blank\" rel=\"noreferrer noopener\">Ter\u00fcleti Statisztika (2006- )<\/a><\/li>\n\n\n\n<li><a rel=\"noreferrer noopener\" href=\"http:\/\/www.kozlonyok.hu\/kozlonyok\/index.php?m=1&amp;p=0100&amp;k=27\" target=\"_blank\">Turisztikai \u00c9rtes\u00edt\u0151 (2006-2008)<\/a><\/li>\n\n\n\n<li><a rel=\"noreferrer noopener\" href=\"http:\/\/www.turisztikaitanulmanyok.hu\/\" target=\"_blank\">Turisztikai \u00e9s Vid\u00e9kfejleszt\u00e9si Tanulm\u00e1nyok (TVT) (2016- )<\/a><\/li>\n\n\n\n<li><a rel=\"noreferrer noopener\" href=\"https:\/\/journals.lib.uni-corvinus.hu\/index.php\/turizmusbulletin\/issue\/archive\" data-type=\"URL\" data-id=\"https:\/\/journals.lib.uni-corvinus.hu\/index.php\/turizmusbulletin\/issue\/archive\" target=\"_blank\">Turizmus Bulletin (2017- )<\/a><\/li>\n\n\n\n<li><a rel=\"noreferrer noopener\" href=\"http:\/\/turizmusonline.hu\/\" target=\"_blank\">Turizmus Online<\/a><\/li>\n\n\n\n<li><a rel=\"noreferrer noopener\" href=\"http:\/\/unipub.lib.uni-corvinus.hu\/cgi\/search\/archive\/advanced?screen=Search&amp;publication_merge=ALL&amp;publication=vezet%C3%A9studom%C3%A1ny&amp;order=-date%2Fcreators_name%2Ftitle&amp;_action_search=Keres%C3%A9s\" target=\"_blank\">Vezet\u00e9studom\u00e1ny&nbsp;(1994-&nbsp; )<\/a><\/li>\n<\/ul>","protected":false},"excerpt":{"rendered":"<p>Online access hungarian journals<\/p>","protected":false},"author":1,"featured_media":0,"parent":27,"menu_order":0,"comment_status":"closed","ping_status":"closed","template":"","meta":{"ngg_post_thumbnail":0,"footnotes":""},"class_list":["post-38","page","type-page","status-publish","hentry"],"_links":{"self":[{"href":"https:\/\/konyvtar-idfo.uni-bge.hu\/en\/wp-json\/wp\/v2\/pages\/38","targetHints":{"allow":["GET"]}}],"collection":[{"href":"https:\/\/konyvtar-idfo.uni-bge.hu\/en\/wp-json\/wp\/v2\/pages"}],"about":[{"href":"https:\/\/konyvtar-idfo.uni-bge.hu\/en\/wp-json\/wp\/v2\/types\/page"}],"author":[{"embeddable":true,"href":"https:\/\/konyvtar-idfo.uni-bge.hu\/en\/wp-json\/wp\/v2\/users\/1"}],"replies":[{"embeddable":true,"href":"https:\/\/konyvtar-idfo.uni-bge.hu\/en\/wp-json\/wp\/v2\/comments?post=38"}],"version-history":[{"count":6,"href":"https:\/\/konyvtar-idfo.uni-bge.hu\/en\/wp-json\/wp\/v2\/pages\/38\/revisions"}],"predecessor-version":[{"id":997,"href":"https:\/\/konyvtar-idfo.uni-bge.hu\/en\/wp-json\/wp\/v2\/pages\/38\/revisions\/997"}],"up":[{"embeddable":true,"href":"https:\/\/konyvtar-idfo.uni-bge.hu\/en\/wp-json\/wp\/v2\/pages\/27"}],"wp:attachment":[{"href":"https:\/\/konyvtar-idfo.uni-bge.hu\/en\/wp-json\/wp\/v2\/media?parent=38"}],"curies":[{"name":"wp","href":"https:\/\/api.w.org\/{rel}","templated":true}]}}