{"id":40,"date":"2021-11-26T09:01:52","date_gmt":"2021-11-26T09:01:52","guid":{"rendered":"http:\/\/konyvtar.oditszapc.hu\/?page_id=40"},"modified":"2023-01-23T16:44:45","modified_gmt":"2023-01-23T15:44:45","slug":"jogszabalyok","status":"publish","type":"page","link":"https:\/\/konyvtar-idfo.uni-bge.hu\/en\/tudastar\/jogszabalyok\/","title":{"rendered":"Legislations"},"content":{"rendered":"<h2 class=\"wp-block-heading\">Current legislation<\/h2>\n\n\n\n<div style=\"height:20px\" aria-hidden=\"true\" class=\"wp-block-spacer\"><\/div>\n\n\n\n<ul class=\"wp-block-list\"><li><a rel=\"noreferrer noopener\" href=\"https:\/\/net.jogtar.hu\/jogszabaly?docid=99600213.KOR\" target=\"_blank\">213\/1996. (XII.23.) Korm. rendelet az utaz\u00e1sszervez\u0151- \u00e9s k\u00f6zvet\u00edt\u0151 tev\u00e9kenys\u00e9gr\u0151l<\/a><\/li><li><a rel=\"noreferrer noopener\" href=\"https:\/\/net.jogtar.hu\/jogszabaly?docid=A1700532.KOR\" target=\"_blank\">532\/2017. (XII.28.) Korm. rendelet a l\u00e9gik\u00f6zleked\u00e9si hat\u00f3s\u00e1g kieg\u00e9sz\u00edt\u0151 elj\u00e1r\u00e1sjogi szab\u00e1lyair\u00f3l<\/a><\/li><li><a href=\"https:\/\/net.jogtar.hu\/jogszabaly?docid=a1700472.kor\" data-type=\"URL\" data-id=\"https:\/\/net.jogtar.hu\/jogszabaly?docid=a1700472.kor\" target=\"_blank\" rel=\"noreferrer noopener\">472\/2017. (XII.28.) Korm. rendelet az utaz\u00e1si szolg\u00e1ltat\u00e1sokra vonatkoz\u00f3 szerz\u0151d\u00e9sekr\u0151l<\/a><\/li><li><a rel=\"noreferrer noopener\" href=\"http:\/\/njt.hu\/cgi_bin\/njt_doc.cgi?docid=119818.261225\" target=\"_blank\">281\/2008. (XI.28.) Korm. rendelet az utaz\u00e1si szerz\u0151d\u00e9sr\u0151l<\/a><\/li><\/ul>\n\n\n\n<div style=\"height:10px\" aria-hidden=\"true\" class=\"wp-block-spacer\"><\/div>\n\n\n\n<ul class=\"wp-block-list\"><li><a rel=\"noreferrer noopener\" href=\"https:\/\/net.jogtar.hu\/jogszabaly?docid=A0500164.TV\" target=\"_blank\">2005. \u00e9vi CLXIV. t\u00f6rv\u00e9ny a kereskedelemr\u0151l (2005.XII.25.)<\/a><\/li><li><a rel=\"noreferrer noopener\" href=\"https:\/\/net.jogtar.hu\/jogszabaly?docid=99700078.TV\" target=\"_blank\">1997. \u00e9vi LXXVIII. t\u00f6rv\u00e9ny az \u00e9p\u00edtett k\u00f6rnyezet alak\u00edt\u00e1s\u00e1r\u00f3l \u00e9s v\u00e9delm\u00e9r\u0151l<\/a><\/li><\/ul>\n\n\n\n<div style=\"height:10px\" aria-hidden=\"true\" class=\"wp-block-spacer\"><\/div>\n\n\n\n<ul class=\"wp-block-list\"><li><a rel=\"noreferrer noopener\" href=\"https:\/\/net.jogtar.hu\/jogszabaly?docid=A17H1549.KOR&amp;timeshift=fffffff4&amp;txtreferer=00000001.TXT\" target=\"_blank\">1549\/2017. (VIII.15.) Korm. hat\u00e1rozat a turisztikai fejleszt\u00e9sek megval\u00f3s\u00edt\u00e1s\u00e1hoz sz\u00fcks\u00e9ges int\u00e9zked\u00e9sekr\u0151l<\/a><\/li><li><a rel=\"noreferrer noopener\" href=\"https:\/\/net.jogtar.hu\/jogszabaly?docid=A17H1550.KOR&amp;timeshift=fffffff4&amp;txtreferer=00000001.TXT\" target=\"_blank\">1550\/2017. (VIII.18.) Korm. hat\u00e1rozat a Dunakanyar kiemelt turisztikai fejleszt\u00e9si t\u00e9rs\u00e9g meghat\u00e1roz\u00e1s\u00e1r\u00f3l<\/a><\/li><\/ul>\n\n\n\n<div style=\"height:10px\" aria-hidden=\"true\" class=\"wp-block-spacer\"><\/div>\n\n\n\n<ul class=\"wp-block-list\"><li><a rel=\"noreferrer noopener\" href=\"https:\/\/eur-lex.europa.eu\/homepage.html?locale=hu\" target=\"_blank\">Uni\u00f3s jogszab\u00e1lyok (EUR-Lex)<\/a><\/li><\/ul>","protected":false},"excerpt":{"rendered":"<p>Hat\u00e1lyos jogszab\u00e1lyok 213\/1996. (XII.23.) Korm. rendelet az utaz\u00e1sszervez\u0151- \u00e9s k\u00f6zvet\u00edt\u0151 tev\u00e9kenys\u00e9gr\u0151l 532\/2017. (XII.28.) Korm. rendelet a l\u00e9gik\u00f6zleked\u00e9si hat\u00f3s\u00e1g kieg\u00e9sz\u00edt\u0151 elj\u00e1r\u00e1sjogi szab\u00e1lyair\u00f3l 472\/2017. (XII.28.) Korm. rendelet az utaz\u00e1si szolg\u00e1ltat\u00e1sokra vonatkoz\u00f3 szerz\u0151d\u00e9sekr\u0151l 281\/2008. (XI.28.) Korm. rendelet az utaz\u00e1si szerz\u0151d\u00e9sr\u0151l 2005. \u00e9vi CLXIV. t\u00f6rv\u00e9ny a kereskedelemr\u0151l (2005.XII.25.) 1997. \u00e9vi LXXVIII. t\u00f6rv\u00e9ny az \u00e9p\u00edtett k\u00f6rnyezet alak\u00edt\u00e1s\u00e1r\u00f3l \u00e9s v\u00e9delm\u00e9r\u0151l 1549\/2017. [&hellip;]<\/p>","protected":false},"author":1,"featured_media":0,"parent":27,"menu_order":0,"comment_status":"closed","ping_status":"closed","template":"","meta":{"ngg_post_thumbnail":0,"footnotes":""},"class_list":["post-40","page","type-page","status-publish","hentry"],"_links":{"self":[{"href":"https:\/\/konyvtar-idfo.uni-bge.hu\/en\/wp-json\/wp\/v2\/pages\/40","targetHints":{"allow":["GET"]}}],"collection":[{"href":"https:\/\/konyvtar-idfo.uni-bge.hu\/en\/wp-json\/wp\/v2\/pages"}],"about":[{"href":"https:\/\/konyvtar-idfo.uni-bge.hu\/en\/wp-json\/wp\/v2\/types\/page"}],"author":[{"embeddable":true,"href":"https:\/\/konyvtar-idfo.uni-bge.hu\/en\/wp-json\/wp\/v2\/users\/1"}],"replies":[{"embeddable":true,"href":"https:\/\/konyvtar-idfo.uni-bge.hu\/en\/wp-json\/wp\/v2\/comments?post=40"}],"version-history":[{"count":7,"href":"https:\/\/konyvtar-idfo.uni-bge.hu\/en\/wp-json\/wp\/v2\/pages\/40\/revisions"}],"predecessor-version":[{"id":873,"href":"https:\/\/konyvtar-idfo.uni-bge.hu\/en\/wp-json\/wp\/v2\/pages\/40\/revisions\/873"}],"up":[{"embeddable":true,"href":"https:\/\/konyvtar-idfo.uni-bge.hu\/en\/wp-json\/wp\/v2\/pages\/27"}],"wp:attachment":[{"href":"https:\/\/konyvtar-idfo.uni-bge.hu\/en\/wp-json\/wp\/v2\/media?parent=40"}],"curies":[{"name":"wp","href":"https:\/\/api.w.org\/{rel}","templated":true}]}}