{"id":42,"date":"2021-11-26T09:02:21","date_gmt":"2021-11-26T09:02:21","guid":{"rendered":"http:\/\/konyvtar.oditszapc.hu\/?page_id=42"},"modified":"2023-09-19T10:04:59","modified_gmt":"2023-09-19T08:04:59","slug":"turizmus-oktatas-intezmenyek","status":"publish","type":"page","link":"https:\/\/konyvtar-idfo.uni-bge.hu\/en\/tudastar\/turizmus-oktatas-intezmenyek\/","title":{"rendered":"Tourism education (institutions)"},"content":{"rendered":"<h2 class=\"wp-block-heading\">Tourism education (institutions)<\/h2>\n\n\n\n<div style=\"height:20px\" aria-hidden=\"true\" class=\"wp-block-spacer\"><\/div>\n\n\n\n<h4 class=\"wp-block-heading\"><strong>Public education institutions<\/strong><\/h4>\n\n\n\n<ul class=\"wp-block-list\">\n<li><a rel=\"noreferrer noopener\" href=\"http:\/\/atheneszki.hu\/\" target=\"_blank\">Ath\u00e9n\u00e9 Szakgimn\u00e1zium<\/a><\/li>\n\n\n\n<li><a rel=\"noreferrer noopener\" href=\"http:\/\/gundeliskola.hu\/\" target=\"_blank\">BVHSZC Gundel K\u00e1roly Szakiskol\u00e1ja<\/a><\/li>\n\n\n\n<li><a rel=\"noreferrer noopener\" href=\"http:\/\/www.bigsuli.hu\/\" target=\"_blank\">Budapesti Innovat\u00edv Gimn\u00e1zium \u00e9s Szakgimn\u00e1zium<\/a><\/li>\n\n\n\n<li><a rel=\"noreferrer noopener\" href=\"http:\/\/metakepzes.hu\/\" target=\"_blank\">META Don Bosco Szakgimn\u00e1zium<\/a><\/li>\n\n\n\n<li><a rel=\"noreferrer noopener\" href=\"http:\/\/www.vikiskola.hu\/\" target=\"_blank\">VIK Baptista K\u00f6z\u00e9piskola<\/a><\/li>\n<\/ul>\n\n\n\n<div style=\"height:10px\" aria-hidden=\"true\" class=\"wp-block-spacer\"><\/div>\n\n\n\n<h4 class=\"wp-block-heading\"><strong>Universities<\/strong>k<\/h4>\n\n\n\n<ul class=\"wp-block-list\">\n<li><a rel=\"noreferrer noopener\" href=\"http:\/\/gazdalkodastudomany.uni-corvinus.hu\" target=\"_blank\">Budapesti Corvinus Egyetem Gazd\u00e1lkod\u00e1studom\u00e1nyi Kar<\/a><\/li>\n\n\n\n<li><a rel=\"noreferrer noopener\" href=\"https:\/\/uni-bge.hu\/kvik\" target=\"_blank\">Budapesti Gazdas\u00e1gi Egyetem Kereskedelmi, Vend\u00e9gl\u00e1t\u00f3ipari \u00e9s Idegenforgalmi Kar<\/a><\/li>\n\n\n\n<li><a rel=\"noreferrer noopener\" href=\"http:\/\/metubudapest.hu\/rolunk\/722\/heller-farkas-turisztikai-es-gazdasagi-kar.html\" target=\"_blank\">Budapesti Metropolitan Egyetem Heller Farkas Turisztikai \u00e9s Gazdas\u00e1gi Kar<\/a><\/li>\n\n\n\n<li><a rel=\"noreferrer noopener\" href=\"https:\/\/econ.unideb.hu\/\" target=\"_blank\">Debreceni Egyetem Gazdas\u00e1gtudom\u00e1nyi Kar<\/a><\/li>\n\n\n\n<li><a rel=\"noreferrer noopener\" href=\"https:\/\/www.edutus.hu\/\" data-type=\"URL\" data-id=\"https:\/\/www.edutus.hu\/\" target=\"_blank\">Edutus Egyetem<\/a><\/li>\n\n\n\n<li><a href=\"https:\/\/gtk.elte.hu\/\" data-type=\"URL\" data-id=\"https:\/\/gtk.elte.hu\/\" target=\"_blank\" rel=\"noreferrer noopener\">ELTE Gazdas\u00e1gtudom\u00e1nyi Kar<\/a><\/li>\n\n\n\n<li><a rel=\"noreferrer noopener\" href=\"https:\/\/uni-eszterhazy.hu\/gtk\" data-type=\"URL\" data-id=\"https:\/\/uni-eszterhazy.hu\/gtk\" target=\"_blank\">Eszterh\u00e1zy K\u00e1roly Katolikus Egyetem Gazdas\u00e1g- \u00e9s T\u00e1rsadalomtudom\u00e1nyi Kar<\/a><\/li>\n\n\n\n<li><a href=\"https:\/\/gde.hu\/\" data-type=\"URL\" data-id=\"https:\/\/gde.hu\/\" target=\"_blank\" rel=\"noreferrer noopener\">G\u00e1bor D\u00e9nes Egyetem<\/a><\/li>\n\n\n\n<li><a rel=\"noreferrer noopener\" href=\"https:\/\/www.kodolanyi.hu\/\" target=\"_blank\">Kodol\u00e1nyi J\u00e1nos&nbsp;Egyetem<\/a><\/li>\n\n\n\n<li><a rel=\"noreferrer noopener\" href=\"https:\/\/georgikoncampus.uni-mate.hu\/\" data-type=\"URL\" data-id=\"https:\/\/georgikoncampus.uni-mate.hu\/\" target=\"_blank\">Magyar Agr\u00e1r- \u00e9s \u00c9lettudom\u00e1nyi Egyetem Georgikon Campus<\/a><\/li>\n\n\n\n<li><a rel=\"noreferrer noopener\" href=\"http:\/\/gtk.uni-miskolc.hu\/\" target=\"_blank\">Miskolci Egyetem Gazdas\u00e1gtudom\u00e1nyi Kar<\/a><\/li>\n\n\n\n<li><a rel=\"noreferrer noopener\" href=\"https:\/\/gtk.nje.hu\/\" data-type=\"URL\" data-id=\"https:\/\/gtk.nje.hu\/\" target=\"_blank\">Neumann J\u00e1nos Egyetem Gazd\u00e1lkod\u00e1si Kar<\/a><\/li>\n\n\n\n<li><a rel=\"noreferrer noopener\" href=\"https:\/\/www.nye.hu\/\" data-type=\"URL\" data-id=\"https:\/\/www.nye.hu\/\" target=\"_blank\">Ny\u00edregyh\u00e1zi Egyetem<\/a><\/li>\n\n\n\n<li><a rel=\"noreferrer noopener\" href=\"http:\/\/www.gtk.uni-pannon.hu\/fooldal\/\" target=\"_blank\">Pannon Egyetem Gazdas\u00e1gtudom\u00e1nyi Kar<\/a><\/li>\n\n\n\n<li><a rel=\"noreferrer noopener\" href=\"http:\/\/ktk.pte.hu\/\" target=\"_blank\">P\u00e9csi Tudom\u00e1nyegyetem K\u00f6zgazdas\u00e1gtudom\u00e1nyi Kar<\/a><\/li>\n\n\n\n<li><a rel=\"noreferrer noopener\" href=\"http:\/\/lkk.uni-sopron.hu\/kezdolap\" target=\"_blank\">Soproni Egyetem L\u00e1mfalussy S\u00e1ndor K\u00f6zgazdas\u00e1gtudom\u00e1nyi Kar<\/a><\/li>\n\n\n\n<li><a rel=\"noreferrer noopener\" href=\"https:\/\/kgk.sze.hu\/kezdolap\" data-type=\"URL\" data-id=\"https:\/\/kgk.sze.hu\/kezdolap\" target=\"_blank\">Sz\u00e9chenyi Istv\u00e1n Egyetem Kautz Gyula Gazdas\u00e1gtudom\u00e1nyi Kar<\/a><\/li>\n\n\n\n<li><a rel=\"noreferrer noopener\" href=\"https:\/\/www.gtk.szie.hu\/\" target=\"_blank\">Szent Istv\u00e1n Egyetem Gazdas\u00e1g- \u00e9s T\u00e1rsadalomtudom\u00e1nyi Kar<\/a><\/li>\n<\/ul>","protected":false},"excerpt":{"rendered":"<p>Turizmusoktat\u00e1s (int\u00e9zm\u00e9nyek) K\u00f6zoktat\u00e1si int\u00e9zm\u00e9nyek Fels\u0151oktat\u00e1si int\u00e9zm\u00e9nyek<\/p>","protected":false},"author":1,"featured_media":0,"parent":27,"menu_order":0,"comment_status":"closed","ping_status":"closed","template":"","meta":{"ngg_post_thumbnail":0,"footnotes":""},"class_list":["post-42","page","type-page","status-publish","hentry"],"_links":{"self":[{"href":"https:\/\/konyvtar-idfo.uni-bge.hu\/en\/wp-json\/wp\/v2\/pages\/42","targetHints":{"allow":["GET"]}}],"collection":[{"href":"https:\/\/konyvtar-idfo.uni-bge.hu\/en\/wp-json\/wp\/v2\/pages"}],"about":[{"href":"https:\/\/konyvtar-idfo.uni-bge.hu\/en\/wp-json\/wp\/v2\/types\/page"}],"author":[{"embeddable":true,"href":"https:\/\/konyvtar-idfo.uni-bge.hu\/en\/wp-json\/wp\/v2\/users\/1"}],"replies":[{"embeddable":true,"href":"https:\/\/konyvtar-idfo.uni-bge.hu\/en\/wp-json\/wp\/v2\/comments?post=42"}],"version-history":[{"count":10,"href":"https:\/\/konyvtar-idfo.uni-bge.hu\/en\/wp-json\/wp\/v2\/pages\/42\/revisions"}],"predecessor-version":[{"id":999,"href":"https:\/\/konyvtar-idfo.uni-bge.hu\/en\/wp-json\/wp\/v2\/pages\/42\/revisions\/999"}],"up":[{"embeddable":true,"href":"https:\/\/konyvtar-idfo.uni-bge.hu\/en\/wp-json\/wp\/v2\/pages\/27"}],"wp:attachment":[{"href":"https:\/\/konyvtar-idfo.uni-bge.hu\/en\/wp-json\/wp\/v2\/media?parent=42"}],"curies":[{"name":"wp","href":"https:\/\/api.w.org\/{rel}","templated":true}]}}