{"id":5,"date":"2021-11-26T08:01:31","date_gmt":"2021-11-26T08:01:31","guid":{"rendered":"http:\/\/konyvtar.oditszapc.hu\/?page_id=5"},"modified":"2021-12-14T19:56:46","modified_gmt":"2021-12-14T19:56:46","slug":"rolunk","status":"publish","type":"page","link":"https:\/\/konyvtar-idfo.uni-bge.hu\/en\/rolunk\/","title":{"rendered":"About us"},"content":{"rendered":"<h2 class=\"wp-block-heading\">About us<\/h2>\n\n\n\n<div style=\"height:20px\" aria-hidden=\"true\" class=\"wp-block-spacer\"><\/div>\n\n\n\n<p>The Tourism Library is the only public library in the country, which has an almost full collection circuit in the field of tourism.<\/p>\n\n\n\n<p><strong>In the library can be found:<\/strong><\/p>\n\n\n\n<ul class=\"wp-block-list\"><li>tourism related hungarian and foreing language technical books, studies, surveys, statistics<\/li><li>materials of other tourism related fields, such as economy, ecology, psychology, history, etc.<\/li><li>guide books about Hungary and other countries in Hungarian and foreign languages<\/li><li>Hungarian magazines, weekly and daily newspapers<\/li><li>more than 20 professional journals in foreign language (in printed and electronic format)<\/li><li>online databases (scientific and professional journals, articles, E-books, case studies, conference documents, statistics)<\/li><li>Tematic press monitoring (from daily and weekly newspapers)<\/li><\/ul>","protected":false},"excerpt":{"rendered":"<p>R\u00f3lunk Az Idegenforgalmi Szakk\u00f6nyvt\u00e1r az orsz\u00e1g egyetlen olyan nyilv\u00e1nos k\u00f6nyvt\u00e1ra, amely a turizmus tekintet\u00e9ben k\u00f6zel teljes gy\u0171jt\u0151k\u00f6rrel rendelkezik. A k\u00f6nyvt\u00e1rban megtal\u00e1lhat\u00f3k: a turizmussal kapcsolatos magyar \u00e9s idegen nyelv\u0171 szakk\u00f6nyvek, tanulm\u00e1nyok, felm\u00e9r\u00e9sek, statisztik\u00e1k a turizmushoz kapcsol\u00f3d\u00f3 egy\u00e9b tudom\u00e1nyter\u00fcletek anyagai (pl. k\u00f6zgazdas\u00e1gi, \u00f6kol\u00f3giai, pszichol\u00f3giai, t\u00f6rt\u00e9nelmi, n\u00e9prajzi k\u00f6nyvek) \u00fatik\u00f6nyvek Magyarorsz\u00e1gr\u00f3l \u00e9s a vil\u00e1g orsz\u00e1gair\u00f3l, magyar \u00e9s idegen nyelven [&hellip;]<\/p>","protected":false},"author":1,"featured_media":0,"parent":0,"menu_order":0,"comment_status":"closed","ping_status":"closed","template":"","meta":{"ngg_post_thumbnail":0,"footnotes":""},"class_list":["post-5","page","type-page","status-publish","hentry"],"_links":{"self":[{"href":"https:\/\/konyvtar-idfo.uni-bge.hu\/en\/wp-json\/wp\/v2\/pages\/5","targetHints":{"allow":["GET"]}}],"collection":[{"href":"https:\/\/konyvtar-idfo.uni-bge.hu\/en\/wp-json\/wp\/v2\/pages"}],"about":[{"href":"https:\/\/konyvtar-idfo.uni-bge.hu\/en\/wp-json\/wp\/v2\/types\/page"}],"author":[{"embeddable":true,"href":"https:\/\/konyvtar-idfo.uni-bge.hu\/en\/wp-json\/wp\/v2\/users\/1"}],"replies":[{"embeddable":true,"href":"https:\/\/konyvtar-idfo.uni-bge.hu\/en\/wp-json\/wp\/v2\/comments?post=5"}],"version-history":[{"count":7,"href":"https:\/\/konyvtar-idfo.uni-bge.hu\/en\/wp-json\/wp\/v2\/pages\/5\/revisions"}],"predecessor-version":[{"id":347,"href":"https:\/\/konyvtar-idfo.uni-bge.hu\/en\/wp-json\/wp\/v2\/pages\/5\/revisions\/347"}],"wp:attachment":[{"href":"https:\/\/konyvtar-idfo.uni-bge.hu\/en\/wp-json\/wp\/v2\/media?parent=5"}],"curies":[{"name":"wp","href":"https:\/\/api.w.org\/{rel}","templated":true}]}}