{"id":591,"date":"2022-01-27T12:02:04","date_gmt":"2022-01-27T12:02:04","guid":{"rendered":"http:\/\/konyvtar-idfo.uni-bge.hu\/?page_id=591"},"modified":"2022-01-27T12:06:11","modified_gmt":"2022-01-27T12:06:11","slug":"statista","status":"publish","type":"page","link":"https:\/\/konyvtar-idfo.uni-bge.hu\/en\/adatbazisok\/statista\/","title":{"rendered":"Statista"},"content":{"rendered":"<h2 class=\"wp-block-heading\">Statista<\/h2>\n\n\n\n<p>One of the world\u2019s largest statistical and market data platforms, providing access to more than 1.5 million statistics, forecasts, files, reports and infographics. It covers more than 80,000 topics that focus not only on economics but also on social and demographic figures and facts. Although most of the content is produced by Statista, they also work with more than 22,500 other reputable sources. This database contains more than 1 million statistics, forecasts, documentation, reports and infographics on 80,000 topics and more than 22,500 sources.<\/p>\n\n\n\n<p><a href=\"https:\/\/www.statista.com\/\" data-type=\"URL\" data-id=\"https:\/\/www.statista.com\/\" target=\"_blank\" rel=\"noreferrer noopener\">Enter the database<\/a> (access from library's IP adress or VPN remote access)<\/p>","protected":false},"excerpt":{"rendered":"<p>Statista A vil\u00e1g egyik legnagyobb statisztikai \u00e9s piaci adatplatformja, amely t\u00f6bb mint 1,5 milli\u00f3 statisztikai adathoz, el\u0151rejelz\u00e9shez, akt\u00e1hoz, jelent\u00e9shez \u00e9s infografik\u00e1hoz biztos\u00edt hozz\u00e1f\u00e9r\u00e9st. T\u00f6bb mint 80 000 t\u00e9m\u00e1t \u00f6lel fel, amelyek nemcsak a k\u00f6zgazdas\u00e1gtanra, hanem a t\u00e1rsadalmi \u00e9s demogr\u00e1fiai sz\u00e1mokra \u00e9s t\u00e9nyekre is fokusz\u00e1lnak. Noha a tartalmak nagy r\u00e9sz\u00e9t a Statista k\u00e9sz\u00edti, t\u00f6bb mint 22.500 [&hellip;]<\/p>\n","protected":false},"author":1,"featured_media":0,"parent":123,"menu_order":0,"comment_status":"closed","ping_status":"closed","template":"","meta":{"ngg_post_thumbnail":0,"footnotes":""},"class_list":["post-591","page","type-page","status-publish","hentry"],"_links":{"self":[{"href":"https:\/\/konyvtar-idfo.uni-bge.hu\/en\/wp-json\/wp\/v2\/pages\/591","targetHints":{"allow":["GET"]}}],"collection":[{"href":"https:\/\/konyvtar-idfo.uni-bge.hu\/en\/wp-json\/wp\/v2\/pages"}],"about":[{"href":"https:\/\/konyvtar-idfo.uni-bge.hu\/en\/wp-json\/wp\/v2\/types\/page"}],"author":[{"embeddable":true,"href":"https:\/\/konyvtar-idfo.uni-bge.hu\/en\/wp-json\/wp\/v2\/users\/1"}],"replies":[{"embeddable":true,"href":"https:\/\/konyvtar-idfo.uni-bge.hu\/en\/wp-json\/wp\/v2\/comments?post=591"}],"version-history":[{"count":2,"href":"https:\/\/konyvtar-idfo.uni-bge.hu\/en\/wp-json\/wp\/v2\/pages\/591\/revisions"}],"predecessor-version":[{"id":593,"href":"https:\/\/konyvtar-idfo.uni-bge.hu\/en\/wp-json\/wp\/v2\/pages\/591\/revisions\/593"}],"up":[{"embeddable":true,"href":"https:\/\/konyvtar-idfo.uni-bge.hu\/en\/wp-json\/wp\/v2\/pages\/123"}],"wp:attachment":[{"href":"https:\/\/konyvtar-idfo.uni-bge.hu\/en\/wp-json\/wp\/v2\/media?parent=591"}],"curies":[{"name":"wp","href":"https:\/\/api.w.org\/{rel}","templated":true}]}}