{"id":604,"date":"2022-03-03T10:44:25","date_gmt":"2022-03-03T10:44:25","guid":{"rendered":"http:\/\/konyvtar-idfo.uni-bge.hu\/?page_id=604"},"modified":"2024-05-13T16:47:11","modified_gmt":"2024-05-13T14:47:11","slug":"tematikus-idegennyelvu-cikkbibliografia","status":"publish","type":"page","link":"https:\/\/konyvtar-idfo.uni-bge.hu\/en\/tematikus-idegennyelvu-cikkbibliografia\/","title":{"rendered":"Thematc article-bibliography"},"content":{"rendered":"<h2 class=\"wp-block-heading\">Thematc article-bibliography<\/h2>\n\n\n\n<p>Our library creates quarterly a bibliograph from the processed articles.<\/p>\n\n\n\n<ul class=\"has-sky-blue-color has-text-color wp-block-list\">\n<li><a href=\"https:\/\/konyvtar-idfo.uni-bge.hu\/wp-content\/uploads\/2024\/05\/Tematikus-idegen-nyelvu-cikkbibliografia_2024-1.pdf\" data-type=\"attachment\" data-id=\"1173\" target=\"_blank\" rel=\"noreferrer noopener\">2024-1<\/a><\/li>\n\n\n\n<li><a href=\"http:\/\/konyvtar-idfo.uni-bge.hu\/wp-content\/uploads\/2024\/01\/Tematikus-idegen-nyelvu-cikkbibliografia_2023-4.pdf\" data-type=\"URL\" data-id=\"http:\/\/konyvtar-idfo.uni-bge.hu\/wp-content\/uploads\/2024\/01\/Tematikus-idegen-nyelvu-cikkbibliografia_2023-4.pdf\" target=\"_blank\" rel=\"noreferrer noopener\">2023-4<\/a><\/li>\n\n\n\n<li><a rel=\"noreferrer noopener\" href=\"http:\/\/konyvtar-idfo.uni-bge.hu\/wp-content\/uploads\/2023\/10\/Tematikus-idegen-nyelvu-cikkbibliografia_2023-3.pdf\" data-type=\"URL\" data-id=\"http:\/\/konyvtar-idfo.uni-bge.hu\/wp-content\/uploads\/2023\/10\/Tematikus-idegen-nyelvu-cikkbibliografia_2023-3.pdf\" target=\"_blank\">2023-3<\/a><\/li>\n\n\n\n<li><a rel=\"noreferrer noopener\" href=\"http:\/\/konyvtar-idfo.uni-bge.hu\/wp-content\/uploads\/2023\/08\/Tematikus-idegen-nyelvu-cikkbibliografia_2023-2.pdf\" data-type=\"URL\" data-id=\"http:\/\/konyvtar-idfo.uni-bge.hu\/wp-content\/uploads\/2023\/08\/Tematikus-idegen-nyelvu-cikkbibliografia_2023-2.pdf\" target=\"_blank\">2023-2<\/a><\/li>\n\n\n\n<li><a rel=\"noreferrer noopener\" href=\"http:\/\/konyvtar-idfo.uni-bge.hu\/wp-content\/uploads\/2023\/06\/Tematikus-idegen-nyelvu-cikkbibliografia_2023-1.pdf\" data-type=\"URL\" data-id=\"http:\/\/konyvtar-idfo.uni-bge.hu\/wp-content\/uploads\/2023\/06\/Tematikus-idegen-nyelvu-cikkbibliografia_2023-1.pdf\" target=\"_blank\">2023-1<\/a><\/li>\n\n\n\n<li><a rel=\"noreferrer noopener\" href=\"http:\/\/konyvtar-idfo.uni-bge.hu\/wp-content\/uploads\/2023\/02\/Tematikus-idegen-nyelvu-cikkbibliografia_2022-4.pdf\" data-type=\"URL\" data-id=\"http:\/\/konyvtar-idfo.uni-bge.hu\/wp-content\/uploads\/2023\/02\/Tematikus-idegen-nyelvu-cikkbibliografia_2022-4.pdf\" target=\"_blank\">2022-4<\/a><\/li>\n\n\n\n<li><a rel=\"noreferrer noopener\" href=\"http:\/\/konyvtar-idfo.uni-bge.hu\/wp-content\/uploads\/2022\/11\/Tematikus-idegen-nyelvu-cikkbibliografia_2022-3.pdf\" data-type=\"URL\" data-id=\"http:\/\/konyvtar-idfo.uni-bge.hu\/wp-content\/uploads\/2022\/11\/Tematikus-idegen-nyelvu-cikkbibliografia_2022-3.pdf\" target=\"_blank\">2022-3<\/a><\/li>\n\n\n\n<li><a rel=\"noreferrer noopener\" href=\"http:\/\/konyvtar-idfo.uni-bge.hu\/wp-content\/uploads\/2022\/07\/Tematikus-idegen-nyelvu-cikkbibliografia_2022-2.pdf\" data-type=\"URL\" data-id=\"http:\/\/konyvtar-idfo.uni-bge.hu\/wp-content\/uploads\/2022\/07\/Tematikus-idegen-nyelvu-cikkbibliografia_2022-2.pdf\" target=\"_blank\">2022-2<\/a><\/li>\n\n\n\n<li><a rel=\"noreferrer noopener\" href=\"http:\/\/konyvtar-idfo.uni-bge.hu\/wp-content\/uploads\/2022\/05\/Tematikus-idegen-nyelvu-cikkbibliografia_2022-1.pdf\" data-type=\"URL\" data-id=\"http:\/\/konyvtar-idfo.uni-bge.hu\/wp-content\/uploads\/2022\/05\/Tematikus-idegen-nyelvu-cikkbibliografia_2022-1.pdf\" target=\"_blank\"><mark style=\"background-color:rgba(0, 0, 0, 0)\" class=\"has-inline-color has-sky-blue-color\">2022-1<\/mark><\/a><\/li>\n\n\n\n<li><a rel=\"noreferrer noopener\" href=\"http:\/\/konyvtar-idfo.uni-bge.hu\/wp-content\/uploads\/2022\/03\/Tematikus-idegen-nyelvu-cikkbibliografia_2021-4.pdf\" target=\"_blank\">2021-4<\/a><\/li>\n\n\n\n<li><a rel=\"noreferrer noopener\" href=\"http:\/\/konyvtar-idfo.uni-bge.hu\/wp-content\/uploads\/2022\/03\/Tematikus-idegen-nyelvu-cikkbibliografia_2021-3.pdf\" target=\"_blank\">2021-3<\/a><\/li>\n\n\n\n<li><a rel=\"noreferrer noopener\" href=\"http:\/\/konyvtar-idfo.uni-bge.hu\/wp-content\/uploads\/2022\/03\/Tematikus-idegen-nyelvu-cikkbibliografia_2021-2.pdf\" target=\"_blank\">2021-2<\/a><\/li>\n\n\n\n<li><a rel=\"noreferrer noopener\" href=\"http:\/\/konyvtar-idfo.uni-bge.hu\/wp-content\/uploads\/2022\/03\/Tematikus-idegen-nyelvu-cikkbibliografia_2021-1.pdf\" data-type=\"URL\" data-id=\"http:\/\/konyvtar-idfo.uni-bge.hu\/wp-content\/uploads\/2022\/03\/Tematikus-idegen-nyelvu-cikkbibliografia_2021-1.pdf\" target=\"_blank\">2021-1<\/a><\/li>\n\n\n\n<li><a rel=\"noreferrer noopener\" href=\"http:\/\/konyvtar-idfo.uni-bge.hu\/wp-content\/uploads\/2022\/03\/Tematikus-idegen-nyelvu-cikkbibliografia_2020-4.pdf\" target=\"_blank\">2020-4<\/a><\/li>\n\n\n\n<li><a rel=\"noreferrer noopener\" href=\"http:\/\/konyvtar-idfo.uni-bge.hu\/wp-content\/uploads\/2022\/03\/Tematikus-idegen-nyelvu-cikkbibliografia_2020-3.pdf\" target=\"_blank\">2020-3<\/a><\/li>\n\n\n\n<li><a rel=\"noreferrer noopener\" href=\"http:\/\/konyvtar-idfo.uni-bge.hu\/wp-content\/uploads\/2022\/03\/Tematikus-idegen-nyelvu-cikkbibliografia_2020-2.pdf\" target=\"_blank\">2020-2<\/a><\/li>\n\n\n\n<li><a rel=\"noreferrer noopener\" href=\"http:\/\/konyvtar-idfo.uni-bge.hu\/wp-content\/uploads\/2022\/03\/Tematikus-idegen-nyelvu-cikkbibliografia_2020-1.pdf\" data-type=\"URL\" data-id=\"http:\/\/konyvtar-idfo.uni-bge.hu\/wp-content\/uploads\/2022\/03\/Tematikus-idegen-nyelvu-cikkbibliografia_2020-1.pdf\" target=\"_blank\">2020-1<\/a><\/li>\n<\/ul>","protected":false},"excerpt":{"rendered":"<p>Tematikus idegen nyelv\u0171 cikkbibliogr\u00e1fia K\u00f6nyvt\u00e1runkban negyed\u00e9vente k\u00e9sz\u00fcl az idegen nyelv\u0171 szakfoly\u00f3iratokban feldolgozott cikkekb\u0151l tematikus bibliogr\u00e1fia. A gy\u0171jt\u00e9s a linkekre kattintva \u00e9rhet\u0151 el.<\/p>","protected":false},"author":1,"featured_media":0,"parent":0,"menu_order":0,"comment_status":"closed","ping_status":"closed","template":"","meta":{"ngg_post_thumbnail":0,"footnotes":""},"class_list":["post-604","page","type-page","status-publish","hentry"],"_links":{"self":[{"href":"https:\/\/konyvtar-idfo.uni-bge.hu\/en\/wp-json\/wp\/v2\/pages\/604","targetHints":{"allow":["GET"]}}],"collection":[{"href":"https:\/\/konyvtar-idfo.uni-bge.hu\/en\/wp-json\/wp\/v2\/pages"}],"about":[{"href":"https:\/\/konyvtar-idfo.uni-bge.hu\/en\/wp-json\/wp\/v2\/types\/page"}],"author":[{"embeddable":true,"href":"https:\/\/konyvtar-idfo.uni-bge.hu\/en\/wp-json\/wp\/v2\/users\/1"}],"replies":[{"embeddable":true,"href":"https:\/\/konyvtar-idfo.uni-bge.hu\/en\/wp-json\/wp\/v2\/comments?post=604"}],"version-history":[{"count":19,"href":"https:\/\/konyvtar-idfo.uni-bge.hu\/en\/wp-json\/wp\/v2\/pages\/604\/revisions"}],"predecessor-version":[{"id":1174,"href":"https:\/\/konyvtar-idfo.uni-bge.hu\/en\/wp-json\/wp\/v2\/pages\/604\/revisions\/1174"}],"wp:attachment":[{"href":"https:\/\/konyvtar-idfo.uni-bge.hu\/en\/wp-json\/wp\/v2\/media?parent=604"}],"curies":[{"name":"wp","href":"https:\/\/api.w.org\/{rel}","templated":true}]}}