{"id":7,"date":"2021-11-26T08:01:55","date_gmt":"2021-11-26T08:01:55","guid":{"rendered":"http:\/\/konyvtar.oditszapc.hu\/?page_id=7"},"modified":"2021-12-14T19:57:10","modified_gmt":"2021-12-14T19:57:10","slug":"konyvtarunk-tortenete","status":"publish","type":"page","link":"https:\/\/konyvtar-idfo.uni-bge.hu\/en\/rolunk\/konyvtarunk-tortenete\/","title":{"rendered":"Library's history"},"content":{"rendered":"<h2 class=\"wp-block-heading\">Library's history<\/h2>\n\n\n\n<div style=\"height:20px\" aria-hidden=\"true\" class=\"wp-block-spacer\"><\/div>\n\n\n\n<p>The Tourism Library is Hungary's only professional library, which has a full collection circuit on the field of tourism. Its predecessor the Hungarian Tourism Reasearch Institution's and the IBUSZ Tourism Reasearch Institution's library was founded before 1945. Their collection was the foundation to the National Tourism Bureau's library in 1969. Due to its changes from 1980 it belongs to the College of Commerce, Catering and Tourism, which is now the BBS's faculty.<\/p>\n\n\n\n<p>N\u00e9h\u00e1ny adal\u00e9k az el\u0151z\u0151ekben le\u00edrt sz\u0171kszav\u00fa k\u00f6nyvt\u00e1rt\u00f6rt\u00e9nethez, \u00edgy megvil\u00e1g\u00edtva az el\u0151zm\u00e9nyeket \u00e9s a k\u00f6nyvt\u00e1r sok esetben h\u00e1nyattatott sors\u00e1t: Az int\u00e9zm\u00e9ny mint Idegenforgalmi Szakk\u00f6nyvt\u00e1r 1968-ban alakult a felsz\u00e1molt IBUSZ Idegenforgalmi Kutat\u00f3 (alap\u00edtva 1945 el\u0151tt) maradv\u00e1nyk\u00f6nyveib\u0151l.<br>A maradv\u00e1nyk\u00f6nyvek magyar\u00e1zata a k\u00f6vetkez\u0151: volt egyszer egy IBUSZ-vez\u00e9rigazgat\u00f3, aki annak el\u0151tte m\u00e1r a miniszters\u00e9get is megj\u00e1rta. \u0150 \u00fagy tal\u00e1lta, hogy felesleges a kutat\u00f3 a k\u00f6nyvt\u00e1rral egyetemben, lehordatta h\u00e1t a k\u00f6nyveket egy szenespinc\u00e9be. Szerencs\u00e9re mindig akadtak el\u0151bbre tekint\u0151 emberek is, mint p\u00e9ld\u00e1ul G\u00e1l Ferenc, az OIH Idegenforgalmi T\u00e1j\u00e9koztat\u00f3 Szolg\u00e1lat\u00e1nak igazgat\u00f3ja, aki megpr\u00f3b\u00e1lta menteni, ami menthet\u0151, s a maradv\u00e1nyb\u00f3l l\u00e9trehozta az Idegenforgalmi Szakk\u00f6nyvt\u00e1rat. Ez teljesen z\u00e1rt jelleggel m\u0171k\u00f6d\u00f6tt, feladata a hivatal \u00e9s a t\u00e1j\u00e9koztat\u00f3 szolg\u00e1lat munk\u00e1j\u00e1nak seg\u00edt\u00e9se, az \u00fatik\u00f6nyv-kiad\u00e1s szakanyaggal val\u00f3 ell\u00e1t\u00e1sa volt. K\u00fcl\u00f6n teend\u0151i k\u00f6z\u00e9 tartozott a k\u00fclf\u00f6ldi \u00fajs\u00e1g\u00edr\u00f3k ell\u00e1t\u00e1sa h\u00e1tt\u00e9r- \u00e9s k\u00e9panyaggal, a sv\u00e1jci ARGUS sajt\u00f3figyel\u0151-szolg\u00e1laton kereszt\u00fcl pedig a Magyarorsz\u00e1gr\u00f3l sz\u00f3l\u00f3 idegenforgalmi h\u00edrek figyeltet\u00e9se, feldolgoz\u00e1sa is.<\/p>\n\n\n\n<p>1980-ban a belkereskedelmi miniszter megsz\u00fcntette az OIH \u00f6n\u00e1ll\u00f3s\u00e1g\u00e1t, saj\u00e1t k\u00f6nyvt\u00e1r\u00e1nak fenntart\u00e1s\u00e1t nem enged\u00e9lyezte, \u00e9s felsz\u00e1molta az Idegenforgalmi T\u00e1j\u00e9koztat\u00f3 Szolg\u00e1latot is. Feladatk\u00f6r\u00e9t az Idegenforgalmi Propaganda V\u00e1llalatnak adta, de ez a k\u00f6nyvt\u00e1rat nem vette \u00e1t, mert nem hoz profitot. Ekkor dr. Tam\u00e1s Gy\u00f6rgy \u00e9s dr. Lengyel M\u00e1rton megegyezett, hogy a k\u00f6nyvt\u00e1r egy\u00fcttm\u0171k\u00f6d\u00e9si szerz\u0151d\u00e9s keret\u00e9ben a Kereskedelmi \u00e9s Vend\u00e9gl\u00e1t\u00f3ipari F\u0151iskol\u00e1hoz ker\u00fclj\u00f6n, ahol akkoriban kezdtek hozz\u00e1 komolyabban az idegenforgalom oktat\u00e1s\u00e1hoz, ehhez azonban egy\u00e1ltal\u00e1n nem rendelkeztek megfelel\u0151 szakk\u00f6nyvekkel. Az egy\u00fcttm\u0171k\u00f6d\u00e9si szerz\u0151d\u00e9s seg\u00edtett meg\u0151rizni \u00e9s egyben tartani a k\u00f6nyvt\u00e1r anyag\u00e1t. A t\u00f6rt\u00e9net Pataky Edit k\u00f6nyvt\u00e1rvezet\u0151 cikke nyom\u00e1n k\u00e9sz\u00fclt, amely a K\u00f6nyvt\u00e1ri Levelez\u0151\/Lap 1994. 1. sz\u00e1m\u00e1ban jelent meg.<\/p>","protected":false},"excerpt":{"rendered":"<p>K\u00f6nyvt\u00e1runk t\u00f6rt\u00e9nete Az Idegenforgalmi Szakk\u00f6nyvt\u00e1r Magyarorsz\u00e1g egyetlen olyan szakmai k\u00f6nyvt\u00e1ra, amely az idegenforgalom tekintet\u00e9ben teljes gy\u0171jt\u0151k\u00f6rrel m\u0171k\u00f6dik. El\u0151dje az 1945 el\u0151tt alap\u00edtott Magyar Idegenforgalmi Kutat\u00f3 Int\u00e9zet, \u00e9s az IBUSZ Idegenforgalmi Kutat\u00f3 Int\u00e9zet szakk\u00f6nyvt\u00e1ra volt. Ezek \u00e1llom\u00e1ny\u00e1ra alapozva hozta l\u00e9tre az Orsz\u00e1gos Idegenforgalmi Hivatal a szakk\u00f6nyvt\u00e1rat 1969-ben. Az Orsz\u00e1gos Idegenforgalmi Hivatal szervezet\u00e9ben 1980-ban bek\u00f6vetkezett v\u00e1ltoz\u00e1sok \u00f3ta [&hellip;]<\/p>","protected":false},"author":1,"featured_media":0,"parent":5,"menu_order":0,"comment_status":"closed","ping_status":"closed","template":"","meta":{"ngg_post_thumbnail":0,"footnotes":""},"class_list":["post-7","page","type-page","status-publish","hentry"],"_links":{"self":[{"href":"https:\/\/konyvtar-idfo.uni-bge.hu\/en\/wp-json\/wp\/v2\/pages\/7","targetHints":{"allow":["GET"]}}],"collection":[{"href":"https:\/\/konyvtar-idfo.uni-bge.hu\/en\/wp-json\/wp\/v2\/pages"}],"about":[{"href":"https:\/\/konyvtar-idfo.uni-bge.hu\/en\/wp-json\/wp\/v2\/types\/page"}],"author":[{"embeddable":true,"href":"https:\/\/konyvtar-idfo.uni-bge.hu\/en\/wp-json\/wp\/v2\/users\/1"}],"replies":[{"embeddable":true,"href":"https:\/\/konyvtar-idfo.uni-bge.hu\/en\/wp-json\/wp\/v2\/comments?post=7"}],"version-history":[{"count":10,"href":"https:\/\/konyvtar-idfo.uni-bge.hu\/en\/wp-json\/wp\/v2\/pages\/7\/revisions"}],"predecessor-version":[{"id":348,"href":"https:\/\/konyvtar-idfo.uni-bge.hu\/en\/wp-json\/wp\/v2\/pages\/7\/revisions\/348"}],"up":[{"embeddable":true,"href":"https:\/\/konyvtar-idfo.uni-bge.hu\/en\/wp-json\/wp\/v2\/pages\/5"}],"wp:attachment":[{"href":"https:\/\/konyvtar-idfo.uni-bge.hu\/en\/wp-json\/wp\/v2\/media?parent=7"}],"curies":[{"name":"wp","href":"https:\/\/api.w.org\/{rel}","templated":true}]}}