{"id":852,"date":"2023-01-23T15:47:26","date_gmt":"2023-01-23T14:47:26","guid":{"rendered":"http:\/\/konyvtar-idfo.uni-bge.hu\/?page_id=852"},"modified":"2023-01-23T15:48:55","modified_gmt":"2023-01-23T14:48:55","slug":"852-2","status":"publish","type":"page","link":"https:\/\/konyvtar-idfo.uni-bge.hu\/en\/852-2\/","title":{"rendered":"L&#8217;Harmattan"},"content":{"rendered":"<h2 class=\"wp-block-heading\">L&#8217;Harmattan Open Access<\/h2>\n\n\n\n<p>A L\u2019Harmattan Kiad\u00f3 szak- \u00e9s tank\u00f6nyveit, valamint sz\u00e9pirodalmi m\u0171veket tartalmaz. A L&#8217;Harmattan Arch\u00edvum folyamatosan b\u0151v\u00fcl\u0151 adatb\u00e1zisa a kiad\u00f3 kor\u00e1bban megjelent m\u0171veinek v\u00e1logat\u00e1s\u00e1t ny\u00fajtja. A&nbsp;k\u00f6nyves adatb\u00e1zis sz\u00e1mos funkci\u00f3val, gazdag metaadat \u00e1llom\u00e1nnyal seg\u00edti a felhaszn\u00e1l\u00f3t a kiadv\u00e1nyokban val\u00f3 eligazod\u00e1sban, a b\u00f6ng\u00e9sz\u00e9sben \u00e9s keres\u00e9sben.<\/p>\n\n\n\n<p><a href=\"https:\/\/openaccess.hu\/\" data-type=\"URL\" data-id=\"https:\/\/openaccess.hu\/\" target=\"_blank\" rel=\"noreferrer noopener\">Enter the database<\/a> (access from library's IP adress or VPN remote access)<\/p>","protected":false},"excerpt":{"rendered":"<p>L&#8217;Harmattan Open Access A L\u2019Harmattan Kiad\u00f3 szak- \u00e9s tank\u00f6nyveit, valamint sz\u00e9pirodalmi m\u0171veket tartalmaz. A L&#8217;Harmattan Arch\u00edvum folyamatosan b\u0151v\u00fcl\u0151 adatb\u00e1zisa a kiad\u00f3 kor\u00e1bban megjelent m\u0171veinek v\u00e1logat\u00e1s\u00e1t ny\u00fajtja. A&nbsp;k\u00f6nyves adatb\u00e1zis sz\u00e1mos funkci\u00f3val, gazdag metaadat \u00e1llom\u00e1nnyal seg\u00edti a felhaszn\u00e1l\u00f3t a kiadv\u00e1nyokban val\u00f3 eligazod\u00e1sban, a b\u00f6ng\u00e9sz\u00e9sben \u00e9s keres\u00e9sben. Bel\u00e9p\u00e9s az adatb\u00e1zisba (el\u00e9r\u00e9s: k\u00f6nyvt\u00e1ri IP-c\u00edmr\u0151l)<\/p>","protected":false},"author":1,"featured_media":0,"parent":0,"menu_order":0,"comment_status":"closed","ping_status":"closed","template":"","meta":{"ngg_post_thumbnail":0,"footnotes":""},"class_list":["post-852","page","type-page","status-publish","hentry"],"_links":{"self":[{"href":"https:\/\/konyvtar-idfo.uni-bge.hu\/en\/wp-json\/wp\/v2\/pages\/852","targetHints":{"allow":["GET"]}}],"collection":[{"href":"https:\/\/konyvtar-idfo.uni-bge.hu\/en\/wp-json\/wp\/v2\/pages"}],"about":[{"href":"https:\/\/konyvtar-idfo.uni-bge.hu\/en\/wp-json\/wp\/v2\/types\/page"}],"author":[{"embeddable":true,"href":"https:\/\/konyvtar-idfo.uni-bge.hu\/en\/wp-json\/wp\/v2\/users\/1"}],"replies":[{"embeddable":true,"href":"https:\/\/konyvtar-idfo.uni-bge.hu\/en\/wp-json\/wp\/v2\/comments?post=852"}],"version-history":[{"count":3,"href":"https:\/\/konyvtar-idfo.uni-bge.hu\/en\/wp-json\/wp\/v2\/pages\/852\/revisions"}],"predecessor-version":[{"id":855,"href":"https:\/\/konyvtar-idfo.uni-bge.hu\/en\/wp-json\/wp\/v2\/pages\/852\/revisions\/855"}],"wp:attachment":[{"href":"https:\/\/konyvtar-idfo.uni-bge.hu\/en\/wp-json\/wp\/v2\/media?parent=852"}],"curies":[{"name":"wp","href":"https:\/\/api.w.org\/{rel}","templated":true}]}}